{"id":9420,"date":"2021-03-22T18:23:10","date_gmt":"2021-03-22T17:23:10","guid":{"rendered":"https:\/\/parfumminis.com\/?post_type=product&#038;p=9420"},"modified":"2021-03-22T18:25:23","modified_gmt":"2021-03-22T17:25:23","slug":"rosenparfum-rose-perfume-5","status":"publish","type":"product","link":"https:\/\/parfumminis.com\/en\/shop\/parfumminiaturen\/minis-b\/bulgaria1608804013\/rosenparfum-rose-perfume-5\/","title":{"rendered":"Rosenparfum | Rose perfume"},"content":{"rendered":"<p><span style=\"color: #615043\"><span style=\"font-family: Trebuchet MS,verdana,sans-serif\">ca. 3 ml Parfum, Glasr\u00f6hrchen mit Papieretikett &amp; rotem Aufdruck, <\/span><\/span><span style=\"color: #615043\"><span style=\"font-family: Trebuchet MS,verdana,sans-serif\">in sch\u00f6n bemaltem Holzbeh\u00e4lter<\/span><\/span><span style=\"color: #615043\"><span style=\"font-family: Trebuchet MS,verdana,sans-serif\">, 88 mm hoch<br \/>\napprox. 1\/10 perfume, glass vial w\/ paper label &amp; red print, in pretty painted wooden container, 88 mm tall<br \/>\n<\/span><\/span><\/p>","protected":false},"excerpt":{"rendered":"<p>ca. 3 ml Parfum, Glasr\u00f6hrchen mit Papieretikett &amp; rotem Aufdruck, in sch\u00f6n bemaltem Holzbeh\u00e4lter, 88 mm hoch approx. 1\/10 perfume, glass vial w\/ paper label &amp; red print, in pretty painted wooden container, 88 mm tall<\/p>","protected":false},"featured_media":9421,"comment_status":"open","ping_status":"closed","template":"","meta":[],"product_brand":[],"product_cat":[732],"product_tag":[1863,1419,1424,1862],"class_list":{"0":"post-9420","1":"product","2":"type-product","3":"status-publish","4":"has-post-thumbnail","6":"product_cat-bulgaria1608804013","7":"product_tag-bulgarien","8":"product_tag-miniature-perfume-bottle","9":"product_tag-parfumminiatur","10":"product_tag-rosenparfum","12":"first","13":"instock","14":"taxable","15":"shipping-taxable","16":"purchasable","17":"product-type-simple"},"_links":{"self":[{"href":"https:\/\/parfumminis.com\/en\/wp-json\/wp\/v2\/product\/9420","targetHints":{"allow":["GET"]}}],"collection":[{"href":"https:\/\/parfumminis.com\/en\/wp-json\/wp\/v2\/product"}],"about":[{"href":"https:\/\/parfumminis.com\/en\/wp-json\/wp\/v2\/types\/product"}],"replies":[{"embeddable":true,"href":"https:\/\/parfumminis.com\/en\/wp-json\/wp\/v2\/comments?post=9420"}],"wp:featuredmedia":[{"embeddable":true,"href":"https:\/\/parfumminis.com\/en\/wp-json\/wp\/v2\/media\/9421"}],"wp:attachment":[{"href":"https:\/\/parfumminis.com\/en\/wp-json\/wp\/v2\/media?parent=9420"}],"wp:term":[{"taxonomy":"product_brand","embeddable":true,"href":"https:\/\/parfumminis.com\/en\/wp-json\/wp\/v2\/product_brand?post=9420"},{"taxonomy":"product_cat","embeddable":true,"href":"https:\/\/parfumminis.com\/en\/wp-json\/wp\/v2\/product_cat?post=9420"},{"taxonomy":"product_tag","embeddable":true,"href":"https:\/\/parfumminis.com\/en\/wp-json\/wp\/v2\/product_tag?post=9420"}],"curies":[{"name":"wp","href":"https:\/\/api.w.org\/{rel}","templated":true}]}}