{"id":8946,"date":"2021-03-07T17:24:17","date_gmt":"2021-03-07T16:24:17","guid":{"rendered":"https:\/\/parfumminis.com\/?post_type=product&#038;p=8946"},"modified":"2021-03-21T10:54:09","modified_gmt":"2021-03-21T09:54:09","slug":"laimant-15ml-pdt-v3","status":"publish","type":"product","link":"https:\/\/parfumminis.com\/en\/shop\/parfumminiaturen-alt-vintage\/coty1608804731\/laimant-15ml-pdt-v3\/","title":{"rendered":"L&#8217;Aimant 15ml PdT V3"},"content":{"rendered":"<p><span style=\"color: #615043\"><span style=\"font-family: Trebuchet MS,verdana,sans-serif\">ALT &#8211; 15 ml PdT, wei\u00dfer Schraubverschlu\u00df, wei\u00dfer Druck, 79 mm hoch<br \/>\nVINTAGE &#8211; 1\/2 fl.oz PdT, white screw-on lid, white print, 79 mm tall<br \/>\n<\/span><\/span><\/p>","protected":false},"excerpt":{"rendered":"<p>ALT &#8211; 15 ml PdT, wei\u00dfer Schraubverschlu\u00df, wei\u00dfer Druck, 79 mm hoch VINTAGE &#8211; 1\/2 fl.oz PdT, white screw-on lid, white print, 79 mm tall<\/p>","protected":false},"featured_media":8947,"comment_status":"open","ping_status":"closed","template":"","meta":[],"product_brand":[],"product_cat":[760,1107],"product_tag":[1416,1453,1419,1424],"class_list":{"0":"post-8946","1":"product","2":"type-product","3":"status-publish","4":"has-post-thumbnail","6":"product_cat-coty1608804065","7":"product_cat-coty1608804731","8":"product_tag-coty","9":"product_tag-laimant","10":"product_tag-miniature-perfume-bottle","11":"product_tag-parfumminiatur","13":"first","14":"instock","15":"taxable","16":"shipping-taxable","17":"purchasable","18":"product-type-simple"},"_links":{"self":[{"href":"https:\/\/parfumminis.com\/en\/wp-json\/wp\/v2\/product\/8946","targetHints":{"allow":["GET"]}}],"collection":[{"href":"https:\/\/parfumminis.com\/en\/wp-json\/wp\/v2\/product"}],"about":[{"href":"https:\/\/parfumminis.com\/en\/wp-json\/wp\/v2\/types\/product"}],"replies":[{"embeddable":true,"href":"https:\/\/parfumminis.com\/en\/wp-json\/wp\/v2\/comments?post=8946"}],"wp:featuredmedia":[{"embeddable":true,"href":"https:\/\/parfumminis.com\/en\/wp-json\/wp\/v2\/media\/8947"}],"wp:attachment":[{"href":"https:\/\/parfumminis.com\/en\/wp-json\/wp\/v2\/media?parent=8946"}],"wp:term":[{"taxonomy":"product_brand","embeddable":true,"href":"https:\/\/parfumminis.com\/en\/wp-json\/wp\/v2\/product_brand?post=8946"},{"taxonomy":"product_cat","embeddable":true,"href":"https:\/\/parfumminis.com\/en\/wp-json\/wp\/v2\/product_cat?post=8946"},{"taxonomy":"product_tag","embeddable":true,"href":"https:\/\/parfumminis.com\/en\/wp-json\/wp\/v2\/product_tag?post=8946"}],"curies":[{"name":"wp","href":"https:\/\/api.w.org\/{rel}","templated":true}]}}