{"id":8764,"date":"2021-03-05T16:59:07","date_gmt":"2021-03-05T15:59:07","guid":{"rendered":"https:\/\/parfumminis.com\/?post_type=product&#038;p=8764"},"modified":"2021-03-21T11:02:36","modified_gmt":"2021-03-21T10:02:36","slug":"paris-10ml-parfum","status":"publish","type":"product","link":"https:\/\/parfumminis.com\/en\/shop\/parfumminiaturen-alt-vintage\/coty1608804731\/paris-10ml-parfum\/","title":{"rendered":"Paris 10ml Parfum"},"content":{"rendered":"<p><span style=\"color: #615043\"><span style=\"font-family: Trebuchet MS,verdana,sans-serif\">ALT &#8211; ca. 10 ml Parfum, eingeschliffener Glasverschlu\u00df, silbernes Etikett mit blau gepr\u00e4gter Schrift, 57 mm hoch, mit Metallgeh\u00e4use; Glas an der R\u00fcckseite am Boden besch\u00e4digt<br \/>\nVINTAGE &#8211; approx. 1\/3 fl.oz perfume, cut glass stopper, silver label w\/ blue embossed print, 57 mm tall, w\/ metal casing; damage to the glass on backside near bottom<br \/>\n<\/span><\/span><\/p>","protected":false},"excerpt":{"rendered":"<p>ALT &#8211; ca. 10 ml Parfum, eingeschliffener Glasverschlu\u00df, silbernes Etikett mit blau gepr\u00e4gter Schrift, 57 mm hoch, mit Metallgeh\u00e4use; Glas an der R\u00fcckseite am Boden besch\u00e4digt VINTAGE &#8211; approx. 1\/3 fl.oz perfume, cut glass stopper, silver label w\/ blue embossed print, 57 mm tall, w\/ metal casing; damage to the glass on backside near bottom<\/p>","protected":false},"featured_media":8765,"comment_status":"open","ping_status":"closed","template":"","meta":[],"product_brand":[],"product_cat":[760,1107],"product_tag":[1416,1419,1424,1428],"class_list":{"0":"post-8764","1":"product","2":"type-product","3":"status-publish","4":"has-post-thumbnail","6":"product_cat-coty1608804065","7":"product_cat-coty1608804731","8":"product_tag-coty","9":"product_tag-miniature-perfume-bottle","10":"product_tag-parfumminiatur","11":"product_tag-paris","13":"first","14":"instock","15":"taxable","16":"shipping-taxable","17":"purchasable","18":"product-type-simple"},"_links":{"self":[{"href":"https:\/\/parfumminis.com\/en\/wp-json\/wp\/v2\/product\/8764","targetHints":{"allow":["GET"]}}],"collection":[{"href":"https:\/\/parfumminis.com\/en\/wp-json\/wp\/v2\/product"}],"about":[{"href":"https:\/\/parfumminis.com\/en\/wp-json\/wp\/v2\/types\/product"}],"replies":[{"embeddable":true,"href":"https:\/\/parfumminis.com\/en\/wp-json\/wp\/v2\/comments?post=8764"}],"wp:featuredmedia":[{"embeddable":true,"href":"https:\/\/parfumminis.com\/en\/wp-json\/wp\/v2\/media\/8765"}],"wp:attachment":[{"href":"https:\/\/parfumminis.com\/en\/wp-json\/wp\/v2\/media?parent=8764"}],"wp:term":[{"taxonomy":"product_brand","embeddable":true,"href":"https:\/\/parfumminis.com\/en\/wp-json\/wp\/v2\/product_brand?post=8764"},{"taxonomy":"product_cat","embeddable":true,"href":"https:\/\/parfumminis.com\/en\/wp-json\/wp\/v2\/product_cat?post=8764"},{"taxonomy":"product_tag","embeddable":true,"href":"https:\/\/parfumminis.com\/en\/wp-json\/wp\/v2\/product_tag?post=8764"}],"curies":[{"name":"wp","href":"https:\/\/api.w.org\/{rel}","templated":true}]}}