{"id":7211,"date":"2019-08-03T15:17:00","date_gmt":"2019-08-03T14:17:00","guid":{"rendered":"https:\/\/parfume.findforme.ba\/?product=tribe-45-ml-edt"},"modified":"2025-12-20T17:13:00","modified_gmt":"2025-12-20T16:13:00","slug":"tribe-45-ml-edt","status":"publish","type":"product","link":"https:\/\/parfumminis.com\/en\/shop\/parfumminiaturen\/minis-c\/coty1608804065\/tribe-45-ml-edt\/","title":{"rendered":"Tribe 4,5ml EdT"},"content":{"rendered":"<p><span style=\"color: #615043\"><span style=\"font-family: Trebuchet MS,verdana,sans-serif\">\u00c4LTER &#8211; ca. 4,5 ml EdT, wei\u00dfer Schraubverschlu\u00df, wei\u00dfer Druck, &#8222;OX10 0DF&#8220;, 53 mm hoch<br \/>\nSEMI-VINTAGE &#8211; approx. 0.15 fl.oz EdT, white screw-on lid, white print, &#8222;OX10 0DF&#8220;, 53 mm tall<br \/>\n<\/span><\/span><\/p>","protected":false},"excerpt":{"rendered":"<p>\u00c4LTER &#8211; ca. 4,5 ml EdT, wei\u00dfer Schraubverschlu\u00df, wei\u00dfer Druck, &#8222;OX10 0DF&#8220;, 53 mm hoch SEMI-VINTAGE &#8211; approx. 0.15 fl.oz EdT, white screw-on lid, white print, &#8222;OX10 0DF&#8220;, 53 mm tall<\/p>","protected":false},"featured_media":8658,"comment_status":"closed","ping_status":"closed","template":"","meta":[],"product_brand":[163],"product_cat":[760],"product_tag":[1416,1419,1424,1435],"class_list":{"0":"post-7211","1":"product","2":"type-product","3":"status-publish","4":"has-post-thumbnail","6":"product_brand-coty","7":"product_cat-coty1608804065","8":"product_tag-coty","9":"product_tag-miniature-perfume-bottle","10":"product_tag-parfumminiatur","11":"product_tag-tribe","13":"first","14":"instock","15":"taxable","16":"shipping-taxable","17":"purchasable","18":"product-type-simple"},"_links":{"self":[{"href":"https:\/\/parfumminis.com\/en\/wp-json\/wp\/v2\/product\/7211","targetHints":{"allow":["GET"]}}],"collection":[{"href":"https:\/\/parfumminis.com\/en\/wp-json\/wp\/v2\/product"}],"about":[{"href":"https:\/\/parfumminis.com\/en\/wp-json\/wp\/v2\/types\/product"}],"replies":[{"embeddable":true,"href":"https:\/\/parfumminis.com\/en\/wp-json\/wp\/v2\/comments?post=7211"}],"wp:featuredmedia":[{"embeddable":true,"href":"https:\/\/parfumminis.com\/en\/wp-json\/wp\/v2\/media\/8658"}],"wp:attachment":[{"href":"https:\/\/parfumminis.com\/en\/wp-json\/wp\/v2\/media?parent=7211"}],"wp:term":[{"taxonomy":"product_brand","embeddable":true,"href":"https:\/\/parfumminis.com\/en\/wp-json\/wp\/v2\/product_brand?post=7211"},{"taxonomy":"product_cat","embeddable":true,"href":"https:\/\/parfumminis.com\/en\/wp-json\/wp\/v2\/product_cat?post=7211"},{"taxonomy":"product_tag","embeddable":true,"href":"https:\/\/parfumminis.com\/en\/wp-json\/wp\/v2\/product_tag?post=7211"}],"curies":[{"name":"wp","href":"https:\/\/api.w.org\/{rel}","templated":true}]}}