{"id":7205,"date":"2019-08-03T14:08:38","date_gmt":"2019-08-03T13:08:38","guid":{"rendered":"https:\/\/parfume.findforme.ba\/?product=leffleur-75-ml-cologne"},"modified":"2025-12-20T17:11:46","modified_gmt":"2025-12-20T16:11:46","slug":"leffleur-75-ml-cologne","status":"publish","type":"product","link":"https:\/\/parfumminis.com\/en\/shop\/parfumminiaturen\/minis-c\/coty1608804065\/leffleur-75-ml-cologne\/","title":{"rendered":"L&#8217;Effleur 7,5ml Cologne"},"content":{"rendered":"<p><span style=\"color: #615043\"><span style=\"font-family: Trebuchet MS,verdana,sans-serif\">\u00c4LTER &#8211; 7,5 ml Cologne, goldener Verschlu\u00df, wei\u00dfes Papieretikett mit brauner Schrift vorne, 48 mm hoch, mit Box<br \/>\nSEMI-VINTAGE &#8211; 1\/4 fl.oz cologne, gold lid, white paper label w\/ brown print, 48 mm tall, with box<br \/>\n<\/span><\/span><\/p>","protected":false},"excerpt":{"rendered":"<p>\u00c4LTER &#8211; 7,5 ml Cologne, goldener Verschlu\u00df, wei\u00dfes Papieretikett mit brauner Schrift vorne, 48 mm hoch, mit Box SEMI-VINTAGE &#8211; 1\/4 fl.oz cologne, gold lid, white paper label w\/ brown print, 48 mm tall, with box<\/p>","protected":false},"featured_media":8649,"comment_status":"closed","ping_status":"closed","template":"","meta":[],"product_brand":[163],"product_cat":[760],"product_tag":[1416,1437,1419,1424],"class_list":{"0":"post-7205","1":"product","2":"type-product","3":"status-publish","4":"has-post-thumbnail","6":"product_brand-coty","7":"product_cat-coty1608804065","8":"product_tag-coty","9":"product_tag-leffleur","10":"product_tag-miniature-perfume-bottle","11":"product_tag-parfumminiatur","13":"first","14":"instock","15":"taxable","16":"shipping-taxable","17":"purchasable","18":"product-type-simple"},"_links":{"self":[{"href":"https:\/\/parfumminis.com\/en\/wp-json\/wp\/v2\/product\/7205","targetHints":{"allow":["GET"]}}],"collection":[{"href":"https:\/\/parfumminis.com\/en\/wp-json\/wp\/v2\/product"}],"about":[{"href":"https:\/\/parfumminis.com\/en\/wp-json\/wp\/v2\/types\/product"}],"replies":[{"embeddable":true,"href":"https:\/\/parfumminis.com\/en\/wp-json\/wp\/v2\/comments?post=7205"}],"wp:featuredmedia":[{"embeddable":true,"href":"https:\/\/parfumminis.com\/en\/wp-json\/wp\/v2\/media\/8649"}],"wp:attachment":[{"href":"https:\/\/parfumminis.com\/en\/wp-json\/wp\/v2\/media?parent=7205"}],"wp:term":[{"taxonomy":"product_brand","embeddable":true,"href":"https:\/\/parfumminis.com\/en\/wp-json\/wp\/v2\/product_brand?post=7205"},{"taxonomy":"product_cat","embeddable":true,"href":"https:\/\/parfumminis.com\/en\/wp-json\/wp\/v2\/product_cat?post=7205"},{"taxonomy":"product_tag","embeddable":true,"href":"https:\/\/parfumminis.com\/en\/wp-json\/wp\/v2\/product_tag?post=7205"}],"curies":[{"name":"wp","href":"https:\/\/api.w.org\/{rel}","templated":true}]}}