{"id":7120,"date":"2019-05-15T16:23:36","date_gmt":"2019-05-15T15:23:36","guid":{"rendered":"https:\/\/parfume.findforme.ba\/?product=jet-35ml-parfum-v2"},"modified":"2022-09-30T13:19:30","modified_gmt":"2022-09-30T12:19:30","slug":"jet-35ml-parfum-v2","status":"publish","type":"product","link":"https:\/\/parfumminis.com\/en\/shop\/parfumminiaturen\/minis-c\/corday1608805222\/jet-35ml-parfum-v2\/","title":{"rendered":"jet 3,5ml Parfum V2"},"content":{"rendered":"<p><span style=\"color: #615043\"><span style=\"font-family: Trebuchet MS,verdana,sans-serif\">ALT &#8211; 3,5 ml Parfum, goldener Schraubverschlu\u00df (berieben), oben Logo gepr\u00e4gt, wei\u00dfes Papieretikett mit goldenem Druck, 45 mm hoch<br \/>\nVINTAGE &#8211; 0.12 fl.oz perfume, gold screw-on lid (worn), logo embossed on top, white paper label with gold print, 45 mm tall<br \/>\n<\/span><\/span><\/p>","protected":false},"excerpt":{"rendered":"<p>ALT &#8211; 3,5 ml Parfum, goldener Schraubverschlu\u00df (berieben), oben Logo gepr\u00e4gt, wei\u00dfes Papieretikett mit goldenem Druck, 45 mm hoch VINTAGE &#8211; 0.12 fl.oz perfume, gold screw-on lid (worn), logo embossed on top, white paper label with gold print, 45 mm tall<\/p>","protected":false},"featured_media":8592,"comment_status":"open","ping_status":"closed","template":"","meta":[],"product_brand":[162],"product_cat":[1387],"product_tag":[2753,3166,1419,1424],"class_list":{"0":"post-7120","1":"product","2":"type-product","3":"status-publish","4":"has-post-thumbnail","6":"product_brand-corday","7":"product_cat-corday1608805222","8":"product_tag-corday","9":"product_tag-jet","10":"product_tag-miniature-perfume-bottle","11":"product_tag-parfumminiatur","13":"first","14":"instock","15":"taxable","16":"shipping-taxable","17":"purchasable","18":"product-type-simple"},"_links":{"self":[{"href":"https:\/\/parfumminis.com\/en\/wp-json\/wp\/v2\/product\/7120","targetHints":{"allow":["GET"]}}],"collection":[{"href":"https:\/\/parfumminis.com\/en\/wp-json\/wp\/v2\/product"}],"about":[{"href":"https:\/\/parfumminis.com\/en\/wp-json\/wp\/v2\/types\/product"}],"replies":[{"embeddable":true,"href":"https:\/\/parfumminis.com\/en\/wp-json\/wp\/v2\/comments?post=7120"}],"wp:featuredmedia":[{"embeddable":true,"href":"https:\/\/parfumminis.com\/en\/wp-json\/wp\/v2\/media\/8592"}],"wp:attachment":[{"href":"https:\/\/parfumminis.com\/en\/wp-json\/wp\/v2\/media?parent=7120"}],"wp:term":[{"taxonomy":"product_brand","embeddable":true,"href":"https:\/\/parfumminis.com\/en\/wp-json\/wp\/v2\/product_brand?post=7120"},{"taxonomy":"product_cat","embeddable":true,"href":"https:\/\/parfumminis.com\/en\/wp-json\/wp\/v2\/product_cat?post=7120"},{"taxonomy":"product_tag","embeddable":true,"href":"https:\/\/parfumminis.com\/en\/wp-json\/wp\/v2\/product_tag?post=7120"}],"curies":[{"name":"wp","href":"https:\/\/api.w.org\/{rel}","templated":true}]}}