{"id":7104,"date":"2019-05-14T17:03:07","date_gmt":"2019-05-14T16:03:07","guid":{"rendered":"https:\/\/parfume.findforme.ba\/?product=fame-25-ml-parfum-v1"},"modified":"2022-09-30T13:21:36","modified_gmt":"2022-09-30T12:21:36","slug":"fame-25-ml-parfum-v1","status":"publish","type":"product","link":"https:\/\/parfumminis.com\/en\/shop\/parfumminiaturen\/minis-c\/corday1608805222\/fame-25-ml-parfum-v1\/","title":{"rendered":"Fame 2,5ml Parfum V1"},"content":{"rendered":"<p><span style=\"color: #615043\"><span style=\"font-family: Trebuchet MS,verdana,sans-serif\">\u00c4LTER &#8211; 2,5 ml Parfum, silberner Verschlu\u00df, braunes Papieretikett mit wei\u00dfer Schrift, 32 mm hoch<br \/>\nSEMI-VINTAGE &#8211; 1\/15 fl.oz perfume, silver lid, brown paper label with white print, 32 mm tall<br \/>\n<\/span><\/span><\/p>","protected":false},"excerpt":{"rendered":"<p>\u00c4LTER &#8211; 2,5 ml Parfum, silberner Verschlu\u00df, braunes Papieretikett mit wei\u00dfer Schrift, 32 mm hoch SEMI-VINTAGE &#8211; 1\/15 fl.oz perfume, silver lid, brown paper label with white print, 32 mm tall<\/p>","protected":false},"featured_media":8580,"comment_status":"open","ping_status":"closed","template":"","meta":[],"product_brand":[162],"product_cat":[1387],"product_tag":[2753,3167,1419,1424],"class_list":{"0":"post-7104","1":"product","2":"type-product","3":"status-publish","4":"has-post-thumbnail","6":"product_brand-corday","7":"product_cat-corday1608805222","8":"product_tag-corday","9":"product_tag-fame","10":"product_tag-miniature-perfume-bottle","11":"product_tag-parfumminiatur","13":"first","14":"instock","15":"taxable","16":"shipping-taxable","17":"purchasable","18":"product-type-simple"},"_links":{"self":[{"href":"https:\/\/parfumminis.com\/en\/wp-json\/wp\/v2\/product\/7104","targetHints":{"allow":["GET"]}}],"collection":[{"href":"https:\/\/parfumminis.com\/en\/wp-json\/wp\/v2\/product"}],"about":[{"href":"https:\/\/parfumminis.com\/en\/wp-json\/wp\/v2\/types\/product"}],"replies":[{"embeddable":true,"href":"https:\/\/parfumminis.com\/en\/wp-json\/wp\/v2\/comments?post=7104"}],"wp:featuredmedia":[{"embeddable":true,"href":"https:\/\/parfumminis.com\/en\/wp-json\/wp\/v2\/media\/8580"}],"wp:attachment":[{"href":"https:\/\/parfumminis.com\/en\/wp-json\/wp\/v2\/media?parent=7104"}],"wp:term":[{"taxonomy":"product_brand","embeddable":true,"href":"https:\/\/parfumminis.com\/en\/wp-json\/wp\/v2\/product_brand?post=7104"},{"taxonomy":"product_cat","embeddable":true,"href":"https:\/\/parfumminis.com\/en\/wp-json\/wp\/v2\/product_cat?post=7104"},{"taxonomy":"product_tag","embeddable":true,"href":"https:\/\/parfumminis.com\/en\/wp-json\/wp\/v2\/product_tag?post=7104"}],"curies":[{"name":"wp","href":"https:\/\/api.w.org\/{rel}","templated":true}]}}