{"id":6826,"date":"2019-05-07T10:14:35","date_gmt":"2019-05-07T09:14:35","guid":{"rendered":"https:\/\/parfume.findforme.ba\/?product=3er-set-jewel-top"},"modified":"2024-05-15T10:16:40","modified_gmt":"2024-05-15T08:16:40","slug":"3er-set-jewel-top","status":"publish","type":"product","link":"https:\/\/parfumminis.com\/en\/shop\/parfumminiaturen\/minis-a\/arden-elizabeth1608803964\/3er-set-jewel-top\/","title":{"rendered":"Arden &#8211; 3er Set &#8211; JEWEL TOPS"},"content":{"rendered":"<p><span style=\"color: #615043\"><span style=\"font-family: Trebuchet MS,verdana,sans-serif\">D\u00fcfte | Scents<\/span><\/span><\/p>\n<p><span style=\"color: #615043\"><span style=\"font-family: Trebuchet MS,verdana,sans-serif\">&#8211; Blue Grass<br \/>\n&#8211; My Love<br \/>\n&#8211; On dit..<\/span><\/span><\/p>\n<p><span style=\"color: #615043\"><span style=\"font-family: Trebuchet MS,verdana,sans-serif\">ALT &#8211; 3x 4,7 ml P, goldene Metallschraubverschl\u00fcsse mit farbigen Glassteinen oben, goldener Aufdruck vorne und hinten auf dem Glas, 71 mm hoch, mit H\u00fclle<\/span><\/span><\/p>\n<p><span style=\"color: #615043\"><span style=\"font-family: Trebuchet MS,verdana,sans-serif\">VINTAGE &#8211; 3x 0.16 fl.oz perfume, gold metal screw-on lids w\/ colored glass jewels on top, gold imprint on glass on front and back side, 71 mm tall, with cover sleeve<\/span><\/span><span style=\"color: #615043\"><span style=\"font-family: Trebuchet MS,verdana,sans-serif\"><br \/>\n<\/span><\/span><\/p>","protected":false},"excerpt":{"rendered":"<p>D\u00fcfte | Scents &#8211; Blue Grass &#8211; My Love &#8211; On dit.. ALT &#8211; 3x 4,7 ml P, goldene Metallschraubverschl\u00fcsse mit farbigen Glassteinen oben, goldener Aufdruck vorne und hinten auf dem Glas, 71 mm hoch, mit H\u00fclle VINTAGE &#8211; 3x 0.16 fl.oz perfume, gold metal screw-on lids w\/ colored glass jewels on top, gold imprint [&hellip;]<\/p>","protected":false},"featured_media":6827,"comment_status":"open","ping_status":"closed","template":"","meta":[],"product_brand":[55],"product_cat":[706,696],"product_tag":[1750,1749,1748,1419,1757,2772,1424],"class_list":{"0":"post-6826","1":"product","2":"type-product","3":"status-publish","4":"has-post-thumbnail","6":"product_brand-arden-elizabeth","7":"product_cat-arden-elizabeth1608803964","8":"product_cat-sets","9":"product_tag-blue-grass","10":"product_tag-elizabeth-arden","11":"product_tag-jewel-top","12":"product_tag-miniature-perfume-bottle","13":"product_tag-my-love","14":"product_tag-on-dit","15":"product_tag-parfumminiatur","17":"first","18":"instock","19":"taxable","20":"shipping-taxable","21":"purchasable","22":"product-type-simple"},"_links":{"self":[{"href":"https:\/\/parfumminis.com\/en\/wp-json\/wp\/v2\/product\/6826","targetHints":{"allow":["GET"]}}],"collection":[{"href":"https:\/\/parfumminis.com\/en\/wp-json\/wp\/v2\/product"}],"about":[{"href":"https:\/\/parfumminis.com\/en\/wp-json\/wp\/v2\/types\/product"}],"replies":[{"embeddable":true,"href":"https:\/\/parfumminis.com\/en\/wp-json\/wp\/v2\/comments?post=6826"}],"wp:featuredmedia":[{"embeddable":true,"href":"https:\/\/parfumminis.com\/en\/wp-json\/wp\/v2\/media\/6827"}],"wp:attachment":[{"href":"https:\/\/parfumminis.com\/en\/wp-json\/wp\/v2\/media?parent=6826"}],"wp:term":[{"taxonomy":"product_brand","embeddable":true,"href":"https:\/\/parfumminis.com\/en\/wp-json\/wp\/v2\/product_brand?post=6826"},{"taxonomy":"product_cat","embeddable":true,"href":"https:\/\/parfumminis.com\/en\/wp-json\/wp\/v2\/product_cat?post=6826"},{"taxonomy":"product_tag","embeddable":true,"href":"https:\/\/parfumminis.com\/en\/wp-json\/wp\/v2\/product_tag?post=6826"}],"curies":[{"name":"wp","href":"https:\/\/api.w.org\/{rel}","templated":true}]}}