{"id":6678,"date":"2016-05-18T12:42:38","date_gmt":"2016-05-18T11:42:38","guid":{"rendered":"https:\/\/parfume.findforme.ba\/?product=eau-fraiche-30ml"},"modified":"2026-02-06T13:07:11","modified_gmt":"2026-02-06T12:07:11","slug":"eau-fraiche-30ml","status":"publish","type":"product","link":"https:\/\/parfumminis.com\/en\/shop\/parfumminiaturen\/minis-c\/coty-stephane1608805224\/eau-fraiche-30ml\/","title":{"rendered":"Eau Fraiche 30ml"},"content":{"rendered":"<p><span style=\"color: #615043\"><span style=\"font-family: Trebuchet MS,verdana,sans-serif\">30 ml Eau fraiche, <u><strong>Weihnachtspr\u00e4sentation<\/strong><\/u>, der Schraubverschlu\u00df ist zugleich der &#8222;Fu\u00df&#8220; des Baumes, 96 mm hoch, mit Kunststoffbox<br \/>\n1 fl.oz Eau fraiche, <u><strong>Christmas presentation<\/strong><\/u>, screw-on lid is the &#8222;stem\/foot&#8220; of the tree, 96 mm tall, with plastic box<br \/>\n<\/span><\/span><\/p>","protected":false},"excerpt":{"rendered":"<p>30 ml Eau fraiche, Weihnachtspr\u00e4sentation, der Schraubverschlu\u00df ist zugleich der &#8222;Fu\u00df&#8220; des Baumes, 96 mm hoch, mit Kunststoffbox 1 fl.oz Eau fraiche, Christmas presentation, screw-on lid is the &#8222;stem\/foot&#8220; of the tree, 96 mm tall, with plastic box<\/p>","protected":false},"featured_media":8663,"comment_status":"open","ping_status":"closed","template":"","meta":[],"product_brand":[659],"product_cat":[1388],"product_tag":[],"class_list":{"0":"post-6678","1":"product","2":"type-product","3":"status-publish","4":"has-post-thumbnail","6":"product_brand-coty-stephane","7":"product_cat-coty-stephane1608805224","9":"first","10":"instock","11":"taxable","12":"shipping-taxable","13":"purchasable","14":"product-type-simple"},"_links":{"self":[{"href":"https:\/\/parfumminis.com\/en\/wp-json\/wp\/v2\/product\/6678","targetHints":{"allow":["GET"]}}],"collection":[{"href":"https:\/\/parfumminis.com\/en\/wp-json\/wp\/v2\/product"}],"about":[{"href":"https:\/\/parfumminis.com\/en\/wp-json\/wp\/v2\/types\/product"}],"replies":[{"embeddable":true,"href":"https:\/\/parfumminis.com\/en\/wp-json\/wp\/v2\/comments?post=6678"}],"wp:featuredmedia":[{"embeddable":true,"href":"https:\/\/parfumminis.com\/en\/wp-json\/wp\/v2\/media\/8663"}],"wp:attachment":[{"href":"https:\/\/parfumminis.com\/en\/wp-json\/wp\/v2\/media?parent=6678"}],"wp:term":[{"taxonomy":"product_brand","embeddable":true,"href":"https:\/\/parfumminis.com\/en\/wp-json\/wp\/v2\/product_brand?post=6678"},{"taxonomy":"product_cat","embeddable":true,"href":"https:\/\/parfumminis.com\/en\/wp-json\/wp\/v2\/product_cat?post=6678"},{"taxonomy":"product_tag","embeddable":true,"href":"https:\/\/parfumminis.com\/en\/wp-json\/wp\/v2\/product_tag?post=6678"}],"curies":[{"name":"wp","href":"https:\/\/api.w.org\/{rel}","templated":true}]}}