{"id":5567,"date":"2012-02-01T17:07:15","date_gmt":"2012-02-01T17:07:15","guid":{"rendered":"https:\/\/parfume.findforme.ba\/?product=illusion-flieder-25ml-parfum-1608808408"},"modified":"2024-05-15T10:16:03","modified_gmt":"2024-05-15T08:16:03","slug":"illusion-flieder-25ml-parfum-1608808408","status":"publish","type":"product","link":"https:\/\/parfumminis.com\/en\/shop\/parfumminiaturen-alt-vintage\/dralle1608804961\/illusion-flieder-25ml-parfum-1608808408\/","title":{"rendered":"Illusion Flieder 2,5ml Parfum"},"content":{"rendered":"<p><span style=\"color: #615043\"><span style=\"font-family: Trebuchet MS,verdana,sans-serif\"><strong>Flieder &#8211; Lilas &#8211; Lilac<\/strong><br \/>\nALT &#8211; ca. 2,5 ml Parfum, Glasverschlu\u00df, 59 mm hoch, mit Holzturm + \u00dcberkarton, \u00dcberkarton in altersbedingtem Zustand<br \/>\nVINTAGE &#8211; approx. 0.08 fl.oz perfume, glass stopper, 59 mm tall, with wood &#8222;tower&#8220; + outer box, outer box in vintage condition<br \/>\n<\/span><\/span><\/p>","protected":false},"excerpt":{"rendered":"<p>Flieder &#8211; Lilas &#8211; Lilac ALT &#8211; ca. 2,5 ml Parfum, Glasverschlu\u00df, 59 mm hoch, mit Holzturm + \u00dcberkarton, \u00dcberkarton in altersbedingtem Zustand VINTAGE &#8211; approx. 0.08 fl.oz perfume, glass stopper, 59 mm tall, with wood &#8222;tower&#8220; + outer box, outer box in vintage condition<\/p>","protected":false},"featured_media":9214,"comment_status":"open","ping_status":"closed","template":"","meta":[],"product_brand":[187],"product_cat":[1037,1234],"product_tag":[1976,1988,1986,1989,1709,1419,1424],"class_list":{"0":"post-5567","1":"product","2":"type-product","3":"status-publish","4":"has-post-thumbnail","6":"product_brand-dralle","7":"product_cat-dralle1608804593","8":"product_cat-dralle1608804961","9":"product_tag-dralle","10":"product_tag-flieder","11":"product_tag-illusion","12":"product_tag-lilac","13":"product_tag-lilas","14":"product_tag-miniature-perfume-bottle","15":"product_tag-parfumminiatur","17":"first","18":"instock","19":"taxable","20":"shipping-taxable","21":"purchasable","22":"product-type-simple"},"_links":{"self":[{"href":"https:\/\/parfumminis.com\/en\/wp-json\/wp\/v2\/product\/5567","targetHints":{"allow":["GET"]}}],"collection":[{"href":"https:\/\/parfumminis.com\/en\/wp-json\/wp\/v2\/product"}],"about":[{"href":"https:\/\/parfumminis.com\/en\/wp-json\/wp\/v2\/types\/product"}],"replies":[{"embeddable":true,"href":"https:\/\/parfumminis.com\/en\/wp-json\/wp\/v2\/comments?post=5567"}],"wp:featuredmedia":[{"embeddable":true,"href":"https:\/\/parfumminis.com\/en\/wp-json\/wp\/v2\/media\/9214"}],"wp:attachment":[{"href":"https:\/\/parfumminis.com\/en\/wp-json\/wp\/v2\/media?parent=5567"}],"wp:term":[{"taxonomy":"product_brand","embeddable":true,"href":"https:\/\/parfumminis.com\/en\/wp-json\/wp\/v2\/product_brand?post=5567"},{"taxonomy":"product_cat","embeddable":true,"href":"https:\/\/parfumminis.com\/en\/wp-json\/wp\/v2\/product_cat?post=5567"},{"taxonomy":"product_tag","embeddable":true,"href":"https:\/\/parfumminis.com\/en\/wp-json\/wp\/v2\/product_tag?post=5567"}],"curies":[{"name":"wp","href":"https:\/\/api.w.org\/{rel}","templated":true}]}}