{"id":5375,"date":"2012-01-31T10:41:05","date_gmt":"2012-01-31T10:41:05","guid":{"rendered":"https:\/\/parfume.findforme.ba\/?product=revolution-de-versailles-5ml-edt"},"modified":"2024-03-24T12:28:28","modified_gmt":"2024-03-24T11:28:28","slug":"revolution-de-versailles-5ml-edt","status":"publish","type":"product","link":"https:\/\/parfumminis.com\/en\/shop\/parfumminiaturen\/minis-d\/desprez-jean1608804086\/revolution-de-versailles-5ml-edt\/","title":{"rendered":"Revolution de Versailles 5ml EdT"},"content":{"rendered":"<p><span style=\"color: #615043\"><span style=\"font-family: Trebuchet MS,verdana,sans-serif\">\u00c4LTER &#8211; 5 ml EdT, Schraubverschlu\u00df, <strong><u>goldene Schrift auf R\u00fcckseite<\/u><\/strong>, 46 mm hoch, mit Box<br \/>\nSEMI-VINTAGE &#8211; 1\/6 fl.oz EdT, screw-on lid, <strong><u>gold imprint on backside<\/u><\/strong>, 46 mm tall, with box<\/span><br \/>\n<\/span><\/p>","protected":false},"excerpt":{"rendered":"<p>\u00c4LTER &#8211; 5 ml EdT, Schraubverschlu\u00df, goldene Schrift auf R\u00fcckseite, 46 mm hoch, mit Box SEMI-VINTAGE &#8211; 1\/6 fl.oz EdT, screw-on lid, gold imprint on backside, 46 mm tall, with box<\/p>","protected":false},"featured_media":8715,"comment_status":"open","ping_status":"closed","template":"","meta":[],"product_brand":[179],"product_cat":[772],"product_tag":[],"class_list":{"0":"post-5375","1":"product","2":"type-product","3":"status-publish","4":"has-post-thumbnail","6":"product_brand-desprez-jean","7":"product_cat-desprez-jean1608804086","9":"first","10":"instock","11":"taxable","12":"shipping-taxable","13":"purchasable","14":"product-type-simple"},"_links":{"self":[{"href":"https:\/\/parfumminis.com\/en\/wp-json\/wp\/v2\/product\/5375","targetHints":{"allow":["GET"]}}],"collection":[{"href":"https:\/\/parfumminis.com\/en\/wp-json\/wp\/v2\/product"}],"about":[{"href":"https:\/\/parfumminis.com\/en\/wp-json\/wp\/v2\/types\/product"}],"replies":[{"embeddable":true,"href":"https:\/\/parfumminis.com\/en\/wp-json\/wp\/v2\/comments?post=5375"}],"wp:featuredmedia":[{"embeddable":true,"href":"https:\/\/parfumminis.com\/en\/wp-json\/wp\/v2\/media\/8715"}],"wp:attachment":[{"href":"https:\/\/parfumminis.com\/en\/wp-json\/wp\/v2\/media?parent=5375"}],"wp:term":[{"taxonomy":"product_brand","embeddable":true,"href":"https:\/\/parfumminis.com\/en\/wp-json\/wp\/v2\/product_brand?post=5375"},{"taxonomy":"product_cat","embeddable":true,"href":"https:\/\/parfumminis.com\/en\/wp-json\/wp\/v2\/product_cat?post=5375"},{"taxonomy":"product_tag","embeddable":true,"href":"https:\/\/parfumminis.com\/en\/wp-json\/wp\/v2\/product_tag?post=5375"}],"curies":[{"name":"wp","href":"https:\/\/api.w.org\/{rel}","templated":true}]}}