{"id":3282,"date":"2011-01-21T10:28:51","date_gmt":"2011-01-21T09:28:51","guid":{"rendered":"https:\/\/parfume.findforme.ba\/?product=tenere-5ml-edt"},"modified":"2021-04-30T10:47:01","modified_gmt":"2021-04-30T09:47:01","slug":"tenere-5ml-edt","status":"publish","type":"product","link":"https:\/\/parfumminis.com\/en\/shop\/parfumminiaturen\/minis-r\/rabanne-paco1608804405\/tenere-5ml-edt\/","title":{"rendered":"T\u00e9n\u00e9r\u00e9 5ml EdT"},"content":{"rendered":"<p><span style=\"color: #615043\"><span style=\"font-family: Trebuchet MS,verdana,sans-serif\">5 ml EdT, mit Box | 1\/6 fl.oz EdT, <\/span><\/span><span style=\"color: #615043\"><span style=\"font-family: Trebuchet MS,verdana,sans-serif\">with box<br \/>\n<\/span><\/span><\/p>","protected":false},"excerpt":{"rendered":"<p>5 ml EdT, mit Box | 1\/6 fl.oz EdT, with box<\/p>","protected":false},"featured_media":10131,"comment_status":"open","ping_status":"closed","template":"","meta":[],"product_brand":[383],"product_cat":[937],"product_tag":[1419,2579,1424,2578],"class_list":{"0":"post-3282","1":"product","2":"type-product","3":"status-publish","4":"has-post-thumbnail","6":"product_brand-rabanne-paco","7":"product_cat-rabanne-paco1608804405","8":"product_tag-miniature-perfume-bottle","9":"product_tag-paco-rabanne","10":"product_tag-parfumminiatur","11":"product_tag-tenere","13":"first","14":"instock","15":"taxable","16":"shipping-taxable","17":"purchasable","18":"product-type-simple"},"_links":{"self":[{"href":"https:\/\/parfumminis.com\/en\/wp-json\/wp\/v2\/product\/3282","targetHints":{"allow":["GET"]}}],"collection":[{"href":"https:\/\/parfumminis.com\/en\/wp-json\/wp\/v2\/product"}],"about":[{"href":"https:\/\/parfumminis.com\/en\/wp-json\/wp\/v2\/types\/product"}],"replies":[{"embeddable":true,"href":"https:\/\/parfumminis.com\/en\/wp-json\/wp\/v2\/comments?post=3282"}],"wp:featuredmedia":[{"embeddable":true,"href":"https:\/\/parfumminis.com\/en\/wp-json\/wp\/v2\/media\/10131"}],"wp:attachment":[{"href":"https:\/\/parfumminis.com\/en\/wp-json\/wp\/v2\/media?parent=3282"}],"wp:term":[{"taxonomy":"product_brand","embeddable":true,"href":"https:\/\/parfumminis.com\/en\/wp-json\/wp\/v2\/product_brand?post=3282"},{"taxonomy":"product_cat","embeddable":true,"href":"https:\/\/parfumminis.com\/en\/wp-json\/wp\/v2\/product_cat?post=3282"},{"taxonomy":"product_tag","embeddable":true,"href":"https:\/\/parfumminis.com\/en\/wp-json\/wp\/v2\/product_tag?post=3282"}],"curies":[{"name":"wp","href":"https:\/\/api.w.org\/{rel}","templated":true}]}}