{"id":2128,"date":"2023-10-15T18:04:48","date_gmt":"2023-10-15T17:04:48","guid":{"rendered":"https:\/\/parfume.findforme.ba\/?product=fibah"},"modified":"2023-10-15T10:20:04","modified_gmt":"2023-10-15T09:20:04","slug":"fibah","status":"publish","type":"product","link":"https:\/\/parfumminis.com\/en\/shop\/parfumminiaturen-alt-vintage\/fibah1608804741\/fibah\/","title":{"rendered":"Intermezzo 7,5ml Parfum"},"content":{"rendered":"<p><span style=\"font-family: Trebuchet MS,verdana,sans-serif\">\u00c4LTER &#8211; ca. 7,5 ml Parfum, wei\u00dfer Schraubverschlu\u00df in Flammenform, Klarglas, wei\u00dfer Aufdruck, 72 mm hoch, mit Box<br \/>\nSEMI-VINTAGE &#8211; approx. 1\/4 fl.oz perfume, white flame-shaped screw-on lid, clear glass, white print, 72 mm tall, w\/ box<\/span><\/p>\n<p><span style=\"color: #615043\"><span style=\"font-family: Trebuchet MS,verdana,sans-serif\">\u2014\u2014\u2014 f\u00fcr F\u00fcllstand siehe Bild\/er \u2014\u2014\u2014 for contents see picture\/s \u2014\u2014\u2014<\/span><\/span><\/p>","protected":false},"excerpt":{"rendered":"<p>\u00c4LTER &#8211; ca. 7,5 ml Parfum, wei\u00dfer Schraubverschlu\u00df in Flammenform, Klarglas, wei\u00dfer Aufdruck, 72 mm hoch, mit Box SEMI-VINTAGE &#8211; approx. 1\/4 fl.oz perfume, white flame-shaped screw-on lid, clear glass, white print, 72 mm tall, w\/ box \u2014\u2014\u2014 f\u00fcr F\u00fcllstand siehe Bild\/er \u2014\u2014\u2014 for contents see picture\/s \u2014\u2014\u2014<\/p>","protected":false},"featured_media":14332,"comment_status":"open","ping_status":"closed","template":"","meta":[],"product_brand":[212],"product_cat":[795,1114],"product_tag":[3038,2243,1419,1424,1425],"class_list":{"0":"post-2128","1":"product","2":"type-product","3":"status-publish","4":"has-post-thumbnail","6":"product_brand-fibah","7":"product_cat-fibah1608804128","8":"product_cat-fibah1608804741","9":"product_tag-fibah","10":"product_tag-intermezzo","11":"product_tag-miniature-perfume-bottle","12":"product_tag-parfumminiatur","13":"product_tag-parfummini","15":"first","16":"instock","17":"taxable","18":"shipping-taxable","19":"purchasable","20":"product-type-simple"},"_links":{"self":[{"href":"https:\/\/parfumminis.com\/en\/wp-json\/wp\/v2\/product\/2128","targetHints":{"allow":["GET"]}}],"collection":[{"href":"https:\/\/parfumminis.com\/en\/wp-json\/wp\/v2\/product"}],"about":[{"href":"https:\/\/parfumminis.com\/en\/wp-json\/wp\/v2\/types\/product"}],"replies":[{"embeddable":true,"href":"https:\/\/parfumminis.com\/en\/wp-json\/wp\/v2\/comments?post=2128"}],"wp:featuredmedia":[{"embeddable":true,"href":"https:\/\/parfumminis.com\/en\/wp-json\/wp\/v2\/media\/14332"}],"wp:attachment":[{"href":"https:\/\/parfumminis.com\/en\/wp-json\/wp\/v2\/media?parent=2128"}],"wp:term":[{"taxonomy":"product_brand","embeddable":true,"href":"https:\/\/parfumminis.com\/en\/wp-json\/wp\/v2\/product_brand?post=2128"},{"taxonomy":"product_cat","embeddable":true,"href":"https:\/\/parfumminis.com\/en\/wp-json\/wp\/v2\/product_cat?post=2128"},{"taxonomy":"product_tag","embeddable":true,"href":"https:\/\/parfumminis.com\/en\/wp-json\/wp\/v2\/product_tag?post=2128"}],"curies":[{"name":"wp","href":"https:\/\/api.w.org\/{rel}","templated":true}]}}