{"id":19636,"date":"2026-03-18T18:12:21","date_gmt":"2026-03-18T17:12:21","guid":{"rendered":"https:\/\/parfumminis.com\/?post_type=product&#038;p=19636"},"modified":"2026-03-18T18:10:53","modified_gmt":"2026-03-18T17:10:53","slug":"tendre-kiss-45ml-edp","status":"publish","type":"product","link":"https:\/\/parfumminis.com\/en\/shop\/parfumminiaturen\/minis-l\/lalique1608804284\/tendre-kiss-45ml-edp\/","title":{"rendered":"Tendre Kiss 4,5ml EdP"},"content":{"rendered":"<p><span style=\"color: #615043;\"><span style=\"font-family: Trebuchet MS,verdana,sans-serif;\">4,5 ml EdP, Verschlu\u00df mit gepr\u00e4gter Rose oben, transparentes Glas mit k\u00fcssendem Paar aus geeistem Glas auf beiden Seiten, transparentes Etikett am Boden, 41 mm hoch, mit Box<br \/>\n0.15 fl.oz EdP, lid with embossed rose on top, transparent glass with kissing pair made of frosted glass on both sides, transparent label on bottom, 41 mm tall, with box<\/span><\/span><\/p>\n<p><span style=\"color: #615043;\"><span style=\"font-family: Trebuchet MS,verdana,sans-serif;\">\u2014\u2014\u2014 f\u00fcr F\u00fcllstand siehe Bild\/er \u2014\u2014\u2014 for contents see picture\/s \u2014\u2014\u2014<\/span><\/span><\/p>","protected":false},"excerpt":{"rendered":"<p>4,5 ml EdP, Verschlu\u00df mit gepr\u00e4gter Rose oben, transparentes Glas mit k\u00fcssendem Paar aus geeistem Glas auf beiden Seiten, transparentes Etikett am Boden, 41 mm hoch, mit Box 0.15 fl.oz EdP, lid with embossed rose on top, transparent glass with kissing pair made of frosted glass on both sides, transparent label on bottom, 41 mm [&hellip;]<\/p>","protected":false},"featured_media":19637,"comment_status":"closed","ping_status":"closed","template":"","meta":[],"product_brand":[302],"product_cat":[875],"product_tag":[2601,3696,1419,1417,4962,4657],"class_list":{"0":"post-19636","1":"product","2":"type-product","3":"status-publish","4":"has-post-thumbnail","6":"product_brand-lalique","7":"product_cat-lalique1608804284","8":"product_tag-lalique","9":"product_tag-miniature-de-parfum","10":"product_tag-miniature-perfume-bottle","11":"product_tag-parfum-miniatur","12":"product_tag-tendre-kiss","13":"product_tag-www-parfumminis-com","15":"first","16":"instock","17":"taxable","18":"shipping-taxable","19":"purchasable","20":"product-type-simple"},"_links":{"self":[{"href":"https:\/\/parfumminis.com\/en\/wp-json\/wp\/v2\/product\/19636","targetHints":{"allow":["GET"]}}],"collection":[{"href":"https:\/\/parfumminis.com\/en\/wp-json\/wp\/v2\/product"}],"about":[{"href":"https:\/\/parfumminis.com\/en\/wp-json\/wp\/v2\/types\/product"}],"replies":[{"embeddable":true,"href":"https:\/\/parfumminis.com\/en\/wp-json\/wp\/v2\/comments?post=19636"}],"wp:featuredmedia":[{"embeddable":true,"href":"https:\/\/parfumminis.com\/en\/wp-json\/wp\/v2\/media\/19637"}],"wp:attachment":[{"href":"https:\/\/parfumminis.com\/en\/wp-json\/wp\/v2\/media?parent=19636"}],"wp:term":[{"taxonomy":"product_brand","embeddable":true,"href":"https:\/\/parfumminis.com\/en\/wp-json\/wp\/v2\/product_brand?post=19636"},{"taxonomy":"product_cat","embeddable":true,"href":"https:\/\/parfumminis.com\/en\/wp-json\/wp\/v2\/product_cat?post=19636"},{"taxonomy":"product_tag","embeddable":true,"href":"https:\/\/parfumminis.com\/en\/wp-json\/wp\/v2\/product_tag?post=19636"}],"curies":[{"name":"wp","href":"https:\/\/api.w.org\/{rel}","templated":true}]}}