{"id":19632,"date":"2026-03-18T18:06:35","date_gmt":"2026-03-18T17:06:35","guid":{"rendered":"https:\/\/parfumminis.com\/?post_type=product&#038;p=19632"},"modified":"2026-03-18T17:54:03","modified_gmt":"2026-03-18T16:54:03","slug":"nilang-45ml-edt-tuerkis","status":"publish","type":"product","link":"https:\/\/parfumminis.com\/en\/shop\/parfumminiaturen\/minis-l\/lalique1608804284\/nilang-45ml-edt-tuerkis\/","title":{"rendered":"Nilang 4,5ml EdT, t\u00fcrkis"},"content":{"rendered":"<p><span style=\"color: #615043;\"><span style=\"font-family: Trebuchet MS,verdana,sans-serif;\">4,5 ml EdT, t\u00fcrkiser Verschlu\u00df, t\u00fcrkiser Druck im unteren Bereich auf 2 Seiten, transparentes Etikett am Boden, 78 mm hoch<br \/>\n0.15 fl.oz EdT, turquoise lid, turquoise print in the lower area on 2 sides, transparent label on bottom, 78 mm tall<\/span><\/span><\/p>\n<p><span style=\"color: #615043;\"><span style=\"font-family: Trebuchet MS,verdana,sans-serif;\">\u2014\u2014\u2014 f\u00fcr F\u00fcllstand siehe Bild\/er \u2014\u2014\u2014 for contents see picture\/s \u2014\u2014\u2014<\/span><\/span><\/p>","protected":false},"excerpt":{"rendered":"<p>4,5 ml EdT, t\u00fcrkiser Verschlu\u00df, t\u00fcrkiser Druck im unteren Bereich auf 2 Seiten, transparentes Etikett am Boden, 78 mm hoch 0.15 fl.oz EdT, turquoise lid, turquoise print in the lower area on 2 sides, transparent label on bottom, 78 mm tall \u2014\u2014\u2014 f\u00fcr F\u00fcllstand siehe Bild\/er \u2014\u2014\u2014 for contents see picture\/s \u2014\u2014\u2014<\/p>","protected":false},"featured_media":19633,"comment_status":"closed","ping_status":"closed","template":"","meta":[],"product_brand":[302],"product_cat":[875],"product_tag":[2601,3696,1419,4110,1417,4657],"class_list":{"0":"post-19632","1":"product","2":"type-product","3":"status-publish","4":"has-post-thumbnail","6":"product_brand-lalique","7":"product_cat-lalique1608804284","8":"product_tag-lalique","9":"product_tag-miniature-de-parfum","10":"product_tag-miniature-perfume-bottle","11":"product_tag-nilang","12":"product_tag-parfum-miniatur","13":"product_tag-www-parfumminis-com","15":"first","16":"instock","17":"taxable","18":"shipping-taxable","19":"purchasable","20":"product-type-simple"},"_links":{"self":[{"href":"https:\/\/parfumminis.com\/en\/wp-json\/wp\/v2\/product\/19632","targetHints":{"allow":["GET"]}}],"collection":[{"href":"https:\/\/parfumminis.com\/en\/wp-json\/wp\/v2\/product"}],"about":[{"href":"https:\/\/parfumminis.com\/en\/wp-json\/wp\/v2\/types\/product"}],"replies":[{"embeddable":true,"href":"https:\/\/parfumminis.com\/en\/wp-json\/wp\/v2\/comments?post=19632"}],"wp:featuredmedia":[{"embeddable":true,"href":"https:\/\/parfumminis.com\/en\/wp-json\/wp\/v2\/media\/19633"}],"wp:attachment":[{"href":"https:\/\/parfumminis.com\/en\/wp-json\/wp\/v2\/media?parent=19632"}],"wp:term":[{"taxonomy":"product_brand","embeddable":true,"href":"https:\/\/parfumminis.com\/en\/wp-json\/wp\/v2\/product_brand?post=19632"},{"taxonomy":"product_cat","embeddable":true,"href":"https:\/\/parfumminis.com\/en\/wp-json\/wp\/v2\/product_cat?post=19632"},{"taxonomy":"product_tag","embeddable":true,"href":"https:\/\/parfumminis.com\/en\/wp-json\/wp\/v2\/product_tag?post=19632"}],"curies":[{"name":"wp","href":"https:\/\/api.w.org\/{rel}","templated":true}]}}