{"id":19623,"date":"2026-03-18T18:02:46","date_gmt":"2026-03-18T17:02:46","guid":{"rendered":"https:\/\/parfumminis.com\/?post_type=product&#038;p=19623"},"modified":"2026-03-18T17:03:03","modified_gmt":"2026-03-18T16:03:03","slug":"flacon-aux-chevrefeuilles-45ml-edt-v2","status":"publish","type":"product","link":"https:\/\/parfumminis.com\/en\/shop\/parfumminiaturen\/minis-l\/lalique1608804284\/flacon-aux-chevrefeuilles-45ml-edt-v2\/","title":{"rendered":"Flacon aux Ch\u00e8vrefeuilles 4,5ml EdT V2"},"content":{"rendered":"<p><span style=\"color: #615043;\"><span style=\"font-family: Trebuchet MS,verdana,sans-serif;\">4,5 ml EdT, <em><strong>matter Verschlu\u00df<\/strong><\/em>\u00a0mit gepr\u00e4gten Ranken &amp; Bl\u00e4ttern, transparentes Glas mit seitlich gepr\u00e4gten Ranken &amp; Bl\u00e4ttern, goldener Druck, transparentes Etikett am Boden, 48 mm hoch, mit Box<br \/>\n0.15 fl.oz EdT, <em><strong>opaque lid<\/strong><\/em>\u00a0with embossed tendrils &amp; leaves, transparent glass with embossed tendrils &amp; leaves on the sides, golden print, transparent label on bottom, 48 mm tall, with box<\/span><\/span><\/p>\n<p><span style=\"color: #615043;\"><span style=\"font-family: Trebuchet MS,verdana,sans-serif;\">\u2014\u2014\u2014 f\u00fcr F\u00fcllstand siehe Bild\/er \u2014\u2014\u2014 for contents see picture\/s \u2014\u2014\u2014<\/span><\/span><\/p>","protected":false},"excerpt":{"rendered":"<p>4,5 ml EdT, matter Verschlu\u00df\u00a0mit gepr\u00e4gten Ranken &amp; Bl\u00e4ttern, transparentes Glas mit seitlich gepr\u00e4gten Ranken &amp; Bl\u00e4ttern, goldener Druck, transparentes Etikett am Boden, 48 mm hoch, mit Box 0.15 fl.oz EdT, opaque lid\u00a0with embossed tendrils &amp; leaves, transparent glass with embossed tendrils &amp; leaves on the sides, golden print, transparent label on bottom, 48 mm [&hellip;]<\/p>","protected":false},"featured_media":19625,"comment_status":"closed","ping_status":"closed","template":"","meta":[],"product_brand":[302],"product_cat":[875],"product_tag":[4050,2601,3696,1419,1417,4657],"class_list":{"0":"post-19623","1":"product","2":"type-product","3":"status-publish","4":"has-post-thumbnail","6":"product_brand-lalique","7":"product_cat-lalique1608804284","8":"product_tag-flacon-aux-chevrefeuilles","9":"product_tag-lalique","10":"product_tag-miniature-de-parfum","11":"product_tag-miniature-perfume-bottle","12":"product_tag-parfum-miniatur","13":"product_tag-www-parfumminis-com","15":"first","16":"instock","17":"taxable","18":"shipping-taxable","19":"purchasable","20":"product-type-simple"},"_links":{"self":[{"href":"https:\/\/parfumminis.com\/en\/wp-json\/wp\/v2\/product\/19623","targetHints":{"allow":["GET"]}}],"collection":[{"href":"https:\/\/parfumminis.com\/en\/wp-json\/wp\/v2\/product"}],"about":[{"href":"https:\/\/parfumminis.com\/en\/wp-json\/wp\/v2\/types\/product"}],"replies":[{"embeddable":true,"href":"https:\/\/parfumminis.com\/en\/wp-json\/wp\/v2\/comments?post=19623"}],"wp:featuredmedia":[{"embeddable":true,"href":"https:\/\/parfumminis.com\/en\/wp-json\/wp\/v2\/media\/19625"}],"wp:attachment":[{"href":"https:\/\/parfumminis.com\/en\/wp-json\/wp\/v2\/media?parent=19623"}],"wp:term":[{"taxonomy":"product_brand","embeddable":true,"href":"https:\/\/parfumminis.com\/en\/wp-json\/wp\/v2\/product_brand?post=19623"},{"taxonomy":"product_cat","embeddable":true,"href":"https:\/\/parfumminis.com\/en\/wp-json\/wp\/v2\/product_cat?post=19623"},{"taxonomy":"product_tag","embeddable":true,"href":"https:\/\/parfumminis.com\/en\/wp-json\/wp\/v2\/product_tag?post=19623"}],"curies":[{"name":"wp","href":"https:\/\/api.w.org\/{rel}","templated":true}]}}