{"id":19329,"date":"2026-01-21T18:13:41","date_gmt":"2026-01-21T17:13:41","guid":{"rendered":"https:\/\/parfumminis.com\/?post_type=product&#038;p=19329"},"modified":"2026-01-21T17:50:29","modified_gmt":"2026-01-21T16:50:29","slug":"gabilla-presentation-5x-3ml-parfum","status":"publish","type":"product","link":"https:\/\/parfumminis.com\/en\/shop\/parfumminiaturen\/minis-g\/gabilla\/gabilla-presentation-5x-3ml-parfum\/","title":{"rendered":"Gabilla Presentation 5x 3ml Parfum"},"content":{"rendered":"<p><span style=\"color: #615043;\"><span style=\"font-family: Trebuchet MS,verdana,sans-serif;\">ALT UND SEHR SELTEN &#8211; 5x 3 ml Parfum, Glasr\u00f6hrchen mit roten Schraubverschl\u00fcssen in Form von Flammen, verschiedenfarbige Etiketten, je 72 mm hoch; die Glasfl\u00e4schchen befinden sich in R\u00f6hren \u00fcberzogen mit metallicfarbener Folie und sitzen in einem Kerzenhalten \u00fcberzogen mit Goldfolie, darauf vorne der Name &#8222;Gabilla&#8220;; siehe auch Auktionskatalog &#8222;Monsen and Bear&#8220; von 1997, Seite 12, Lot 63<br \/>\nVINTAGE &amp; VERY RARE &#8211; 5x 1\/10 fl.oz perfume, glass tubes with red screw caps in the shape of flames, different colored labels, each 72 mm tall; the glass bottles are in tubes covered with metallic foil and sit in a candle holder covered with gold foil, on the front of which printed the name &#8222;Gabilla&#8220;; see also the 1997 auction catalog &#8222;Monsen and Bear&#8220;, page 12, lot 63<\/span><\/span><\/p>\n<p><span style=\"color: #615043;\"><span style=\"font-family: Trebuchet MS,verdana,sans-serif;\">D\u00fcfte | scents:<br \/>\n\u2022 Gardenia<br \/>\n\u2022 La Vierge Folle<br \/>\n\u2022 Lilas<br \/>\n\u2022 Mon Cheri<br \/>\n\u2022 Sinful Soul<\/span><\/span><\/p>\n<p><span style=\"color: #615043;\"><span style=\"font-family: Trebuchet MS,verdana,sans-serif;\">\u2014\u2014\u2014 f\u00fcr F\u00fcllstand siehe Bild\/er \u2014\u2014\u2014 for contents see picture\/s \u2014\u2014\u2014<\/span><\/span><\/p>","protected":false},"excerpt":{"rendered":"<p>ALT UND SEHR SELTEN &#8211; 5x 3 ml Parfum, Glasr\u00f6hrchen mit roten Schraubverschl\u00fcssen in Form von Flammen, verschiedenfarbige Etiketten, je 72 mm hoch; die Glasfl\u00e4schchen befinden sich in R\u00f6hren \u00fcberzogen mit metallicfarbener Folie und sitzen in einem Kerzenhalten \u00fcberzogen mit Goldfolie, darauf vorne der Name &#8222;Gabilla&#8220;; siehe auch Auktionskatalog &#8222;Monsen and Bear&#8220; von 1997, Seite [&hellip;]<\/p>","protected":false},"featured_media":19330,"comment_status":"closed","ping_status":"closed","template":"","meta":[],"product_brand":[4859],"product_cat":[692,1094,4860],"product_tag":[4861,4862,3696,1419,1424,4863,3938],"class_list":{"0":"post-19329","1":"product","2":"type-product","3":"status-publish","4":"has-post-thumbnail","6":"product_brand-gabilla","7":"product_cat-novelties","8":"product_cat-parfumminiaturen-alt-vintage","9":"product_cat-gabilla","10":"product_tag-gabilla","11":"product_tag-la-vierge-folle","12":"product_tag-miniature-de-parfum","13":"product_tag-miniature-perfume-bottle","14":"product_tag-parfumminiatur","15":"product_tag-sinful-soul","16":"product_tag-www_parfumminis-com","18":"first","19":"instock","20":"taxable","21":"shipping-taxable","22":"purchasable","23":"product-type-simple"},"_links":{"self":[{"href":"https:\/\/parfumminis.com\/en\/wp-json\/wp\/v2\/product\/19329","targetHints":{"allow":["GET"]}}],"collection":[{"href":"https:\/\/parfumminis.com\/en\/wp-json\/wp\/v2\/product"}],"about":[{"href":"https:\/\/parfumminis.com\/en\/wp-json\/wp\/v2\/types\/product"}],"replies":[{"embeddable":true,"href":"https:\/\/parfumminis.com\/en\/wp-json\/wp\/v2\/comments?post=19329"}],"wp:featuredmedia":[{"embeddable":true,"href":"https:\/\/parfumminis.com\/en\/wp-json\/wp\/v2\/media\/19330"}],"wp:attachment":[{"href":"https:\/\/parfumminis.com\/en\/wp-json\/wp\/v2\/media?parent=19329"}],"wp:term":[{"taxonomy":"product_brand","embeddable":true,"href":"https:\/\/parfumminis.com\/en\/wp-json\/wp\/v2\/product_brand?post=19329"},{"taxonomy":"product_cat","embeddable":true,"href":"https:\/\/parfumminis.com\/en\/wp-json\/wp\/v2\/product_cat?post=19329"},{"taxonomy":"product_tag","embeddable":true,"href":"https:\/\/parfumminis.com\/en\/wp-json\/wp\/v2\/product_tag?post=19329"}],"curies":[{"name":"wp","href":"https:\/\/api.w.org\/{rel}","templated":true}]}}