{"id":19315,"date":"2026-01-21T18:06:54","date_gmt":"2026-01-21T17:06:54","guid":{"rendered":"https:\/\/parfumminis.com\/?post_type=product&#038;p=19315"},"modified":"2026-01-21T15:59:59","modified_gmt":"2026-01-21T14:59:59","slug":"halston-2ml-parfum","status":"publish","type":"product","link":"https:\/\/parfumminis.com\/en\/shop\/parfumminiaturen\/minis-h\/halston1608804160\/halston-2ml-parfum\/","title":{"rendered":"Halston 2ml Parfum"},"content":{"rendered":"<p><span style=\"color: #615043;\"><span style=\"font-family: Trebuchet MS,verdana,sans-serif;\">2 ml Parfum, wei\u00dfer Schraubverschlu\u00df, transparentes Glas, transparentes Etikett auf R\u00fcckseite, 44 mm hoch<br \/>\n1\/15 fl.oz perfume, white screw-on lid, transparent glass, transparent label on backside, 44 mm tall<\/span><\/span><\/p>\n<p><span style=\"color: #615043;\"><span style=\"font-family: Trebuchet MS,verdana,sans-serif;\">\u2014\u2014\u2014 f\u00fcr F\u00fcllstand siehe Bild\/er \u2014\u2014\u2014 for contents see picture\/s \u2014\u2014\u2014<\/span><\/span><\/p>","protected":false},"excerpt":{"rendered":"<p>2 ml Parfum, wei\u00dfer Schraubverschlu\u00df, transparentes Glas, transparentes Etikett auf R\u00fcckseite, 44 mm hoch 1\/15 fl.oz perfume, white screw-on lid, transparent glass, transparent label on backside, 44 mm tall \u2014\u2014\u2014 f\u00fcr F\u00fcllstand siehe Bild\/er \u2014\u2014\u2014 for contents see picture\/s \u2014\u2014\u2014<\/p>","protected":false},"featured_media":19316,"comment_status":"closed","ping_status":"closed","template":"","meta":[],"product_brand":[244],"product_cat":[813],"product_tag":[2173,3696,1419,1424,3938],"class_list":{"0":"post-19315","1":"product","2":"type-product","3":"status-publish","4":"has-post-thumbnail","6":"product_brand-halston","7":"product_cat-halston1608804160","8":"product_tag-halston","9":"product_tag-miniature-de-parfum","10":"product_tag-miniature-perfume-bottle","11":"product_tag-parfumminiatur","12":"product_tag-www_parfumminis-com","14":"first","15":"instock","16":"taxable","17":"shipping-taxable","18":"purchasable","19":"product-type-simple"},"_links":{"self":[{"href":"https:\/\/parfumminis.com\/en\/wp-json\/wp\/v2\/product\/19315","targetHints":{"allow":["GET"]}}],"collection":[{"href":"https:\/\/parfumminis.com\/en\/wp-json\/wp\/v2\/product"}],"about":[{"href":"https:\/\/parfumminis.com\/en\/wp-json\/wp\/v2\/types\/product"}],"replies":[{"embeddable":true,"href":"https:\/\/parfumminis.com\/en\/wp-json\/wp\/v2\/comments?post=19315"}],"wp:featuredmedia":[{"embeddable":true,"href":"https:\/\/parfumminis.com\/en\/wp-json\/wp\/v2\/media\/19316"}],"wp:attachment":[{"href":"https:\/\/parfumminis.com\/en\/wp-json\/wp\/v2\/media?parent=19315"}],"wp:term":[{"taxonomy":"product_brand","embeddable":true,"href":"https:\/\/parfumminis.com\/en\/wp-json\/wp\/v2\/product_brand?post=19315"},{"taxonomy":"product_cat","embeddable":true,"href":"https:\/\/parfumminis.com\/en\/wp-json\/wp\/v2\/product_cat?post=19315"},{"taxonomy":"product_tag","embeddable":true,"href":"https:\/\/parfumminis.com\/en\/wp-json\/wp\/v2\/product_tag?post=19315"}],"curies":[{"name":"wp","href":"https:\/\/api.w.org\/{rel}","templated":true}]}}