{"id":19260,"date":"2026-01-02T18:03:31","date_gmt":"2026-01-02T17:03:31","guid":{"rendered":"https:\/\/parfumminis.com\/?post_type=product&#038;p=19260"},"modified":"2026-01-02T16:20:31","modified_gmt":"2026-01-02T15:20:31","slug":"trebol-15ml-parfum-extrait","status":"publish","type":"product","link":"https:\/\/parfumminis.com\/en\/shop\/parfumminiaturen\/minis-p-q\/gal1608804693\/trebol-15ml-parfum-extrait\/","title":{"rendered":"Tr\u00e9bol 15ml Parfum Extrait"},"content":{"rendered":"<p><span style=\"color: #615043;\"><span style=\"font-family: Trebuchet MS,verdana,sans-serif;\">15 ml Parfum Extrakt, original verschlossen mit Wachs, darunter vermutlich ein Korkstopfen, Papierbanderole mit Namen um Flaschenhals, sch\u00f6nes Jugendstil-Etikett aus Papier, auf der R\u00fcckseite des Flakons ist &#8222;GAL&#8220; im Glas erhaben gepr\u00e4gt, 115 mm hoch, mit Box<br \/>\n1\/2 fl.oz perfume extract, originally sealed with wax, presumably with cork stopper underneath, paper band with name wrapped around bottle neck, beautiful Art Nouveau paper label, &#8222;GAL&#8220; is embossed in the glass on the back of the bottle, 115 mm tall, with box<\/span><\/span><\/p>\n<p><span style=\"color: #615043;\"><span style=\"font-family: Trebuchet MS,verdana,sans-serif;\">\u2014\u2014\u2014 f\u00fcr F\u00fcllstand siehe Bild\/er \u2014\u2014\u2014 for contents see picture\/s \u2014\u2014\u2014<\/span><\/span><\/p>","protected":false},"excerpt":{"rendered":"<p>15 ml Parfum Extrakt, original verschlossen mit Wachs, darunter vermutlich ein Korkstopfen, Papierbanderole mit Namen um Flaschenhals, sch\u00f6nes Jugendstil-Etikett aus Papier, auf der R\u00fcckseite des Flakons ist &#8222;GAL&#8220; im Glas erhaben gepr\u00e4gt, 115 mm hoch, mit Box 1\/2 fl.oz perfume extract, originally sealed with wax, presumably with cork stopper underneath, paper band with name wrapped [&hellip;]<\/p>","protected":false},"featured_media":19261,"comment_status":"closed","ping_status":"closed","template":"","meta":[],"product_brand":[225],"product_cat":[1088],"product_tag":[3696,1419,1424,4846,4851,3938],"class_list":{"0":"post-19260","1":"product","2":"type-product","3":"status-publish","4":"has-post-thumbnail","6":"product_brand-gal","7":"product_cat-gal1608804693","8":"product_tag-miniature-de-parfum","9":"product_tag-miniature-perfume-bottle","10":"product_tag-parfumminiatur","11":"product_tag-perfumeria-gal","12":"product_tag-trebol","13":"product_tag-www_parfumminis-com","15":"first","16":"instock","17":"taxable","18":"shipping-taxable","19":"purchasable","20":"product-type-simple"},"_links":{"self":[{"href":"https:\/\/parfumminis.com\/en\/wp-json\/wp\/v2\/product\/19260","targetHints":{"allow":["GET"]}}],"collection":[{"href":"https:\/\/parfumminis.com\/en\/wp-json\/wp\/v2\/product"}],"about":[{"href":"https:\/\/parfumminis.com\/en\/wp-json\/wp\/v2\/types\/product"}],"replies":[{"embeddable":true,"href":"https:\/\/parfumminis.com\/en\/wp-json\/wp\/v2\/comments?post=19260"}],"wp:featuredmedia":[{"embeddable":true,"href":"https:\/\/parfumminis.com\/en\/wp-json\/wp\/v2\/media\/19261"}],"wp:attachment":[{"href":"https:\/\/parfumminis.com\/en\/wp-json\/wp\/v2\/media?parent=19260"}],"wp:term":[{"taxonomy":"product_brand","embeddable":true,"href":"https:\/\/parfumminis.com\/en\/wp-json\/wp\/v2\/product_brand?post=19260"},{"taxonomy":"product_cat","embeddable":true,"href":"https:\/\/parfumminis.com\/en\/wp-json\/wp\/v2\/product_cat?post=19260"},{"taxonomy":"product_tag","embeddable":true,"href":"https:\/\/parfumminis.com\/en\/wp-json\/wp\/v2\/product_tag?post=19260"}],"curies":[{"name":"wp","href":"https:\/\/api.w.org\/{rel}","templated":true}]}}