{"id":19138,"date":"2025-11-29T18:01:39","date_gmt":"2025-11-29T17:01:39","guid":{"rendered":"https:\/\/parfumminis.com\/?post_type=product&#038;p=19138"},"modified":"2025-11-29T08:08:18","modified_gmt":"2025-11-29T07:08:18","slug":"dahlia-25ml-parfum","status":"publish","type":"product","link":"https:\/\/parfumminis.com\/en\/shop\/parfumminiaturen\/minis-f\/fragonard\/dahlia-25ml-parfum\/","title":{"rendered":"Dahlia 2,5ml Parfum"},"content":{"rendered":"<p><span style=\"color: #615043;\"><span style=\"font-family: Trebuchet MS,verdana,sans-serif;\">2,5 ml Parfum, wei\u00dfer Clipverschlu\u00df, wei\u00dfes Papieretikett mit schwarzem &amp; goldenen Druck, 38 mm hoch<br \/>\n0.08 fl.oz perfume, white clip lid, white paper label with black &amp; golden print, 38 mm tall<\/span><\/span><\/p>\n<p><span style=\"color: #615043;\"><span style=\"font-family: Trebuchet MS,verdana,sans-serif;\">\u2014\u2014\u2014 f\u00fcr F\u00fcllstand siehe Bild\/er \u2014\u2014\u2014 for contents see picture\/s \u2014\u2014\u2014<\/span><\/span><\/p>","protected":false},"excerpt":{"rendered":"<p>2,5 ml Parfum, wei\u00dfer Clipverschlu\u00df, wei\u00dfes Papieretikett mit schwarzem &amp; goldenen Druck, 38 mm hoch 0.08 fl.oz perfume, white clip lid, white paper label with black &amp; golden print, 38 mm tall \u2014\u2014\u2014 f\u00fcr F\u00fcllstand siehe Bild\/er \u2014\u2014\u2014 for contents see picture\/s \u2014\u2014\u2014<\/p>","protected":false},"featured_media":19139,"comment_status":"closed","ping_status":"closed","template":"","meta":[],"product_brand":[4795],"product_cat":[4791],"product_tag":[4801,4796,3696,1419,1424,3938],"class_list":{"0":"post-19138","1":"product","2":"type-product","3":"status-publish","4":"has-post-thumbnail","6":"product_brand-fragonard","7":"product_cat-fragonard","8":"product_tag-dahlia","9":"product_tag-fragonard","10":"product_tag-miniature-de-parfum","11":"product_tag-miniature-perfume-bottle","12":"product_tag-parfumminiatur","13":"product_tag-www_parfumminis-com","15":"first","16":"instock","17":"taxable","18":"shipping-taxable","19":"purchasable","20":"product-type-simple"},"_links":{"self":[{"href":"https:\/\/parfumminis.com\/en\/wp-json\/wp\/v2\/product\/19138","targetHints":{"allow":["GET"]}}],"collection":[{"href":"https:\/\/parfumminis.com\/en\/wp-json\/wp\/v2\/product"}],"about":[{"href":"https:\/\/parfumminis.com\/en\/wp-json\/wp\/v2\/types\/product"}],"replies":[{"embeddable":true,"href":"https:\/\/parfumminis.com\/en\/wp-json\/wp\/v2\/comments?post=19138"}],"wp:featuredmedia":[{"embeddable":true,"href":"https:\/\/parfumminis.com\/en\/wp-json\/wp\/v2\/media\/19139"}],"wp:attachment":[{"href":"https:\/\/parfumminis.com\/en\/wp-json\/wp\/v2\/media?parent=19138"}],"wp:term":[{"taxonomy":"product_brand","embeddable":true,"href":"https:\/\/parfumminis.com\/en\/wp-json\/wp\/v2\/product_brand?post=19138"},{"taxonomy":"product_cat","embeddable":true,"href":"https:\/\/parfumminis.com\/en\/wp-json\/wp\/v2\/product_cat?post=19138"},{"taxonomy":"product_tag","embeddable":true,"href":"https:\/\/parfumminis.com\/en\/wp-json\/wp\/v2\/product_tag?post=19138"}],"curies":[{"name":"wp","href":"https:\/\/api.w.org\/{rel}","templated":true}]}}