{"id":19119,"date":"2025-11-19T18:06:02","date_gmt":"2025-11-19T17:06:02","guid":{"rendered":"https:\/\/parfumminis.com\/?post_type=product&#038;p=19119"},"modified":"2025-11-19T17:28:55","modified_gmt":"2025-11-19T16:28:55","slug":"orange-blossom-3x-375ml-parfum-b","status":"publish","type":"product","link":"https:\/\/parfumminis.com\/en\/shop\/parfumminiaturen-alt-vintage\/duvinne\/orange-blossom-3x-375ml-parfum-b\/","title":{"rendered":"Orange Blossom 3x 3,75ml Parfum (b)"},"content":{"rendered":"<p><span style=\"color: #615043;\"><span style=\"font-family: Trebuchet MS,verdana,sans-serif;\">ALT &#8211; Parfumpr\u00e4sentation in einer Kugel aus orange lackiertem Pre\u00dfglas mit Aufdruck &#8222;FRESNO, CALIF.&#8220;, innen 3 identische Miniaturen &#8222;Orange Blossom&#8220; \u00e0 3,75 ml Parfum, goldene Metall-Schraubverschl\u00fcsse, goldene Etiketten mit schwarzem Druck, je 43 mm hoch, mit Wachsbl\u00fcte &amp; gr\u00fcnem Blatt, H\u00f6he der Pr\u00e4sentation ca. 82 mm; ca. 40er Jahre, USA<br \/>\nVINTAGE &#8211; perfume presentation in a sphere made of orange lacquered pressed glass with imprint &#8222;FRESNO, CALIF.&#8220;, containing 3 identical miniatures &#8222;Orange Blossom&#8220; each 1 dram perfume, golden metal screw-on lids, golden labels with black print, each 43 mm tall, with wax flower &amp; green leaf, height of the presentation approx. 82 mm; circa 1940s, USA<\/span><\/span><span style=\"color: #615043;\"><span style=\"font-family: Trebuchet MS,verdana,sans-serif;\"><br \/>\n<\/span><\/span><\/p>\n<p><span style=\"color: #615043;\"><span style=\"font-family: Trebuchet MS,verdana,sans-serif;\">\u2014\u2014\u2014 f\u00fcr F\u00fcllstand siehe Bild\/er \u2014\u2014\u2014 for contents see picture\/s \u2014\u2014\u2014<\/span><\/span><\/p>","protected":false},"excerpt":{"rendered":"<p>ALT &#8211; Parfumpr\u00e4sentation in einer Kugel aus orange lackiertem Pre\u00dfglas mit Aufdruck &#8222;FRESNO, CALIF.&#8220;, innen 3 identische Miniaturen &#8222;Orange Blossom&#8220; \u00e0 3,75 ml Parfum, goldene Metall-Schraubverschl\u00fcsse, goldene Etiketten mit schwarzem Druck, je 43 mm hoch, mit Wachsbl\u00fcte &amp; gr\u00fcnem Blatt, H\u00f6he der Pr\u00e4sentation ca. 82 mm; ca. 40er Jahre, USA VINTAGE &#8211; perfume presentation in [&hellip;]<\/p>","protected":false},"featured_media":19120,"comment_status":"closed","ping_status":"closed","template":"","meta":[],"product_brand":[193],"product_cat":[783,696,4789,4790],"product_tag":[4787,3696,1419,1824,1424,3938],"class_list":{"0":"post-19119","1":"product","2":"type-product","3":"status-publish","4":"has-post-thumbnail","6":"product_brand-duvinne","7":"product_cat-duvinne1608804106","8":"product_cat-sets","9":"product_cat-duvinne","10":"product_cat-duvinne-novelties","11":"product_tag-duvinne","12":"product_tag-miniature-de-parfum","13":"product_tag-miniature-perfume-bottle","14":"product_tag-orange-blossom","15":"product_tag-parfumminiatur","16":"product_tag-www_parfumminis-com","18":"first","19":"instock","20":"taxable","21":"shipping-taxable","22":"purchasable","23":"product-type-simple"},"_links":{"self":[{"href":"https:\/\/parfumminis.com\/en\/wp-json\/wp\/v2\/product\/19119","targetHints":{"allow":["GET"]}}],"collection":[{"href":"https:\/\/parfumminis.com\/en\/wp-json\/wp\/v2\/product"}],"about":[{"href":"https:\/\/parfumminis.com\/en\/wp-json\/wp\/v2\/types\/product"}],"replies":[{"embeddable":true,"href":"https:\/\/parfumminis.com\/en\/wp-json\/wp\/v2\/comments?post=19119"}],"wp:featuredmedia":[{"embeddable":true,"href":"https:\/\/parfumminis.com\/en\/wp-json\/wp\/v2\/media\/19120"}],"wp:attachment":[{"href":"https:\/\/parfumminis.com\/en\/wp-json\/wp\/v2\/media?parent=19119"}],"wp:term":[{"taxonomy":"product_brand","embeddable":true,"href":"https:\/\/parfumminis.com\/en\/wp-json\/wp\/v2\/product_brand?post=19119"},{"taxonomy":"product_cat","embeddable":true,"href":"https:\/\/parfumminis.com\/en\/wp-json\/wp\/v2\/product_cat?post=19119"},{"taxonomy":"product_tag","embeddable":true,"href":"https:\/\/parfumminis.com\/en\/wp-json\/wp\/v2\/product_tag?post=19119"}],"curies":[{"name":"wp","href":"https:\/\/api.w.org\/{rel}","templated":true}]}}