{"id":19111,"date":"2025-11-19T18:04:43","date_gmt":"2025-11-19T17:04:43","guid":{"rendered":"https:\/\/parfumminis.com\/?post_type=product&#038;p=19111"},"modified":"2025-11-19T18:20:27","modified_gmt":"2025-11-19T17:20:27","slug":"duvinne-3x-375ml-parfum-d","status":"publish","type":"product","link":"https:\/\/parfumminis.com\/en\/shop\/parfumminiaturen-alt-vintage\/duvinne\/duvinne-3x-375ml-parfum-d\/","title":{"rendered":"Duvinne 3x 3,75ml Parfum (d)"},"content":{"rendered":"<p><span style=\"color: #615043;\"><span style=\"font-family: Trebuchet MS,verdana,sans-serif;\">ALT &#8211; Parfumpr\u00e4sentation in einer Kugel aus Pre\u00dfglas mit gro\u00dfem gr\u00fcnen Glasstein oben, innen 3 Miniaturen \u00e0 3,75 ml Parfum, silberne Metall-Schraubverschl\u00fcsse mit silberner Verzierung und gr\u00fcnem Glasstein oben, silberne Etiketten mit schwarzem Druck, je 46 mm hoch, H\u00f6he der Pr\u00e4sentation ca. 88 mm; ca. 40er Jahre, USA<br \/>\nVINTAGE &#8211; perfume presentation in a sphere made of pressed glass with large green glass stone on top, containing 3 miniatures each 1 dram perfume, silver metal screw-on lids with silver decoration and green glass stone at the top, silver labels with black print, each 46 mm tall, height of the presentation approx. 88 mm, circa 1940s, USA<br \/>\n<\/span><\/span><\/p>\n<p><span style=\"color: #615043;\"><span style=\"font-family: Trebuchet MS,verdana,sans-serif;\">D\u00fcfte | scents:<br \/>\n\u2022 Gardenia<br \/>\n\u2022 Lilac<br \/>\n\u2022 Sweet Pea<br \/>\n<\/span><\/span><\/p>\n<p><span style=\"color: #615043;\"><span style=\"font-family: Trebuchet MS,verdana,sans-serif;\">\u2014\u2014\u2014 f\u00fcr F\u00fcllstand siehe Bild\/er \u2014\u2014\u2014 for contents see picture\/s \u2014\u2014\u2014<\/span><\/span><\/p>","protected":false},"excerpt":{"rendered":"<p>ALT &#8211; Parfumpr\u00e4sentation in einer Kugel aus Pre\u00dfglas mit gro\u00dfem gr\u00fcnen Glasstein oben, innen 3 Miniaturen \u00e0 3,75 ml Parfum, silberne Metall-Schraubverschl\u00fcsse mit silberner Verzierung und gr\u00fcnem Glasstein oben, silberne Etiketten mit schwarzem Druck, je 46 mm hoch, H\u00f6he der Pr\u00e4sentation ca. 88 mm; ca. 40er Jahre, USA VINTAGE &#8211; perfume presentation in a sphere [&hellip;]<\/p>","protected":false},"featured_media":19112,"comment_status":"closed","ping_status":"closed","template":"","meta":[],"product_brand":[193],"product_cat":[783,696,4789,4790,3751],"product_tag":[4787,2164,1989,3696,1419,1424,1844,3938],"class_list":{"0":"post-19111","1":"product","2":"type-product","3":"status-publish","4":"has-post-thumbnail","6":"product_brand-duvinne","7":"product_cat-duvinne1608804106","8":"product_cat-sets","9":"product_cat-duvinne","10":"product_cat-duvinne-novelties","11":"product_cat-schmuckflakons-decorative-bottles","12":"product_tag-duvinne","13":"product_tag-gardenia","14":"product_tag-lilac","15":"product_tag-miniature-de-parfum","16":"product_tag-miniature-perfume-bottle","17":"product_tag-parfumminiatur","18":"product_tag-sweet-pea","19":"product_tag-www_parfumminis-com","21":"first","22":"instock","23":"taxable","24":"shipping-taxable","25":"purchasable","26":"product-type-simple"},"_links":{"self":[{"href":"https:\/\/parfumminis.com\/en\/wp-json\/wp\/v2\/product\/19111","targetHints":{"allow":["GET"]}}],"collection":[{"href":"https:\/\/parfumminis.com\/en\/wp-json\/wp\/v2\/product"}],"about":[{"href":"https:\/\/parfumminis.com\/en\/wp-json\/wp\/v2\/types\/product"}],"replies":[{"embeddable":true,"href":"https:\/\/parfumminis.com\/en\/wp-json\/wp\/v2\/comments?post=19111"}],"wp:featuredmedia":[{"embeddable":true,"href":"https:\/\/parfumminis.com\/en\/wp-json\/wp\/v2\/media\/19112"}],"wp:attachment":[{"href":"https:\/\/parfumminis.com\/en\/wp-json\/wp\/v2\/media?parent=19111"}],"wp:term":[{"taxonomy":"product_brand","embeddable":true,"href":"https:\/\/parfumminis.com\/en\/wp-json\/wp\/v2\/product_brand?post=19111"},{"taxonomy":"product_cat","embeddable":true,"href":"https:\/\/parfumminis.com\/en\/wp-json\/wp\/v2\/product_cat?post=19111"},{"taxonomy":"product_tag","embeddable":true,"href":"https:\/\/parfumminis.com\/en\/wp-json\/wp\/v2\/product_tag?post=19111"}],"curies":[{"name":"wp","href":"https:\/\/api.w.org\/{rel}","templated":true}]}}