{"id":18870,"date":"2025-09-30T19:02:14","date_gmt":"2025-09-30T17:02:14","guid":{"rendered":"https:\/\/parfumminis.com\/?post_type=product&#038;p=18870"},"modified":"2025-10-18T17:29:31","modified_gmt":"2025-10-18T15:29:31","slug":"chanel-fragrances-of-the-20s-5x-35ml-parfum-usa","status":"publish","type":"product","link":"https:\/\/parfumminis.com\/en\/shop\/parfumminiaturen\/minis-c\/chanel1608804038\/chanel-fragrances-of-the-20s-5x-35ml-parfum-usa\/","title":{"rendered":"&#8222;Chanel Fragrances of the 20s&#8220; 5x 3,5ml Parfum, USA"},"content":{"rendered":"<p><span style=\"color: #615043;\"><span style=\"font-family: Trebuchet MS,verdana,sans-serif;\">5 x 3,5 ml Parfum, transparente Verschl\u00fcsse, je 46 mm hoch, in Klappschatulle aus wei\u00dfem Kunstleder &amp; \u00dcberkarton, USA<br \/>\n5 x 0.12 fl.oz Parfum, transparent lids, each 46 mm tall, in a folding box made of white leatherette &amp; outer box, USA<\/span><\/span><\/p>\n<p><span style=\"color: #615043;\"><span style=\"font-family: Trebuchet MS,verdana,sans-serif;\">D\u00fcfte | Scents:<br \/>\n\u2022 No 5<br \/>\n\u2022 No 22<br \/>\n\u2022 Bois des Iles<br \/>\n\u2022 Cuir de Russie<br \/>\n\u2022 Gard\u00e9nia<\/span><\/span><\/p>\n<p><span style=\"color: #615043;\"><span style=\"font-family: Trebuchet MS,verdana,sans-serif;\">\u2014\u2014\u2014 f\u00fcr F\u00fcllstand siehe Bild\/er \u2014\u2014\u2014 for contents see picture\/s \u2014\u2014\u2014<\/span><\/span><\/p>","protected":false},"excerpt":{"rendered":"<p>5 x 3,5 ml Parfum, transparente Verschl\u00fcsse, je 46 mm hoch, in Klappschatulle aus wei\u00dfem Kunstleder &amp; \u00dcberkarton, USA 5 x 0.12 fl.oz Parfum, transparent lids, each 46 mm tall, in a folding box made of white leatherette &amp; outer box, USA D\u00fcfte | Scents: \u2022 No 5 \u2022 No 22 \u2022 Bois des Iles [&hellip;]<\/p>","protected":false},"featured_media":18871,"comment_status":"closed","ping_status":"closed","template":"","meta":[],"product_brand":[145],"product_cat":[746,696],"product_tag":[4728,3624,1820,2164,3696,1419,4725,4714,1424,3938],"class_list":{"0":"post-18870","1":"product","2":"type-product","3":"status-publish","4":"has-post-thumbnail","6":"product_brand-chanel","7":"product_cat-chanel1608804038","8":"product_cat-sets","9":"product_tag-bois-des-iles","10":"product_tag-chanel","11":"product_tag-cuir-de-russie","12":"product_tag-gardenia","13":"product_tag-miniature-de-parfum","14":"product_tag-miniature-perfume-bottle","15":"product_tag-no-22","16":"product_tag-no-5","17":"product_tag-parfumminiatur","18":"product_tag-www_parfumminis-com","20":"first","21":"instock","22":"taxable","23":"shipping-taxable","24":"purchasable","25":"product-type-simple"},"_links":{"self":[{"href":"https:\/\/parfumminis.com\/en\/wp-json\/wp\/v2\/product\/18870","targetHints":{"allow":["GET"]}}],"collection":[{"href":"https:\/\/parfumminis.com\/en\/wp-json\/wp\/v2\/product"}],"about":[{"href":"https:\/\/parfumminis.com\/en\/wp-json\/wp\/v2\/types\/product"}],"replies":[{"embeddable":true,"href":"https:\/\/parfumminis.com\/en\/wp-json\/wp\/v2\/comments?post=18870"}],"wp:featuredmedia":[{"embeddable":true,"href":"https:\/\/parfumminis.com\/en\/wp-json\/wp\/v2\/media\/18871"}],"wp:attachment":[{"href":"https:\/\/parfumminis.com\/en\/wp-json\/wp\/v2\/media?parent=18870"}],"wp:term":[{"taxonomy":"product_brand","embeddable":true,"href":"https:\/\/parfumminis.com\/en\/wp-json\/wp\/v2\/product_brand?post=18870"},{"taxonomy":"product_cat","embeddable":true,"href":"https:\/\/parfumminis.com\/en\/wp-json\/wp\/v2\/product_cat?post=18870"},{"taxonomy":"product_tag","embeddable":true,"href":"https:\/\/parfumminis.com\/en\/wp-json\/wp\/v2\/product_tag?post=18870"}],"curies":[{"name":"wp","href":"https:\/\/api.w.org\/{rel}","templated":true}]}}