{"id":18866,"date":"2025-09-30T19:01:14","date_gmt":"2025-09-30T17:01:14","guid":{"rendered":"https:\/\/parfumminis.com\/?post_type=product&#038;p=18866"},"modified":"2025-10-18T17:28:03","modified_gmt":"2025-10-18T15:28:03","slug":"the-art-of-chanel-5x-35ml-parfum-hatbox","status":"publish","type":"product","link":"https:\/\/parfumminis.com\/en\/shop\/parfumminiaturen\/minis-c\/chanel1608804038\/the-art-of-chanel-5x-35ml-parfum-hatbox\/","title":{"rendered":"&#8222;The Art of Chanel&#8220; 5x 3,5ml Parfum &#8211; Hatbox, USA"},"content":{"rendered":"<p><span style=\"color: #615043;\"><span style=\"font-family: Trebuchet MS,verdana,sans-serif;\">5 x 3,5 ml Parfum, transparente Verschl\u00fcsse, je 46 mm hoch, in Hutschachtel &amp; \u00dcberkarton, USA<br \/>\n5 x 0.12 fl.oz Parfum, transparent lids, each 46 mm tall, in hatbox &amp; outer box, USA<\/span><\/span><\/p>\n<p><span style=\"color: #615043;\"><span style=\"font-family: Trebuchet MS,verdana,sans-serif;\">D\u00fcfte | Scents:<br \/>\n\u2022 No 5<br \/>\n\u2022 No 19<br \/>\n\u2022 No 22<br \/>\n\u2022 Allure<br \/>\n\u2022 Coco<\/span><\/span><\/p>\n<p><span style=\"color: #615043;\"><span style=\"font-family: Trebuchet MS,verdana,sans-serif;\">\u2014\u2014\u2014 f\u00fcr F\u00fcllstand siehe Bild\/er \u2014\u2014\u2014 for contents see picture\/s \u2014\u2014\u2014<\/span><\/span><\/p>","protected":false},"excerpt":{"rendered":"<p>5 x 3,5 ml Parfum, transparente Verschl\u00fcsse, je 46 mm hoch, in Hutschachtel &amp; \u00dcberkarton, USA 5 x 0.12 fl.oz Parfum, transparent lids, each 46 mm tall, in hatbox &amp; outer box, USA D\u00fcfte | Scents: \u2022 No 5 \u2022 No 19 \u2022 No 22 \u2022 Allure \u2022 Coco \u2014\u2014\u2014 f\u00fcr F\u00fcllstand siehe Bild\/er \u2014\u2014\u2014 [&hellip;]<\/p>","protected":false},"featured_media":18867,"comment_status":"closed","ping_status":"closed","template":"","meta":[],"product_brand":[145],"product_cat":[746,696],"product_tag":[4730,3624,3696,1419,3625,4725,4714,1424,3938],"class_list":{"0":"post-18866","1":"product","2":"type-product","3":"status-publish","4":"has-post-thumbnail","6":"product_brand-chanel","7":"product_cat-chanel1608804038","8":"product_cat-sets","9":"product_tag-allure","10":"product_tag-chanel","11":"product_tag-miniature-de-parfum","12":"product_tag-miniature-perfume-bottle","13":"product_tag-no-19","14":"product_tag-no-22","15":"product_tag-no-5","16":"product_tag-parfumminiatur","17":"product_tag-www_parfumminis-com","19":"first","20":"instock","21":"taxable","22":"shipping-taxable","23":"purchasable","24":"product-type-simple"},"_links":{"self":[{"href":"https:\/\/parfumminis.com\/en\/wp-json\/wp\/v2\/product\/18866","targetHints":{"allow":["GET"]}}],"collection":[{"href":"https:\/\/parfumminis.com\/en\/wp-json\/wp\/v2\/product"}],"about":[{"href":"https:\/\/parfumminis.com\/en\/wp-json\/wp\/v2\/types\/product"}],"replies":[{"embeddable":true,"href":"https:\/\/parfumminis.com\/en\/wp-json\/wp\/v2\/comments?post=18866"}],"wp:featuredmedia":[{"embeddable":true,"href":"https:\/\/parfumminis.com\/en\/wp-json\/wp\/v2\/media\/18867"}],"wp:attachment":[{"href":"https:\/\/parfumminis.com\/en\/wp-json\/wp\/v2\/media?parent=18866"}],"wp:term":[{"taxonomy":"product_brand","embeddable":true,"href":"https:\/\/parfumminis.com\/en\/wp-json\/wp\/v2\/product_brand?post=18866"},{"taxonomy":"product_cat","embeddable":true,"href":"https:\/\/parfumminis.com\/en\/wp-json\/wp\/v2\/product_cat?post=18866"},{"taxonomy":"product_tag","embeddable":true,"href":"https:\/\/parfumminis.com\/en\/wp-json\/wp\/v2\/product_tag?post=18866"}],"curies":[{"name":"wp","href":"https:\/\/api.w.org\/{rel}","templated":true}]}}