{"id":18851,"date":"2025-09-29T18:02:35","date_gmt":"2025-09-29T16:02:35","guid":{"rendered":"https:\/\/parfumminis.com\/?post_type=product&#038;p=18851"},"modified":"2025-09-29T15:31:16","modified_gmt":"2025-09-29T13:31:16","slug":"no-19-19ml-edt","status":"publish","type":"product","link":"https:\/\/parfumminis.com\/en\/shop\/parfumminiaturen\/minis-c\/chanel1608804038\/no-19-19ml-edt\/","title":{"rendered":"No 19 &#8211; 19ml EdT"},"content":{"rendered":"<p><span style=\"font-family: Trebuchet MS,verdana,sans-serif;\">19 ml EdT, schwarzer Schraubverschlu\u00df mit gepr\u00e4gtem wei\u00dfem Logo oben, wei\u00dfes Papieretikett mit schwarzem Druck, 67 mm hoch<br \/>\n0.63 fl.oz EdT, black screw-on lid with white logo embossed on top, white paper label with black print, 67 mm tall<\/span><\/p>\n<p><span style=\"font-family: Trebuchet MS,verdana,sans-serif;\">\u2014\u2014\u2014 f\u00fcr F\u00fcllstand siehe Bild\/er \u2014\u2014\u2014 for contents see picture\/s \u2014\u2014\u2014<\/span><\/p>","protected":false},"excerpt":{"rendered":"<p>19 ml EdT, schwarzer Schraubverschlu\u00df mit gepr\u00e4gtem wei\u00dfem Logo oben, wei\u00dfes Papieretikett mit schwarzem Druck, 67 mm hoch 0.63 fl.oz EdT, black screw-on lid with white logo embossed on top, white paper label with black print, 67 mm tall \u2014\u2014\u2014 f\u00fcr F\u00fcllstand siehe Bild\/er \u2014\u2014\u2014 for contents see picture\/s \u2014\u2014\u2014<\/p>","protected":false},"featured_media":18852,"comment_status":"closed","ping_status":"closed","template":"","meta":[],"product_brand":[145],"product_cat":[746],"product_tag":[3624,3696,1419,3625,1424,3938],"class_list":{"0":"post-18851","1":"product","2":"type-product","3":"status-publish","4":"has-post-thumbnail","6":"product_brand-chanel","7":"product_cat-chanel1608804038","8":"product_tag-chanel","9":"product_tag-miniature-de-parfum","10":"product_tag-miniature-perfume-bottle","11":"product_tag-no-19","12":"product_tag-parfumminiatur","13":"product_tag-www_parfumminis-com","15":"first","16":"instock","17":"taxable","18":"shipping-taxable","19":"purchasable","20":"product-type-simple"},"_links":{"self":[{"href":"https:\/\/parfumminis.com\/en\/wp-json\/wp\/v2\/product\/18851","targetHints":{"allow":["GET"]}}],"collection":[{"href":"https:\/\/parfumminis.com\/en\/wp-json\/wp\/v2\/product"}],"about":[{"href":"https:\/\/parfumminis.com\/en\/wp-json\/wp\/v2\/types\/product"}],"replies":[{"embeddable":true,"href":"https:\/\/parfumminis.com\/en\/wp-json\/wp\/v2\/comments?post=18851"}],"wp:featuredmedia":[{"embeddable":true,"href":"https:\/\/parfumminis.com\/en\/wp-json\/wp\/v2\/media\/18852"}],"wp:attachment":[{"href":"https:\/\/parfumminis.com\/en\/wp-json\/wp\/v2\/media?parent=18851"}],"wp:term":[{"taxonomy":"product_brand","embeddable":true,"href":"https:\/\/parfumminis.com\/en\/wp-json\/wp\/v2\/product_brand?post=18851"},{"taxonomy":"product_cat","embeddable":true,"href":"https:\/\/parfumminis.com\/en\/wp-json\/wp\/v2\/product_cat?post=18851"},{"taxonomy":"product_tag","embeddable":true,"href":"https:\/\/parfumminis.com\/en\/wp-json\/wp\/v2\/product_tag?post=18851"}],"curies":[{"name":"wp","href":"https:\/\/api.w.org\/{rel}","templated":true}]}}