{"id":18667,"date":"2025-08-24T18:04:12","date_gmt":"2025-08-24T16:04:12","guid":{"rendered":"https:\/\/parfumminis.com\/?post_type=product&#038;p=18667"},"modified":"2025-08-24T16:41:15","modified_gmt":"2025-08-24T14:41:15","slug":"nonchalance-feu-bleu-75ml-parfum","status":"publish","type":"product","link":"https:\/\/parfumminis.com\/en\/shop\/parfumminiaturen\/minis-m\/maurer-wirtz1608804289\/nonchalance-feu-bleu-75ml-parfum\/","title":{"rendered":"Nonchalance Feu Bleu 7,5ml Parfum"},"content":{"rendered":"<p><span style=\"color: #615043;\"><span style=\"font-family: Trebuchet MS,verdana,sans-serif;\">7,5 ml Parfum (voll gef\u00fcllt), Glasverschlu\u00df, violettes Glas, wei\u00dfer Druck vorne &amp; hinten, 71 mm hoch<br \/>\n1\/4 fl.oz perfume (full of contents), glass lid, purple glass, white print on front &amp; back side, 71 mm tall<\/span><\/span><\/p>\n<p><span style=\"color: #615043;\"><span style=\"font-family: Trebuchet MS,verdana,sans-serif;\">\u2014\u2014\u2014 f\u00fcr F\u00fcllstand siehe Bild\/er \u2014\u2014\u2014 for contents see picture\/s \u2014\u2014\u2014<\/span><\/span><\/p>","protected":false},"excerpt":{"rendered":"<p>7,5 ml Parfum (voll gef\u00fcllt), Glasverschlu\u00df, violettes Glas, wei\u00dfer Druck vorne &amp; hinten, 71 mm hoch 1\/4 fl.oz perfume (full of contents), glass lid, purple glass, white print on front &amp; back side, 71 mm tall \u2014\u2014\u2014 f\u00fcr F\u00fcllstand siehe Bild\/er \u2014\u2014\u2014 for contents see picture\/s \u2014\u2014\u2014<\/p>","protected":false},"featured_media":18668,"comment_status":"closed","ping_status":"closed","template":"","meta":[],"product_brand":[322],"product_cat":[877],"product_tag":[1894,3696,1419,4703,1424,3938],"class_list":{"0":"post-18667","1":"product","2":"type-product","3":"status-publish","4":"has-post-thumbnail","6":"product_brand-maurer-wirtz","7":"product_cat-maurer-wirtz1608804289","8":"product_tag-maeurer-wirtz","9":"product_tag-miniature-de-parfum","10":"product_tag-miniature-perfume-bottle","11":"product_tag-nonchalance-feu-bleu","12":"product_tag-parfumminiatur","13":"product_tag-www_parfumminis-com","15":"first","16":"instock","17":"taxable","18":"shipping-taxable","19":"purchasable","20":"product-type-simple"},"_links":{"self":[{"href":"https:\/\/parfumminis.com\/en\/wp-json\/wp\/v2\/product\/18667","targetHints":{"allow":["GET"]}}],"collection":[{"href":"https:\/\/parfumminis.com\/en\/wp-json\/wp\/v2\/product"}],"about":[{"href":"https:\/\/parfumminis.com\/en\/wp-json\/wp\/v2\/types\/product"}],"replies":[{"embeddable":true,"href":"https:\/\/parfumminis.com\/en\/wp-json\/wp\/v2\/comments?post=18667"}],"wp:featuredmedia":[{"embeddable":true,"href":"https:\/\/parfumminis.com\/en\/wp-json\/wp\/v2\/media\/18668"}],"wp:attachment":[{"href":"https:\/\/parfumminis.com\/en\/wp-json\/wp\/v2\/media?parent=18667"}],"wp:term":[{"taxonomy":"product_brand","embeddable":true,"href":"https:\/\/parfumminis.com\/en\/wp-json\/wp\/v2\/product_brand?post=18667"},{"taxonomy":"product_cat","embeddable":true,"href":"https:\/\/parfumminis.com\/en\/wp-json\/wp\/v2\/product_cat?post=18667"},{"taxonomy":"product_tag","embeddable":true,"href":"https:\/\/parfumminis.com\/en\/wp-json\/wp\/v2\/product_tag?post=18667"}],"curies":[{"name":"wp","href":"https:\/\/api.w.org\/{rel}","templated":true}]}}