{"id":18663,"date":"2025-08-24T18:02:31","date_gmt":"2025-08-24T16:02:31","guid":{"rendered":"https:\/\/parfumminis.com\/?post_type=product&#038;p=18663"},"modified":"2025-08-24T16:08:27","modified_gmt":"2025-08-24T14:08:27","slug":"gran-valor-15ml-edc","status":"publish","type":"product","link":"https:\/\/parfumminis.com\/en\/shop\/parfumminiaturen\/minis-m\/maurer-wirtz1608804289\/gran-valor-15ml-edc\/","title":{"rendered":"Gran-Valor 15ml EdC"},"content":{"rendered":"<p><span style=\"color: #615043;\"><span style=\"font-family: Trebuchet MS,verdana,sans-serif;\">15 ml EdC, goldener Schraubverschlu\u00df, gold-schwarzer Druck vorne, schwarzer Druck hinten, 69 mm hoch, mit Box &amp; Beipackzettel; Box ist auf der R\u00fcckseite etwas besch\u00e4digt<br \/>\n1\/2 fl.oz EdC, golden screw-on lid, gold-black print on front side, black print on back side, 69 mm tall, with box &amp; leaflet; box is slightly damaged on the back<\/span><\/span><\/p>\n<p><span style=\"color: #615043;\"><span style=\"font-family: Trebuchet MS,verdana,sans-serif;\">\u2014\u2014\u2014 f\u00fcr F\u00fcllstand siehe Bild\/er \u2014\u2014\u2014 for contents see picture\/s \u2014\u2014\u2014<\/span><\/span><\/p>","protected":false},"excerpt":{"rendered":"<p>15 ml EdC, goldener Schraubverschlu\u00df, gold-schwarzer Druck vorne, schwarzer Druck hinten, 69 mm hoch, mit Box &amp; Beipackzettel; Box ist auf der R\u00fcckseite etwas besch\u00e4digt 1\/2 fl.oz EdC, golden screw-on lid, gold-black print on front side, black print on back side, 69 mm tall, with box &amp; leaflet; box is slightly damaged on the back [&hellip;]<\/p>","protected":false},"featured_media":18664,"comment_status":"closed","ping_status":"closed","template":"","meta":[],"product_brand":[322],"product_cat":[877],"product_tag":[4702,1894,3696,1419,1424,3938],"class_list":{"0":"post-18663","1":"product","2":"type-product","3":"status-publish","4":"has-post-thumbnail","6":"product_brand-maurer-wirtz","7":"product_cat-maurer-wirtz1608804289","8":"product_tag-gran-valor","9":"product_tag-maeurer-wirtz","10":"product_tag-miniature-de-parfum","11":"product_tag-miniature-perfume-bottle","12":"product_tag-parfumminiatur","13":"product_tag-www_parfumminis-com","15":"first","16":"instock","17":"taxable","18":"shipping-taxable","19":"purchasable","20":"product-type-simple"},"_links":{"self":[{"href":"https:\/\/parfumminis.com\/en\/wp-json\/wp\/v2\/product\/18663","targetHints":{"allow":["GET"]}}],"collection":[{"href":"https:\/\/parfumminis.com\/en\/wp-json\/wp\/v2\/product"}],"about":[{"href":"https:\/\/parfumminis.com\/en\/wp-json\/wp\/v2\/types\/product"}],"replies":[{"embeddable":true,"href":"https:\/\/parfumminis.com\/en\/wp-json\/wp\/v2\/comments?post=18663"}],"wp:featuredmedia":[{"embeddable":true,"href":"https:\/\/parfumminis.com\/en\/wp-json\/wp\/v2\/media\/18664"}],"wp:attachment":[{"href":"https:\/\/parfumminis.com\/en\/wp-json\/wp\/v2\/media?parent=18663"}],"wp:term":[{"taxonomy":"product_brand","embeddable":true,"href":"https:\/\/parfumminis.com\/en\/wp-json\/wp\/v2\/product_brand?post=18663"},{"taxonomy":"product_cat","embeddable":true,"href":"https:\/\/parfumminis.com\/en\/wp-json\/wp\/v2\/product_cat?post=18663"},{"taxonomy":"product_tag","embeddable":true,"href":"https:\/\/parfumminis.com\/en\/wp-json\/wp\/v2\/product_tag?post=18663"}],"curies":[{"name":"wp","href":"https:\/\/api.w.org\/{rel}","templated":true}]}}