{"id":18393,"date":"2025-07-02T18:05:00","date_gmt":"2025-07-02T16:05:00","guid":{"rendered":"https:\/\/parfumminis.com\/?post_type=product&#038;p=18393"},"modified":"2025-07-02T17:19:05","modified_gmt":"2025-07-02T15:19:05","slug":"coriandre-5ml-edt","status":"publish","type":"product","link":"https:\/\/parfumminis.com\/en\/shop\/parfumminiaturen\/minis-c\/couturier-jean1608804068\/coriandre-5ml-edt\/","title":{"rendered":"Coriandre 5ml EdT"},"content":{"rendered":"<p><span style=\"color: #615043;\"><span style=\"font-family: Trebuchet MS,verdana,sans-serif;\">5 ml EdT, gr\u00fcner Schraubverschlu\u00df, wei\u00dfer Druck, 56 mm hoch<br \/>\n1\/6 fl.oz EdT, green screw-on lid, white print, 56 mm tall<\/span><\/span><\/p>\n<p><span style=\"color: #615043;\"><span style=\"font-family: Trebuchet MS,verdana,sans-serif;\">\u2014\u2014\u2014 f\u00fcr F\u00fcllstand siehe Bild\/er \u2014\u2014\u2014 for contents see picture\/s \u2014\u2014\u2014<\/span><\/span><\/p>","protected":false},"excerpt":{"rendered":"<p>5 ml EdT, gr\u00fcner Schraubverschlu\u00df, wei\u00dfer Druck, 56 mm hoch 1\/6 fl.oz EdT, green screw-on lid, white print, 56 mm tall \u2014\u2014\u2014 f\u00fcr F\u00fcllstand siehe Bild\/er \u2014\u2014\u2014 for contents see picture\/s \u2014\u2014\u2014<\/p>","protected":false},"featured_media":18394,"comment_status":"closed","ping_status":"closed","template":"","meta":[],"product_brand":[166],"product_cat":[762],"product_tag":[4601,4600,3696,1419,1417,3938],"class_list":{"0":"post-18393","1":"product","2":"type-product","3":"status-publish","4":"has-post-thumbnail","6":"product_brand-couturier-jean","7":"product_cat-couturier-jean1608804068","8":"product_tag-coriandre","9":"product_tag-jean-couturier","10":"product_tag-miniature-de-parfum","11":"product_tag-miniature-perfume-bottle","12":"product_tag-parfum-miniatur","13":"product_tag-www_parfumminis-com","15":"first","16":"instock","17":"taxable","18":"shipping-taxable","19":"purchasable","20":"product-type-simple"},"_links":{"self":[{"href":"https:\/\/parfumminis.com\/en\/wp-json\/wp\/v2\/product\/18393","targetHints":{"allow":["GET"]}}],"collection":[{"href":"https:\/\/parfumminis.com\/en\/wp-json\/wp\/v2\/product"}],"about":[{"href":"https:\/\/parfumminis.com\/en\/wp-json\/wp\/v2\/types\/product"}],"replies":[{"embeddable":true,"href":"https:\/\/parfumminis.com\/en\/wp-json\/wp\/v2\/comments?post=18393"}],"wp:featuredmedia":[{"embeddable":true,"href":"https:\/\/parfumminis.com\/en\/wp-json\/wp\/v2\/media\/18394"}],"wp:attachment":[{"href":"https:\/\/parfumminis.com\/en\/wp-json\/wp\/v2\/media?parent=18393"}],"wp:term":[{"taxonomy":"product_brand","embeddable":true,"href":"https:\/\/parfumminis.com\/en\/wp-json\/wp\/v2\/product_brand?post=18393"},{"taxonomy":"product_cat","embeddable":true,"href":"https:\/\/parfumminis.com\/en\/wp-json\/wp\/v2\/product_cat?post=18393"},{"taxonomy":"product_tag","embeddable":true,"href":"https:\/\/parfumminis.com\/en\/wp-json\/wp\/v2\/product_tag?post=18393"}],"curies":[{"name":"wp","href":"https:\/\/api.w.org\/{rel}","templated":true}]}}