{"id":18073,"date":"2025-04-18T18:52:09","date_gmt":"2025-04-18T16:52:09","guid":{"rendered":"https:\/\/parfumminis.com\/?post_type=product&#038;p=18073"},"modified":"2025-04-18T19:07:12","modified_gmt":"2025-04-18T17:07:12","slug":"mille-e-una-notte-%c2%b7-violetta-di-parma-10ml-edp","status":"publish","type":"product","link":"https:\/\/parfumminis.com\/en\/shop\/parfumminiaturen\/minis-b\/borsari1608803995\/mille-e-una-notte-%c2%b7-violetta-di-parma-10ml-edp\/","title":{"rendered":"Mille e una notte \u00b7 Violetta di Parma 10ml EdP"},"content":{"rendered":"<p><span style=\"color: #615043;\"><span style=\"font-family: Trebuchet MS,verdana,sans-serif;\">10 ml EdP, goldener Schraubverschlu\u00df aus Metall mit Metallpipette, oben ein k\u00f6nigsblauer Stra\u00dfstein, goldener Metallkragen mit filigranem Muster, dunkelblaues Klarglas, der Flakon steht auf 3 Glasf\u00fcssen, transparentes Etikett am Boden, 71 mm hoch, mit Box; Mille e una notte bedeutet Tausend und eine Nacht<br \/>\n1\/3 fl.oz EdP, golden metal screw-on lid with metal dauber, on top a royal blue crystal, golden metal collar with filigree pattern, dark blue clear glass, the bottle stands on 3 glass feet, transparent label on bottom, 71 mm tall, with box; Mille e una notte means One thousand and one nights<\/span><\/span><\/p>\n<p><span style=\"color: #615043;\"><span style=\"font-family: Trebuchet MS,verdana,sans-serif;\">\u2014\u2014\u2014 f\u00fcr F\u00fcllstand siehe Bild\/er \u2014\u2014\u2014 for contents see picture\/s \u2014\u2014\u2014<\/span><\/span><\/p>","protected":false},"excerpt":{"rendered":"<p>10 ml EdP, goldener Schraubverschlu\u00df aus Metall mit Metallpipette, oben ein k\u00f6nigsblauer Stra\u00dfstein, goldener Metallkragen mit filigranem Muster, dunkelblaues Klarglas, der Flakon steht auf 3 Glasf\u00fcssen, transparentes Etikett am Boden, 71 mm hoch, mit Box; Mille e una notte bedeutet Tausend und eine Nacht 1\/3 fl.oz EdP, golden metal screw-on lid with metal dauber, on [&hellip;]<\/p>","protected":false},"featured_media":18074,"comment_status":"closed","ping_status":"closed","template":"","meta":[],"product_brand":[],"product_cat":[723,3751],"product_tag":[4524,4542,3696,1419,1424,3938],"class_list":{"0":"post-18073","1":"product","2":"type-product","3":"status-publish","4":"has-post-thumbnail","6":"product_cat-borsari1608803995","7":"product_cat-schmuckflakons-decorative-bottles","8":"product_tag-borsari-1870","9":"product_tag-mille-e-una-notte-violetta-di-parma","10":"product_tag-miniature-de-parfum","11":"product_tag-miniature-perfume-bottle","12":"product_tag-parfumminiatur","13":"product_tag-www_parfumminis-com","15":"first","16":"instock","17":"taxable","18":"shipping-taxable","19":"purchasable","20":"product-type-simple"},"_links":{"self":[{"href":"https:\/\/parfumminis.com\/en\/wp-json\/wp\/v2\/product\/18073","targetHints":{"allow":["GET"]}}],"collection":[{"href":"https:\/\/parfumminis.com\/en\/wp-json\/wp\/v2\/product"}],"about":[{"href":"https:\/\/parfumminis.com\/en\/wp-json\/wp\/v2\/types\/product"}],"replies":[{"embeddable":true,"href":"https:\/\/parfumminis.com\/en\/wp-json\/wp\/v2\/comments?post=18073"}],"wp:featuredmedia":[{"embeddable":true,"href":"https:\/\/parfumminis.com\/en\/wp-json\/wp\/v2\/media\/18074"}],"wp:attachment":[{"href":"https:\/\/parfumminis.com\/en\/wp-json\/wp\/v2\/media?parent=18073"}],"wp:term":[{"taxonomy":"product_brand","embeddable":true,"href":"https:\/\/parfumminis.com\/en\/wp-json\/wp\/v2\/product_brand?post=18073"},{"taxonomy":"product_cat","embeddable":true,"href":"https:\/\/parfumminis.com\/en\/wp-json\/wp\/v2\/product_cat?post=18073"},{"taxonomy":"product_tag","embeddable":true,"href":"https:\/\/parfumminis.com\/en\/wp-json\/wp\/v2\/product_tag?post=18073"}],"curies":[{"name":"wp","href":"https:\/\/api.w.org\/{rel}","templated":true}]}}