{"id":18065,"date":"2025-04-18T17:57:47","date_gmt":"2025-04-18T15:57:47","guid":{"rendered":"https:\/\/parfumminis.com\/?post_type=product&#038;p=18065"},"modified":"2025-04-18T18:03:51","modified_gmt":"2025-04-18T16:03:51","slug":"trottola-%c2%b7-tuberosa-10ml-edp","status":"publish","type":"product","link":"https:\/\/parfumminis.com\/en\/shop\/parfumminiaturen\/minis-b\/borsari1608803995\/trottola-%c2%b7-tuberosa-10ml-edp\/","title":{"rendered":"Trottola \u00b7 Tuberosa 10ml EdP"},"content":{"rendered":"<p><span style=\"color: #615043;\"><span style=\"font-family: Trebuchet MS,verdana,sans-serif;\">10 ml EdP, goldener Schraubverschlu\u00df aus Metall mit Metallpipette, oben ein hellrosa Stra\u00dfstein, ros\u00e9farbenes Klaglas in Juwelenform, 58 mm hoch, mit Box; trottola bedeutet Kreisel<br \/>\n1\/3 fl.oz EdP, golden metal screw-on lid with metal dauber, on top a light pink crystal, light pink clear glass in jewel shape, 58 mm tall, with box; trottola means spinning top<\/span><\/span><\/p>\n<p><span style=\"color: #615043;\"><span style=\"font-family: Trebuchet MS,verdana,sans-serif;\">\u2014\u2014\u2014 f\u00fcr F\u00fcllstand siehe Bild\/er \u2014\u2014\u2014 for contents see picture\/s \u2014\u2014\u2014<\/span><\/span><\/p>","protected":false},"excerpt":{"rendered":"<p>10 ml EdP, goldener Schraubverschlu\u00df aus Metall mit Metallpipette, oben ein hellrosa Stra\u00dfstein, ros\u00e9farbenes Klaglas in Juwelenform, 58 mm hoch, mit Box; trottola bedeutet Kreisel 1\/3 fl.oz EdP, golden metal screw-on lid with metal dauber, on top a light pink crystal, light pink clear glass in jewel shape, 58 mm tall, with box; trottola means [&hellip;]<\/p>","protected":false},"featured_media":18066,"comment_status":"closed","ping_status":"closed","template":"","meta":[],"product_brand":[],"product_cat":[723,3751],"product_tag":[4524,3696,1419,1424,4538,3938],"class_list":{"0":"post-18065","1":"product","2":"type-product","3":"status-publish","4":"has-post-thumbnail","6":"product_cat-borsari1608803995","7":"product_cat-schmuckflakons-decorative-bottles","8":"product_tag-borsari-1870","9":"product_tag-miniature-de-parfum","10":"product_tag-miniature-perfume-bottle","11":"product_tag-parfumminiatur","12":"product_tag-trottola-tuberosa","13":"product_tag-www_parfumminis-com","15":"first","16":"instock","17":"taxable","18":"shipping-taxable","19":"purchasable","20":"product-type-simple"},"_links":{"self":[{"href":"https:\/\/parfumminis.com\/en\/wp-json\/wp\/v2\/product\/18065","targetHints":{"allow":["GET"]}}],"collection":[{"href":"https:\/\/parfumminis.com\/en\/wp-json\/wp\/v2\/product"}],"about":[{"href":"https:\/\/parfumminis.com\/en\/wp-json\/wp\/v2\/types\/product"}],"replies":[{"embeddable":true,"href":"https:\/\/parfumminis.com\/en\/wp-json\/wp\/v2\/comments?post=18065"}],"wp:featuredmedia":[{"embeddable":true,"href":"https:\/\/parfumminis.com\/en\/wp-json\/wp\/v2\/media\/18066"}],"wp:attachment":[{"href":"https:\/\/parfumminis.com\/en\/wp-json\/wp\/v2\/media?parent=18065"}],"wp:term":[{"taxonomy":"product_brand","embeddable":true,"href":"https:\/\/parfumminis.com\/en\/wp-json\/wp\/v2\/product_brand?post=18065"},{"taxonomy":"product_cat","embeddable":true,"href":"https:\/\/parfumminis.com\/en\/wp-json\/wp\/v2\/product_cat?post=18065"},{"taxonomy":"product_tag","embeddable":true,"href":"https:\/\/parfumminis.com\/en\/wp-json\/wp\/v2\/product_tag?post=18065"}],"curies":[{"name":"wp","href":"https:\/\/api.w.org\/{rel}","templated":true}]}}