{"id":17961,"date":"2025-04-05T10:27:19","date_gmt":"2025-04-05T08:27:19","guid":{"rendered":"https:\/\/parfumminis.com\/?post_type=product&#038;p=17961"},"modified":"2025-04-05T10:50:41","modified_gmt":"2025-04-05T08:50:41","slug":"buon-natale-acqua-di-mughetti-35ml-edp","status":"publish","type":"product","link":"https:\/\/parfumminis.com\/en\/shop\/parfumminiaturen\/minis-b\/borsari1608803995\/buon-natale-acqua-di-mughetti-35ml-edp\/","title":{"rendered":"Buon Natale &#8211; Acqua di Mughetti 3,5ml EdP"},"content":{"rendered":"<p><span style=\"color: #615043;\"><span style=\"font-family: Trebuchet MS,verdana,sans-serif;\">3,5 ml EdP, goldener Schraubverschlu\u00df, beige Stoffschleife, wei\u00dfes Papier-H\u00e4ngeetikett mit Golddruck, buntes Etikett, transparentes Etikett mit schwarzem Druck auf der R\u00fcckseite, 42 mm, in beigefarbener Christbaumkugel<br \/>\n0.11 fl.oz EdP, golden screw-on lid, beige fabric bow, white paper hangtag with golden print, multicolored label, transparent label with black print on backside, 42 mm, in beige Christmas tree bauble<\/span><\/span><\/p>\n<p><span style=\"color: #615043;\"><span style=\"font-family: Trebuchet MS,verdana,sans-serif;\">\u2014\u2014\u2014 f\u00fcr F\u00fcllstand siehe Bild\/er \u2014\u2014\u2014 for contents see picture\/s \u2014\u2014\u2014<\/span><\/span><\/p>","protected":false},"excerpt":{"rendered":"<p>3,5 ml EdP, goldener Schraubverschlu\u00df, beige Stoffschleife, wei\u00dfes Papier-H\u00e4ngeetikett mit Golddruck, buntes Etikett, transparentes Etikett mit schwarzem Druck auf der R\u00fcckseite, 42 mm, in beigefarbener Christbaumkugel 0.11 fl.oz EdP, golden screw-on lid, beige fabric bow, white paper hangtag with golden print, multicolored label, transparent label with black print on backside, 42 mm, in beige Christmas [&hellip;]<\/p>","protected":false},"featured_media":17962,"comment_status":"closed","ping_status":"closed","template":"","meta":[],"product_brand":[],"product_cat":[723],"product_tag":[1661,4502,3696,1419,1424,3938],"class_list":{"0":"post-17961","1":"product","2":"type-product","3":"status-publish","4":"has-post-thumbnail","6":"product_cat-borsari1608803995","7":"product_tag-borsari","8":"product_tag-buon-natale-acqua-di-mughetti","9":"product_tag-miniature-de-parfum","10":"product_tag-miniature-perfume-bottle","11":"product_tag-parfumminiatur","12":"product_tag-www_parfumminis-com","14":"first","15":"instock","16":"taxable","17":"shipping-taxable","18":"purchasable","19":"product-type-simple"},"_links":{"self":[{"href":"https:\/\/parfumminis.com\/en\/wp-json\/wp\/v2\/product\/17961","targetHints":{"allow":["GET"]}}],"collection":[{"href":"https:\/\/parfumminis.com\/en\/wp-json\/wp\/v2\/product"}],"about":[{"href":"https:\/\/parfumminis.com\/en\/wp-json\/wp\/v2\/types\/product"}],"replies":[{"embeddable":true,"href":"https:\/\/parfumminis.com\/en\/wp-json\/wp\/v2\/comments?post=17961"}],"wp:featuredmedia":[{"embeddable":true,"href":"https:\/\/parfumminis.com\/en\/wp-json\/wp\/v2\/media\/17962"}],"wp:attachment":[{"href":"https:\/\/parfumminis.com\/en\/wp-json\/wp\/v2\/media?parent=17961"}],"wp:term":[{"taxonomy":"product_brand","embeddable":true,"href":"https:\/\/parfumminis.com\/en\/wp-json\/wp\/v2\/product_brand?post=17961"},{"taxonomy":"product_cat","embeddable":true,"href":"https:\/\/parfumminis.com\/en\/wp-json\/wp\/v2\/product_cat?post=17961"},{"taxonomy":"product_tag","embeddable":true,"href":"https:\/\/parfumminis.com\/en\/wp-json\/wp\/v2\/product_tag?post=17961"}],"curies":[{"name":"wp","href":"https:\/\/api.w.org\/{rel}","templated":true}]}}