{"id":17844,"date":"2025-03-19T10:45:32","date_gmt":"2025-03-19T09:45:32","guid":{"rendered":"https:\/\/parfumminis.com\/?post_type=product&#038;p=17844"},"modified":"2025-03-19T10:47:12","modified_gmt":"2025-03-19T09:47:12","slug":"love-bird-1969-70-charisma-75ml-parfum","status":"publish","type":"product","link":"https:\/\/parfumminis.com\/en\/shop\/parfumminiaturen\/minis-a\/avon1608804573\/love-bird-1969-70-charisma-75ml-parfum\/","title":{"rendered":"Love Bird 1969-70, Charisma 7,5ml Parfum"},"content":{"rendered":"<p><span style=\"color: #615043;\"><span style=\"font-family: Trebuchet MS,verdana,sans-serif;\">7,5 ml Parfum, silberner Schraubverschlu\u00df, geeistes Glas, Gesamtform eines Vogels, wei\u00dfes Papieretikett am Boden, 31 mm hoch, 63 mm lang, mit Box &amp; \u00dcberkarton<br \/>\n1\/4 fl.oz perfume, silver screw-on lid, frosted glass, overall shape of a bird, white paper label on bottom, 31 mm tall, 63 mm long, with box &amp; outer sleeve<br \/>\n<\/span><\/span><\/p>\n<p><span style=\"color: #615043;\"><span style=\"font-family: Trebuchet MS,verdana,sans-serif;\">\u2014\u2014\u2014 f\u00fcr F\u00fcllstand siehe Bild\/er \u2014\u2014\u2014 for contents see picture\/s \u2014\u2014\u2014<\/span><\/span><\/p>","protected":false},"excerpt":{"rendered":"<p>7,5 ml Parfum, silberner Schraubverschlu\u00df, geeistes Glas, Gesamtform eines Vogels, wei\u00dfes Papieretikett am Boden, 31 mm hoch, 63 mm lang, mit Box &amp; \u00dcberkarton 1\/4 fl.oz perfume, silver screw-on lid, frosted glass, overall shape of a bird, white paper label on bottom, 31 mm tall, 63 mm long, with box &amp; outer sleeve \u2014\u2014\u2014 f\u00fcr [&hellip;]<\/p>","protected":false},"featured_media":17845,"comment_status":"closed","ping_status":"closed","template":"","meta":[],"product_brand":[],"product_cat":[1026],"product_tag":[1615,4464,3696,1419,1424],"class_list":{"0":"post-17844","1":"product","2":"type-product","3":"status-publish","4":"has-post-thumbnail","6":"product_cat-avon1608804573","7":"product_tag-avon","8":"product_tag-love-bird","9":"product_tag-miniature-de-parfum","10":"product_tag-miniature-perfume-bottle","11":"product_tag-parfumminiatur","13":"first","14":"instock","15":"taxable","16":"shipping-taxable","17":"purchasable","18":"product-type-simple"},"_links":{"self":[{"href":"https:\/\/parfumminis.com\/en\/wp-json\/wp\/v2\/product\/17844","targetHints":{"allow":["GET"]}}],"collection":[{"href":"https:\/\/parfumminis.com\/en\/wp-json\/wp\/v2\/product"}],"about":[{"href":"https:\/\/parfumminis.com\/en\/wp-json\/wp\/v2\/types\/product"}],"replies":[{"embeddable":true,"href":"https:\/\/parfumminis.com\/en\/wp-json\/wp\/v2\/comments?post=17844"}],"wp:featuredmedia":[{"embeddable":true,"href":"https:\/\/parfumminis.com\/en\/wp-json\/wp\/v2\/media\/17845"}],"wp:attachment":[{"href":"https:\/\/parfumminis.com\/en\/wp-json\/wp\/v2\/media?parent=17844"}],"wp:term":[{"taxonomy":"product_brand","embeddable":true,"href":"https:\/\/parfumminis.com\/en\/wp-json\/wp\/v2\/product_brand?post=17844"},{"taxonomy":"product_cat","embeddable":true,"href":"https:\/\/parfumminis.com\/en\/wp-json\/wp\/v2\/product_cat?post=17844"},{"taxonomy":"product_tag","embeddable":true,"href":"https:\/\/parfumminis.com\/en\/wp-json\/wp\/v2\/product_tag?post=17844"}],"curies":[{"name":"wp","href":"https:\/\/api.w.org\/{rel}","templated":true}]}}