{"id":16364,"date":"2024-11-22T17:45:51","date_gmt":"2024-11-22T16:45:51","guid":{"rendered":"https:\/\/parfumminis.com\/?post_type=product&#038;p=16364"},"modified":"2024-11-22T17:51:54","modified_gmt":"2024-11-22T16:51:54","slug":"nace-el-colgante-2ml-parfum-2","status":"publish","type":"product","link":"https:\/\/parfumminis.com\/en\/shop\/parfumminiaturen\/minis-p-q\/pons-myrna1608805227\/nace-el-colgante-2ml-parfum-2\/","title":{"rendered":"Nace el colgante 2ml Parfum"},"content":{"rendered":"<p><span style=\"color: #615043;\"><span style=\"font-family: Trebuchet MS,verdana,sans-serif;\">ca. 2 ml Parfum, goldener Metallverschlu\u00df mit gro\u00dfem wei\u00dfen Stra\u00dfstein oben und goldenem Metall-H\u00e4ngeetikett, Flakon umgeben von goldenem Metallbl\u00e4ttern mit Stra\u00dfsteinen, unten eine falsche Perle, 45 mm hoch; limitiert, 24 k vergoldet, Zertifikat No. 138, mit Box<br \/>\napprox. 1\/15 fl.oz perfume, golden metal cap with large white crystal on top, and golden metal hang tag, flacon surrounded by golden metal leaves with white crystal, below a false pearl, 45 mm tall; limited edition, 24 k gold plated, certificate no. 138, w\/ box<\/span><\/span><\/p>\n<p><span style=\"color: #615043;\"><span style=\"font-family: Trebuchet MS,verdana,sans-serif;\">\u2014\u2014\u2014 f\u00fcr F\u00fcllstand siehe Bild\/er \u2014\u2014\u2014 for contents see picture\/s \u2014\u2014\u2014<\/span><\/span><\/p>","protected":false},"excerpt":{"rendered":"<p>ca. 2 ml Parfum, goldener Metallverschlu\u00df mit gro\u00dfem wei\u00dfen Stra\u00dfstein oben und goldenem Metall-H\u00e4ngeetikett, Flakon umgeben von goldenem Metallbl\u00e4ttern mit Stra\u00dfsteinen, unten eine falsche Perle, 45 mm hoch; limitiert, 24 k vergoldet, Zertifikat No. 138, mit Box approx. 1\/15 fl.oz perfume, golden metal cap with large white crystal on top, and golden metal hang tag, [&hellip;]<\/p>","protected":false},"featured_media":16365,"comment_status":"closed","ping_status":"closed","template":"","meta":[],"product_brand":[],"product_cat":[1390],"product_tag":[3696,1419,3264,3282,1424,3938],"class_list":{"0":"post-16364","1":"product","2":"type-product","3":"status-publish","4":"has-post-thumbnail","6":"product_cat-pons-myrna1608805227","7":"product_tag-miniature-de-parfum","8":"product_tag-miniature-perfume-bottle","9":"product_tag-myrna-pons","10":"product_tag-nace-el-colgante","11":"product_tag-parfumminiatur","12":"product_tag-www_parfumminis-com","14":"first","15":"instock","16":"taxable","17":"shipping-taxable","18":"purchasable","19":"product-type-simple"},"_links":{"self":[{"href":"https:\/\/parfumminis.com\/en\/wp-json\/wp\/v2\/product\/16364","targetHints":{"allow":["GET"]}}],"collection":[{"href":"https:\/\/parfumminis.com\/en\/wp-json\/wp\/v2\/product"}],"about":[{"href":"https:\/\/parfumminis.com\/en\/wp-json\/wp\/v2\/types\/product"}],"replies":[{"embeddable":true,"href":"https:\/\/parfumminis.com\/en\/wp-json\/wp\/v2\/comments?post=16364"}],"wp:featuredmedia":[{"embeddable":true,"href":"https:\/\/parfumminis.com\/en\/wp-json\/wp\/v2\/media\/16365"}],"wp:attachment":[{"href":"https:\/\/parfumminis.com\/en\/wp-json\/wp\/v2\/media?parent=16364"}],"wp:term":[{"taxonomy":"product_brand","embeddable":true,"href":"https:\/\/parfumminis.com\/en\/wp-json\/wp\/v2\/product_brand?post=16364"},{"taxonomy":"product_cat","embeddable":true,"href":"https:\/\/parfumminis.com\/en\/wp-json\/wp\/v2\/product_cat?post=16364"},{"taxonomy":"product_tag","embeddable":true,"href":"https:\/\/parfumminis.com\/en\/wp-json\/wp\/v2\/product_tag?post=16364"}],"curies":[{"name":"wp","href":"https:\/\/api.w.org\/{rel}","templated":true}]}}