{"id":16358,"date":"2024-11-22T17:18:01","date_gmt":"2024-11-22T16:18:01","guid":{"rendered":"https:\/\/parfumminis.com\/?post_type=product&#038;p=16358"},"modified":"2024-11-22T17:20:31","modified_gmt":"2024-11-22T16:20:31","slug":"violetta-di-parma-35ml-edp-2","status":"publish","type":"product","link":"https:\/\/parfumminis.com\/en\/shop\/parfumminiaturen\/minis-b\/borsari1608803995\/violetta-di-parma-35ml-edp-2\/","title":{"rendered":"Violetta di Parma 3,5ml EdP"},"content":{"rendered":"<p><span style=\"color: #615043;\"><span style=\"font-family: Trebuchet MS,verdana,sans-serif;\">3,5 ml EdP, goldener Metallschraubverschlu\u00df mit rosa Quaste, 45 mm hoch, mit Herzbox; Box mit <strong>wei\u00dfer Schleife<\/strong> (ohne Pr\u00e4sentationsst\u00e4nder)<br \/>\n0,12 fl.oz EdP, golden metal screw-on lid with light pink tassel, 45 mm tall, with heart-shaped box; box with <strong>white bow<\/strong> (w\/out presentation stand)<\/span><\/span><\/p>\n<p><span style=\"color: #615043;\"><span style=\"font-family: Trebuchet MS,verdana,sans-serif;\">\u2014\u2014\u2014 f\u00fcr F\u00fcllstand siehe Bild\/er \u2014\u2014\u2014 for contents see picture\/s \u2014\u2014\u2014<\/span><\/span><\/p>","protected":false},"excerpt":{"rendered":"<p>3,5 ml EdP, goldener Metallschraubverschlu\u00df mit rosa Quaste, 45 mm hoch, mit Herzbox; Box mit wei\u00dfer Schleife (ohne Pr\u00e4sentationsst\u00e4nder) 0,12 fl.oz EdP, golden metal screw-on lid with light pink tassel, 45 mm tall, with heart-shaped box; box with white bow (w\/out presentation stand) \u2014\u2014\u2014 f\u00fcr F\u00fcllstand siehe Bild\/er \u2014\u2014\u2014 for contents see picture\/s \u2014\u2014\u2014<\/p>","protected":false},"featured_media":16359,"comment_status":"closed","ping_status":"closed","template":"","meta":[],"product_brand":[],"product_cat":[723],"product_tag":[1661,3696,1419,1424,2001,3938],"class_list":{"0":"post-16358","1":"product","2":"type-product","3":"status-publish","4":"has-post-thumbnail","6":"product_cat-borsari1608803995","7":"product_tag-borsari","8":"product_tag-miniature-de-parfum","9":"product_tag-miniature-perfume-bottle","10":"product_tag-parfumminiatur","11":"product_tag-violetta-di-parma","12":"product_tag-www_parfumminis-com","14":"first","15":"instock","16":"taxable","17":"shipping-taxable","18":"purchasable","19":"product-type-simple"},"_links":{"self":[{"href":"https:\/\/parfumminis.com\/en\/wp-json\/wp\/v2\/product\/16358","targetHints":{"allow":["GET"]}}],"collection":[{"href":"https:\/\/parfumminis.com\/en\/wp-json\/wp\/v2\/product"}],"about":[{"href":"https:\/\/parfumminis.com\/en\/wp-json\/wp\/v2\/types\/product"}],"replies":[{"embeddable":true,"href":"https:\/\/parfumminis.com\/en\/wp-json\/wp\/v2\/comments?post=16358"}],"wp:featuredmedia":[{"embeddable":true,"href":"https:\/\/parfumminis.com\/en\/wp-json\/wp\/v2\/media\/16359"}],"wp:attachment":[{"href":"https:\/\/parfumminis.com\/en\/wp-json\/wp\/v2\/media?parent=16358"}],"wp:term":[{"taxonomy":"product_brand","embeddable":true,"href":"https:\/\/parfumminis.com\/en\/wp-json\/wp\/v2\/product_brand?post=16358"},{"taxonomy":"product_cat","embeddable":true,"href":"https:\/\/parfumminis.com\/en\/wp-json\/wp\/v2\/product_cat?post=16358"},{"taxonomy":"product_tag","embeddable":true,"href":"https:\/\/parfumminis.com\/en\/wp-json\/wp\/v2\/product_tag?post=16358"}],"curies":[{"name":"wp","href":"https:\/\/api.w.org\/{rel}","templated":true}]}}