{"id":15548,"date":"2024-06-24T20:00:32","date_gmt":"2024-06-24T18:00:32","guid":{"rendered":"https:\/\/parfumminis.com\/?post_type=product&#038;p=15548"},"modified":"2024-06-24T16:50:12","modified_gmt":"2024-06-24T14:50:12","slug":"bouquet-10ml-parfum","status":"publish","type":"product","link":"https:\/\/parfumminis.com\/en\/shop\/parfumminiaturen-alt-vintage\/mouson1608804712\/bouquet-10ml-parfum\/","title":{"rendered":"Bouquet 10ml Parfum"},"content":{"rendered":"<p><span style=\"color: #615043;\"><span style=\"font-family: Trebuchet MS,verdana,sans-serif;\">\u00c4LTER &#8211; ca. 10 ml Parfum, geeister Glasverschlu\u00df mit Bl\u00fctenmuster oben, Klarglas, rotes Satinb\u00e4ndchen und wei\u00dfes Papieretikett mit rotem Druck, 63 mm hoch<br \/>\n<\/span><\/span><span style=\"color: #615043;\"><span style=\"font-family: Trebuchet MS,verdana,sans-serif;\">SEMI-VINTAGE &#8211; approx. 1\/3 fl.oz perfume, frosted glass stopper with floral pattern on top, clear glass, red satin ribbon and white paper label with red print, 63 mm tall<br \/>\n<\/span><\/span><\/p>\n<p><span style=\"color: #615043;\"><span style=\"font-family: Trebuchet MS,verdana,sans-serif;\">\u2014\u2014\u2014 f\u00fcr F\u00fcllstand siehe Bild\/er \u2014\u2014\u2014 for contents see picture\/s \u2014\u2014\u2014<\/span><\/span><\/p>","protected":false},"excerpt":{"rendered":"<p>\u00c4LTER &#8211; ca. 10 ml Parfum, geeister Glasverschlu\u00df mit Bl\u00fctenmuster oben, Klarglas, rotes Satinb\u00e4ndchen und wei\u00dfes Papieretikett mit rotem Druck, 63 mm hoch SEMI-VINTAGE &#8211; approx. 1\/3 fl.oz perfume, frosted glass stopper with floral pattern on top, clear glass, red satin ribbon and white paper label with red print, 63 mm tall \u2014\u2014\u2014 f\u00fcr F\u00fcllstand [&hellip;]<\/p>","protected":false},"featured_media":15549,"comment_status":"closed","ping_status":"closed","template":"","meta":[],"product_brand":[],"product_cat":[903,1097],"product_tag":[1848,3696,1419,1531,1424],"class_list":{"0":"post-15548","1":"product","2":"type-product","3":"status-publish","4":"has-post-thumbnail","6":"product_cat-mouson1608804339","7":"product_cat-mouson1608804712","8":"product_tag-bouquet","9":"product_tag-miniature-de-parfum","10":"product_tag-miniature-perfume-bottle","11":"product_tag-mouson","12":"product_tag-parfumminiatur","14":"first","15":"instock","16":"taxable","17":"shipping-taxable","18":"purchasable","19":"product-type-simple"},"_links":{"self":[{"href":"https:\/\/parfumminis.com\/en\/wp-json\/wp\/v2\/product\/15548","targetHints":{"allow":["GET"]}}],"collection":[{"href":"https:\/\/parfumminis.com\/en\/wp-json\/wp\/v2\/product"}],"about":[{"href":"https:\/\/parfumminis.com\/en\/wp-json\/wp\/v2\/types\/product"}],"replies":[{"embeddable":true,"href":"https:\/\/parfumminis.com\/en\/wp-json\/wp\/v2\/comments?post=15548"}],"wp:featuredmedia":[{"embeddable":true,"href":"https:\/\/parfumminis.com\/en\/wp-json\/wp\/v2\/media\/15549"}],"wp:attachment":[{"href":"https:\/\/parfumminis.com\/en\/wp-json\/wp\/v2\/media?parent=15548"}],"wp:term":[{"taxonomy":"product_brand","embeddable":true,"href":"https:\/\/parfumminis.com\/en\/wp-json\/wp\/v2\/product_brand?post=15548"},{"taxonomy":"product_cat","embeddable":true,"href":"https:\/\/parfumminis.com\/en\/wp-json\/wp\/v2\/product_cat?post=15548"},{"taxonomy":"product_tag","embeddable":true,"href":"https:\/\/parfumminis.com\/en\/wp-json\/wp\/v2\/product_tag?post=15548"}],"curies":[{"name":"wp","href":"https:\/\/api.w.org\/{rel}","templated":true}]}}