{"id":15493,"date":"2024-06-16T18:00:24","date_gmt":"2024-06-16T16:00:24","guid":{"rendered":"https:\/\/parfumminis.com\/?post_type=product&#038;p=15493"},"modified":"2024-06-20T14:41:45","modified_gmt":"2024-06-20T12:41:45","slug":"chabrier-7er-set-les-sept-parfums-de-france-7x-43ml-parfum-a","status":"publish","type":"product","link":"https:\/\/parfumminis.com\/en\/shop\/parfumminiaturen\/minis-c\/chabrier1608805219\/chabrier-7er-set-les-sept-parfums-de-france-7x-43ml-parfum-a\/","title":{"rendered":"Chabrier &#8211; 7er Set &#8222;Les Sept Parfums de France&#8220; &#8211; 7x 4,3ml Parfum (A)"},"content":{"rendered":"<p><span style=\"color: #615043;\"><span style=\"font-family: Trebuchet MS,verdana,sans-serif;\">ALT &#8211; 7x 4,3 ml Parfum, teilweise gef\u00fcllt, goldene Metallschraubverschl\u00fcsse, Klarglas, Papieretiketten in gold, silber &amp; gr\u00fcn mit farbigem Druck, wei\u00dfe Papieretiketten am Boden, je 38 mm hoch, in rot\/schwarzer Box<br \/>\nVINTAGE &#8211; 7x 1\/7 fl.oz perfume, partly filled with liquid, golden metal screw-on lids, clear glass, golden, silver &amp; green paper labels with coloured print, white paper labels on bottom, 38 mm tall, with red\/black box<\/span><\/span><\/p>\n<p><span style=\"color: #615043;\"><span style=\"font-family: Trebuchet MS,verdana,sans-serif;\">D\u00fcfte | scents:<br \/>\n\u2022 Ail\u00e9<br \/>\n\u2022 Amador<br \/>\n\u2022 Courtois<br \/>\n\u2022 D&#8217;Ablis<br \/>\n\u2022 Parfum de France<br \/>\n\u2022 Quartier Montmartre<br \/>\n\u2022 Triomphe des Champs-Elys\u00e9es<\/span><\/span><\/p>\n<p><span style=\"color: #615043;\"><span style=\"font-family: Trebuchet MS,verdana,sans-serif;\">\u2014\u2014\u2014 f\u00fcr F\u00fcllstand siehe Bild\/er \u2014\u2014\u2014 for contents see picture\/s \u2014\u2014\u2014<\/span><\/span><\/p>","protected":false},"excerpt":{"rendered":"<p>ALT &#8211; 7x 4,3 ml Parfum, teilweise gef\u00fcllt, goldene Metallschraubverschl\u00fcsse, Klarglas, Papieretiketten in gold, silber &amp; gr\u00fcn mit farbigem Druck, wei\u00dfe Papieretiketten am Boden, je 38 mm hoch, in rot\/schwarzer Box VINTAGE &#8211; 7x 1\/7 fl.oz perfume, partly filled with liquid, golden metal screw-on lids, clear glass, golden, silver &amp; green paper labels with coloured [&hellip;]<\/p>","protected":false},"featured_media":15503,"comment_status":"closed","ping_status":"closed","template":"","meta":[],"product_brand":[],"product_cat":[1386,696],"product_tag":[3817,3816,3696,1419,1424,3818],"class_list":{"0":"post-15493","1":"product","2":"type-product","3":"status-publish","4":"has-post-thumbnail","6":"product_cat-chabrier1608805219","7":"product_cat-sets","8":"product_tag-amador","9":"product_tag-chabrier","10":"product_tag-miniature-de-parfum","11":"product_tag-miniature-perfume-bottle","12":"product_tag-parfumminiatur","13":"product_tag-quartier-montmartre","15":"first","16":"instock","17":"taxable","18":"shipping-taxable","19":"purchasable","20":"product-type-simple"},"_links":{"self":[{"href":"https:\/\/parfumminis.com\/en\/wp-json\/wp\/v2\/product\/15493","targetHints":{"allow":["GET"]}}],"collection":[{"href":"https:\/\/parfumminis.com\/en\/wp-json\/wp\/v2\/product"}],"about":[{"href":"https:\/\/parfumminis.com\/en\/wp-json\/wp\/v2\/types\/product"}],"replies":[{"embeddable":true,"href":"https:\/\/parfumminis.com\/en\/wp-json\/wp\/v2\/comments?post=15493"}],"wp:featuredmedia":[{"embeddable":true,"href":"https:\/\/parfumminis.com\/en\/wp-json\/wp\/v2\/media\/15503"}],"wp:attachment":[{"href":"https:\/\/parfumminis.com\/en\/wp-json\/wp\/v2\/media?parent=15493"}],"wp:term":[{"taxonomy":"product_brand","embeddable":true,"href":"https:\/\/parfumminis.com\/en\/wp-json\/wp\/v2\/product_brand?post=15493"},{"taxonomy":"product_cat","embeddable":true,"href":"https:\/\/parfumminis.com\/en\/wp-json\/wp\/v2\/product_cat?post=15493"},{"taxonomy":"product_tag","embeddable":true,"href":"https:\/\/parfumminis.com\/en\/wp-json\/wp\/v2\/product_tag?post=15493"}],"curies":[{"name":"wp","href":"https:\/\/api.w.org\/{rel}","templated":true}]}}