{"id":15241,"date":"2024-04-17T18:00:10","date_gmt":"2024-04-17T17:00:10","guid":{"rendered":"https:\/\/parfumminis.com\/?post_type=product&#038;p=15241"},"modified":"2024-04-17T14:37:43","modified_gmt":"2024-04-17T13:37:43","slug":"schmuckflakon-spanien","status":"publish","type":"product","link":"https:\/\/parfumminis.com\/en\/shop\/schmuckflakons-decorative-bottles\/schmuckflakon-spanien\/","title":{"rendered":"Schmuckflakon Spanien"},"content":{"rendered":"<p><span style=\"color: #615043\"><span style=\"font-family: Trebuchet MS,verdana,sans-serif\">ca. 6-7 ml, ohne Inhalt, Glasflakon in goldenem Metallmantel, Schraubverschlu\u00df mit gro\u00dfem rosa Stra\u00dfstein oben &amp; langem d\u00fcnnen Metallst\u00e4bchen, gepr\u00e4gte Herstellermarke am Boden, 55 mm hoch, hergestellt in Spanien<br \/>\napprox. 6-7 ml, no contents, glass bottle in golden metal casing, lid with large pink rhinestone on top &amp; long thin metal dauber, on bottom embossed maker&#8217;s mark, 55 mm tall, made in Spain<\/span><\/span><\/p>","protected":false},"excerpt":{"rendered":"<p>ca. 6-7 ml, ohne Inhalt, Glasflakon in goldenem Metallmantel, Schraubverschlu\u00df mit gro\u00dfem rosa Stra\u00dfstein oben &amp; langem d\u00fcnnen Metallst\u00e4bchen, gepr\u00e4gte Herstellermarke am Boden, 55 mm hoch, hergestellt in Spanien approx. 6-7 ml, no contents, glass bottle in golden metal casing, lid with large pink rhinestone on top &amp; long thin metal dauber, on bottom embossed [&hellip;]<\/p>","protected":false},"featured_media":15242,"comment_status":"open","ping_status":"closed","template":"","meta":[],"product_brand":[],"product_cat":[3751],"product_tag":[3753,3696,1419,1424,3752],"class_list":{"0":"post-15241","1":"product","2":"type-product","3":"status-publish","4":"has-post-thumbnail","6":"product_cat-schmuckflakons-decorative-bottles","7":"product_tag-decorative-flacon","8":"product_tag-miniature-de-parfum","9":"product_tag-miniature-perfume-bottle","10":"product_tag-parfumminiatur","11":"product_tag-schmuckflakon","13":"first","14":"instock","15":"taxable","16":"shipping-taxable","17":"purchasable","18":"product-type-simple"},"_links":{"self":[{"href":"https:\/\/parfumminis.com\/en\/wp-json\/wp\/v2\/product\/15241","targetHints":{"allow":["GET"]}}],"collection":[{"href":"https:\/\/parfumminis.com\/en\/wp-json\/wp\/v2\/product"}],"about":[{"href":"https:\/\/parfumminis.com\/en\/wp-json\/wp\/v2\/types\/product"}],"replies":[{"embeddable":true,"href":"https:\/\/parfumminis.com\/en\/wp-json\/wp\/v2\/comments?post=15241"}],"wp:featuredmedia":[{"embeddable":true,"href":"https:\/\/parfumminis.com\/en\/wp-json\/wp\/v2\/media\/15242"}],"wp:attachment":[{"href":"https:\/\/parfumminis.com\/en\/wp-json\/wp\/v2\/media?parent=15241"}],"wp:term":[{"taxonomy":"product_brand","embeddable":true,"href":"https:\/\/parfumminis.com\/en\/wp-json\/wp\/v2\/product_brand?post=15241"},{"taxonomy":"product_cat","embeddable":true,"href":"https:\/\/parfumminis.com\/en\/wp-json\/wp\/v2\/product_cat?post=15241"},{"taxonomy":"product_tag","embeddable":true,"href":"https:\/\/parfumminis.com\/en\/wp-json\/wp\/v2\/product_tag?post=15241"}],"curies":[{"name":"wp","href":"https:\/\/api.w.org\/{rel}","templated":true}]}}