{"id":14339,"date":"2023-10-15T18:07:57","date_gmt":"2023-10-15T17:07:57","guid":{"rendered":"https:\/\/parfumminis.com\/?post_type=product&#038;p=14339"},"modified":"2023-10-15T11:19:03","modified_gmt":"2023-10-15T10:19:03","slug":"fibah-6er-set-6x-45ml-parfum","status":"publish","type":"product","link":"https:\/\/parfumminis.com\/en\/shop\/parfumminiaturen-alt-vintage\/fibah1608804741\/fibah-6er-set-6x-45ml-parfum\/","title":{"rendered":"Fibah &#8211; 6er Set &#8211; 6x 4,5ml Parfum"},"content":{"rendered":"<p><span style=\"font-family: Trebuchet MS,verdana,sans-serif\">\u00c4LTER &#8211; 6x ca. 4,5 ml Parfum, wei\u00dfe Schraubverschl\u00fcsse in Flammenform, Klarglas, farbige Aufdrucke, je 65 mm hoch, jede Miniatur in eigener Kunststoffbox, in Holzschatulle mit Schiebedeckel; Abmessung der Holzbox: 177 x 78 x 24 mm<br \/>\nSEMI-VINTAGE &#8211; 6x approx. 0.15 fl.oz perfume, white flame-shaped screw-on lids, clear glass, coloured prints, each 65 mm tall, each mini bottle in it&#8217;s own plastic box, in wooden box with sliding lid; dimensions of the wood box: 177 x 78 x 24 mm<\/span><\/p>\n<p><span style=\"color: #615043\"><span style=\"font-family: Trebuchet MS,verdana,sans-serif\">D\u00fcfte | Scents:<br \/>\n\u2022 Chateau Madrid<br \/>\n\u2022 Clavelitos<br \/>\n\u2022 Gardenia<br \/>\n\u2022 Intermezzo &#8211; 2 unterschiedliche Minis | 2 different mini bottles<br \/>\n\u2022 Violeta<\/span><\/span><\/p>\n<p><span style=\"color: #615043\"><span style=\"font-family: Trebuchet MS,verdana,sans-serif\">\u2014\u2014\u2014 f\u00fcr F\u00fcllstand siehe Bild\/er \u2014\u2014\u2014 for contents see picture\/s \u2014\u2014\u2014<\/span><\/span><\/p>","protected":false},"excerpt":{"rendered":"<p>\u00c4LTER &#8211; 6x ca. 4,5 ml Parfum, wei\u00dfe Schraubverschl\u00fcsse in Flammenform, Klarglas, farbige Aufdrucke, je 65 mm hoch, jede Miniatur in eigener Kunststoffbox, in Holzschatulle mit Schiebedeckel; Abmessung der Holzbox: 177 x 78 x 24 mm SEMI-VINTAGE &#8211; 6x approx. 0.15 fl.oz perfume, white flame-shaped screw-on lids, clear glass, coloured prints, each 65 mm tall, [&hellip;]<\/p>","protected":false},"featured_media":14340,"comment_status":"open","ping_status":"closed","template":"","meta":[],"product_brand":[],"product_cat":[795,1114,696],"product_tag":[3595,3596,3038,2164,2243,1419,1424,1425,3597],"class_list":{"0":"post-14339","1":"product","2":"type-product","3":"status-publish","4":"has-post-thumbnail","6":"product_cat-fibah1608804128","7":"product_cat-fibah1608804741","8":"product_cat-sets","9":"product_tag-chateau-madrid","10":"product_tag-clavelitos","11":"product_tag-fibah","12":"product_tag-gardenia","13":"product_tag-intermezzo","14":"product_tag-miniature-perfume-bottle","15":"product_tag-parfumminiatur","16":"product_tag-parfummini","17":"product_tag-violeta","19":"first","20":"instock","21":"taxable","22":"shipping-taxable","23":"purchasable","24":"product-type-simple"},"_links":{"self":[{"href":"https:\/\/parfumminis.com\/en\/wp-json\/wp\/v2\/product\/14339","targetHints":{"allow":["GET"]}}],"collection":[{"href":"https:\/\/parfumminis.com\/en\/wp-json\/wp\/v2\/product"}],"about":[{"href":"https:\/\/parfumminis.com\/en\/wp-json\/wp\/v2\/types\/product"}],"replies":[{"embeddable":true,"href":"https:\/\/parfumminis.com\/en\/wp-json\/wp\/v2\/comments?post=14339"}],"wp:featuredmedia":[{"embeddable":true,"href":"https:\/\/parfumminis.com\/en\/wp-json\/wp\/v2\/media\/14340"}],"wp:attachment":[{"href":"https:\/\/parfumminis.com\/en\/wp-json\/wp\/v2\/media?parent=14339"}],"wp:term":[{"taxonomy":"product_brand","embeddable":true,"href":"https:\/\/parfumminis.com\/en\/wp-json\/wp\/v2\/product_brand?post=14339"},{"taxonomy":"product_cat","embeddable":true,"href":"https:\/\/parfumminis.com\/en\/wp-json\/wp\/v2\/product_cat?post=14339"},{"taxonomy":"product_tag","embeddable":true,"href":"https:\/\/parfumminis.com\/en\/wp-json\/wp\/v2\/product_tag?post=14339"}],"curies":[{"name":"wp","href":"https:\/\/api.w.org\/{rel}","templated":true}]}}