{"id":14252,"date":"2023-09-19T18:02:59","date_gmt":"2023-09-19T17:02:59","guid":{"rendered":"https:\/\/parfumminis.com\/?post_type=product&#038;p=14252"},"modified":"2023-10-29T07:23:46","modified_gmt":"2023-10-29T06:23:46","slug":"le-jardin-3ml-edt","status":"publish","type":"product","link":"https:\/\/parfumminis.com\/en\/shop\/parfumminiaturen-alt-vintage\/factor-max1608804740\/le-jardin-3ml-edt\/","title":{"rendered":"Le Jardin 3ml EdT"},"content":{"rendered":"<p><span style=\"color: #615043\"><span style=\"font-family: Trebuchet MS,verdana,sans-serif\">\u00c4LTER &#8211; 3 ml EdT, wei\u00dfer Verschlu\u00df mit pastelfarbenem Druck, Klarglas mit Pr\u00e4gung vorne, klares Etikett am Boden, 55 mm hoch<br \/>\nSEMI-VINTAGE &#8211; 1\/10 fl.oz EdT, white lid with pastel coloured print, clear glass with embossing on the front, clear label on bottom, 55 mm tall<br \/>\n<\/span><\/span><\/p>\n<p><span style=\"font-family: Trebuchet MS,verdana,sans-serif\">\u2014\u2014\u2014 f\u00fcr F\u00fcllstand siehe Bild\/er \u2014\u2014\u2014 for contents see picture\/s \u2014\u2014\u2014<\/span><\/p>","protected":false},"excerpt":{"rendered":"<p>\u00c4LTER &#8211; 3 ml EdT, wei\u00dfer Verschlu\u00df mit pastelfarbenem Druck, Klarglas mit Pr\u00e4gung vorne, klares Etikett am Boden, 55 mm hoch SEMI-VINTAGE &#8211; 1\/10 fl.oz EdT, white lid with pastel coloured print, clear glass with embossing on the front, clear label on bottom, 55 mm tall \u2014\u2014\u2014 f\u00fcr F\u00fcllstand siehe Bild\/er \u2014\u2014\u2014 for contents see [&hellip;]<\/p>","protected":false},"featured_media":14253,"comment_status":"open","ping_status":"closed","template":"","meta":[],"product_brand":[],"product_cat":[789,1113],"product_tag":[3570,1927,1669,1419,1424],"class_list":{"0":"post-14252","1":"product","2":"type-product","3":"status-publish","4":"has-post-thumbnail","6":"product_cat-factor-max1608804116","7":"product_cat-factor-max1608804740","8":"product_tag-le-jardin","9":"product_tag-max-factor","10":"product_tag-mini-parfum","11":"product_tag-miniature-perfume-bottle","12":"product_tag-parfumminiatur","14":"first","15":"instock","16":"taxable","17":"shipping-taxable","18":"purchasable","19":"product-type-simple"},"_links":{"self":[{"href":"https:\/\/parfumminis.com\/en\/wp-json\/wp\/v2\/product\/14252","targetHints":{"allow":["GET"]}}],"collection":[{"href":"https:\/\/parfumminis.com\/en\/wp-json\/wp\/v2\/product"}],"about":[{"href":"https:\/\/parfumminis.com\/en\/wp-json\/wp\/v2\/types\/product"}],"replies":[{"embeddable":true,"href":"https:\/\/parfumminis.com\/en\/wp-json\/wp\/v2\/comments?post=14252"}],"wp:featuredmedia":[{"embeddable":true,"href":"https:\/\/parfumminis.com\/en\/wp-json\/wp\/v2\/media\/14253"}],"wp:attachment":[{"href":"https:\/\/parfumminis.com\/en\/wp-json\/wp\/v2\/media?parent=14252"}],"wp:term":[{"taxonomy":"product_brand","embeddable":true,"href":"https:\/\/parfumminis.com\/en\/wp-json\/wp\/v2\/product_brand?post=14252"},{"taxonomy":"product_cat","embeddable":true,"href":"https:\/\/parfumminis.com\/en\/wp-json\/wp\/v2\/product_cat?post=14252"},{"taxonomy":"product_tag","embeddable":true,"href":"https:\/\/parfumminis.com\/en\/wp-json\/wp\/v2\/product_tag?post=14252"}],"curies":[{"name":"wp","href":"https:\/\/api.w.org\/{rel}","templated":true}]}}