{"id":14231,"date":"2023-09-15T18:10:03","date_gmt":"2023-09-15T17:10:03","guid":{"rendered":"https:\/\/parfumminis.com\/?post_type=product&#038;p=14231"},"modified":"2023-09-15T16:33:49","modified_gmt":"2023-09-15T15:33:49","slug":"hypnotique-375ml-parfum-v4","status":"publish","type":"product","link":"https:\/\/parfumminis.com\/en\/shop\/parfumminiaturen-alt-vintage\/factor-max1608804740\/hypnotique-375ml-parfum-v4\/","title":{"rendered":"Hypnotique 3,75ml Parfum V4"},"content":{"rendered":"<p><span style=\"color: #615043\"><span style=\"font-family: Trebuchet MS,verdana,sans-serif\">\u00c4LTER &#8211; 3,75 ml Parfum, goldener Schraubverschlu\u00df, Klarglas, wei\u00dfer Druck, <strong>vorne 3 Zeilen, hinten 4 Zeilen<\/strong>, 53 mm hoch<br \/>\nSEMI-VINTAGE &#8211; 1\/8 fl.oz perfume, gold screw-on lid, clear glass, white print, <strong>3 text lines on front, 3 text lines on back<\/strong>, 53 mm tall<br \/>\n<\/span><\/span><\/p>\n<p><span style=\"font-family: Trebuchet MS,verdana,sans-serif\">\u2014\u2014\u2014 f\u00fcr F\u00fcllstand siehe Bild\/er \u2014\u2014\u2014 for contents see picture\/s \u2014\u2014\u2014<\/span><\/p>","protected":false},"excerpt":{"rendered":"<p>\u00c4LTER &#8211; 3,75 ml Parfum, goldener Schraubverschlu\u00df, Klarglas, wei\u00dfer Druck, vorne 3 Zeilen, hinten 4 Zeilen, 53 mm hoch SEMI-VINTAGE &#8211; 1\/8 fl.oz perfume, gold screw-on lid, clear glass, white print, 3 text lines on front, 3 text lines on back, 53 mm tall \u2014\u2014\u2014 f\u00fcr F\u00fcllstand siehe Bild\/er \u2014\u2014\u2014 for contents see picture\/s \u2014\u2014\u2014<\/p>","protected":false},"featured_media":14232,"comment_status":"open","ping_status":"closed","template":"","meta":[],"product_brand":[],"product_cat":[1113,789],"product_tag":[1928,1927,1670,1419,1424,1417],"class_list":{"0":"post-14231","1":"product","2":"type-product","3":"status-publish","4":"has-post-thumbnail","6":"product_cat-factor-max1608804740","7":"product_cat-factor-max1608804116","8":"product_tag-hypnotique","9":"product_tag-max-factor","10":"product_tag-mini-perfume-bottle","11":"product_tag-miniature-perfume-bottle","12":"product_tag-parfumminiatur","13":"product_tag-parfum-miniatur","15":"first","16":"instock","17":"taxable","18":"shipping-taxable","19":"purchasable","20":"product-type-simple"},"_links":{"self":[{"href":"https:\/\/parfumminis.com\/en\/wp-json\/wp\/v2\/product\/14231","targetHints":{"allow":["GET"]}}],"collection":[{"href":"https:\/\/parfumminis.com\/en\/wp-json\/wp\/v2\/product"}],"about":[{"href":"https:\/\/parfumminis.com\/en\/wp-json\/wp\/v2\/types\/product"}],"replies":[{"embeddable":true,"href":"https:\/\/parfumminis.com\/en\/wp-json\/wp\/v2\/comments?post=14231"}],"wp:featuredmedia":[{"embeddable":true,"href":"https:\/\/parfumminis.com\/en\/wp-json\/wp\/v2\/media\/14232"}],"wp:attachment":[{"href":"https:\/\/parfumminis.com\/en\/wp-json\/wp\/v2\/media?parent=14231"}],"wp:term":[{"taxonomy":"product_brand","embeddable":true,"href":"https:\/\/parfumminis.com\/en\/wp-json\/wp\/v2\/product_brand?post=14231"},{"taxonomy":"product_cat","embeddable":true,"href":"https:\/\/parfumminis.com\/en\/wp-json\/wp\/v2\/product_cat?post=14231"},{"taxonomy":"product_tag","embeddable":true,"href":"https:\/\/parfumminis.com\/en\/wp-json\/wp\/v2\/product_tag?post=14231"}],"curies":[{"name":"wp","href":"https:\/\/api.w.org\/{rel}","templated":true}]}}