{"id":14223,"date":"2023-09-15T18:06:12","date_gmt":"2023-09-15T17:06:12","guid":{"rendered":"https:\/\/parfumminis.com\/?post_type=product&#038;p=14223"},"modified":"2023-09-15T16:16:05","modified_gmt":"2023-09-15T15:16:05","slug":"hypnotique-2ml-parfum","status":"publish","type":"product","link":"https:\/\/parfumminis.com\/en\/shop\/parfumminiaturen-alt-vintage\/factor-max1608804740\/hypnotique-2ml-parfum\/","title":{"rendered":"Hypnotique 2ml Parfum"},"content":{"rendered":"<p><span style=\"color: #615043\"><span style=\"font-family: Trebuchet MS,verdana,sans-serif\">\u00c4LTER &#8211; 2 ml Parfum, wei\u00dfer Schraubverschlu\u00df, Klarglas, goldener Druck vorne &amp; hinten, 40 mm hoch<br \/>\nSEMI-VINTAGE &#8211; 1\/15 fl.oz perfume, white screw-on lid, clear glass, gold print on front &amp; back side, 40 mm tall<br \/>\n<\/span><\/span><\/p>\n<p><span style=\"font-family: Trebuchet MS,verdana,sans-serif\">\u2014\u2014\u2014 f\u00fcr F\u00fcllstand siehe Bild\/er \u2014\u2014\u2014 for contents see picture\/s \u2014\u2014\u2014<\/span><\/p>","protected":false},"excerpt":{"rendered":"<p>\u00c4LTER &#8211; 2 ml Parfum, wei\u00dfer Schraubverschlu\u00df, Klarglas, goldener Druck vorne &amp; hinten, 40 mm hoch SEMI-VINTAGE &#8211; 1\/15 fl.oz perfume, white screw-on lid, clear glass, gold print on front &amp; back side, 40 mm tall \u2014\u2014\u2014 f\u00fcr F\u00fcllstand siehe Bild\/er \u2014\u2014\u2014 for contents see picture\/s \u2014\u2014\u2014<\/p>","protected":false},"featured_media":14224,"comment_status":"open","ping_status":"closed","template":"","meta":[],"product_brand":[],"product_cat":[789,1113],"product_tag":[1928,1927,1670,1419,1417,1424],"class_list":{"0":"post-14223","1":"product","2":"type-product","3":"status-publish","4":"has-post-thumbnail","6":"product_cat-factor-max1608804116","7":"product_cat-factor-max1608804740","8":"product_tag-hypnotique","9":"product_tag-max-factor","10":"product_tag-mini-perfume-bottle","11":"product_tag-miniature-perfume-bottle","12":"product_tag-parfum-miniatur","13":"product_tag-parfumminiatur","15":"first","16":"instock","17":"taxable","18":"shipping-taxable","19":"purchasable","20":"product-type-simple"},"_links":{"self":[{"href":"https:\/\/parfumminis.com\/en\/wp-json\/wp\/v2\/product\/14223","targetHints":{"allow":["GET"]}}],"collection":[{"href":"https:\/\/parfumminis.com\/en\/wp-json\/wp\/v2\/product"}],"about":[{"href":"https:\/\/parfumminis.com\/en\/wp-json\/wp\/v2\/types\/product"}],"replies":[{"embeddable":true,"href":"https:\/\/parfumminis.com\/en\/wp-json\/wp\/v2\/comments?post=14223"}],"wp:featuredmedia":[{"embeddable":true,"href":"https:\/\/parfumminis.com\/en\/wp-json\/wp\/v2\/media\/14224"}],"wp:attachment":[{"href":"https:\/\/parfumminis.com\/en\/wp-json\/wp\/v2\/media?parent=14223"}],"wp:term":[{"taxonomy":"product_brand","embeddable":true,"href":"https:\/\/parfumminis.com\/en\/wp-json\/wp\/v2\/product_brand?post=14223"},{"taxonomy":"product_cat","embeddable":true,"href":"https:\/\/parfumminis.com\/en\/wp-json\/wp\/v2\/product_cat?post=14223"},{"taxonomy":"product_tag","embeddable":true,"href":"https:\/\/parfumminis.com\/en\/wp-json\/wp\/v2\/product_tag?post=14223"}],"curies":[{"name":"wp","href":"https:\/\/api.w.org\/{rel}","templated":true}]}}