{"id":14076,"date":"2023-07-22T18:03:16","date_gmt":"2023-07-22T17:03:16","guid":{"rendered":"https:\/\/parfumminis.com\/?post_type=product&#038;p=14076"},"modified":"2023-08-28T14:03:46","modified_gmt":"2023-08-28T13:03:46","slug":"aphrodisia-15ml-bath-perfume","status":"publish","type":"product","link":"https:\/\/parfumminis.com\/en\/shop\/parfumminiaturen-alt-vintage\/faberge1608804739\/aphrodisia-15ml-bath-perfume\/","title":{"rendered":"Aphrodisia 15ml Bath Perfume"},"content":{"rendered":"<p><span style=\"font-family: Trebuchet MS,verdana,sans-serif\">\u00c4LTER &#8211; 15 ml BP, wei\u00dfer Schraubverschlu\u00df mit grauen Sprenkeln, Klarglas, gold-gr\u00fcner Aufdruck vorne, gr\u00fcner Aufdruck hinten, 98 mm hoch<br \/>\nSEMI-VINTAGE &#8211; 1\/2 fl.oz bath perfume, white screw-on lid with grey speckles, clear glass, gold-green print on front side, green print on back side, 98 mm tall<br \/>\n<\/span><\/p>\n<p><span style=\"font-family: Trebuchet MS,verdana,sans-serif\">\u2014\u2014\u2014 f\u00fcr F\u00fcllstand siehe Bild\/er \u2014\u2014\u2014 for contents see picture\/s \u2014\u2014\u2014<\/span><\/p>","protected":false},"excerpt":{"rendered":"<p>\u00c4LTER &#8211; 15 ml BP, wei\u00dfer Schraubverschlu\u00df mit grauen Sprenkeln, Klarglas, gold-gr\u00fcner Aufdruck vorne, gr\u00fcner Aufdruck hinten, 98 mm hoch SEMI-VINTAGE &#8211; 1\/2 fl.oz bath perfume, white screw-on lid with grey speckles, clear glass, gold-green print on front side, green print on back side, 98 mm tall \u2014\u2014\u2014 f\u00fcr F\u00fcllstand siehe Bild\/er \u2014\u2014\u2014 for contents [&hellip;]<\/p>","protected":false},"featured_media":14077,"comment_status":"open","ping_status":"closed","template":"","meta":[],"product_brand":[],"product_cat":[788,1112],"product_tag":[2032,1887,1444,1419,3312,1424],"class_list":{"0":"post-14076","1":"product","2":"type-product","3":"status-publish","4":"has-post-thumbnail","6":"product_cat-faberge1608804115","7":"product_cat-faberge1608804739","8":"product_tag-aphrodisia","9":"product_tag-faberge","10":"product_tag-mini-flacon","11":"product_tag-miniature-perfume-bottle","12":"product_tag-miniparfum","13":"product_tag-parfumminiatur","15":"first","16":"instock","17":"taxable","18":"shipping-taxable","19":"purchasable","20":"product-type-simple"},"_links":{"self":[{"href":"https:\/\/parfumminis.com\/en\/wp-json\/wp\/v2\/product\/14076","targetHints":{"allow":["GET"]}}],"collection":[{"href":"https:\/\/parfumminis.com\/en\/wp-json\/wp\/v2\/product"}],"about":[{"href":"https:\/\/parfumminis.com\/en\/wp-json\/wp\/v2\/types\/product"}],"replies":[{"embeddable":true,"href":"https:\/\/parfumminis.com\/en\/wp-json\/wp\/v2\/comments?post=14076"}],"wp:featuredmedia":[{"embeddable":true,"href":"https:\/\/parfumminis.com\/en\/wp-json\/wp\/v2\/media\/14077"}],"wp:attachment":[{"href":"https:\/\/parfumminis.com\/en\/wp-json\/wp\/v2\/media?parent=14076"}],"wp:term":[{"taxonomy":"product_brand","embeddable":true,"href":"https:\/\/parfumminis.com\/en\/wp-json\/wp\/v2\/product_brand?post=14076"},{"taxonomy":"product_cat","embeddable":true,"href":"https:\/\/parfumminis.com\/en\/wp-json\/wp\/v2\/product_cat?post=14076"},{"taxonomy":"product_tag","embeddable":true,"href":"https:\/\/parfumminis.com\/en\/wp-json\/wp\/v2\/product_tag?post=14076"}],"curies":[{"name":"wp","href":"https:\/\/api.w.org\/{rel}","templated":true}]}}