{"id":14031,"date":"2023-07-15T18:11:35","date_gmt":"2023-07-15T17:11:35","guid":{"rendered":"https:\/\/parfumminis.com\/?post_type=product&#038;p=14031"},"modified":"2023-07-15T13:22:43","modified_gmt":"2023-07-15T12:22:43","slug":"most-precious-75ml-cologne-v5","status":"publish","type":"product","link":"https:\/\/parfumminis.com\/en\/shop\/parfumminiaturen-alt-vintage\/evyan1608804737\/most-precious-75ml-cologne-v5\/","title":{"rendered":"White Shoulders 7,5ml Cologne V5"},"content":{"rendered":"<p><span style=\"color: #615043\"><span style=\"font-family: Trebuchet MS,verdana,sans-serif\">\u00c4LTER &#8211; 7,5 ml Cologne, goldener gemusterter Schraubverschlu\u00df, Klarglasflakon, goldenes herzf\u00f6rmiges Papieretikett mit dunkelbraunem Druck, 68 mm hoch, USA<br \/>\nVINTAGE &#8211; 1\/4 fl.oz cologne, gold patterned screw-on lid, clear glass bottle, gold heart shaped paper label with dark brown print, 68 mm tall, USA<br \/>\n<\/span><\/span><\/p>\n<p><span style=\"color: #615043\"><span style=\"font-family: Trebuchet MS,verdana,sans-serif\">\u2014\u2014\u2014 f\u00fcr F\u00fcllstand siehe Bild\/er \u2014\u2014\u2014 for contents see picture\/s \u2014\u2014\u2014<\/span><\/span><\/p>","protected":false},"excerpt":{"rendered":"<p>\u00c4LTER &#8211; 7,5 ml Cologne, goldener gemusterter Schraubverschlu\u00df, Klarglasflakon, goldenes herzf\u00f6rmiges Papieretikett mit dunkelbraunem Druck, 68 mm hoch, USA VINTAGE &#8211; 1\/4 fl.oz cologne, gold patterned screw-on lid, clear glass bottle, gold heart shaped paper label with dark brown print, 68 mm tall, USA \u2014\u2014\u2014 f\u00fcr F\u00fcllstand siehe Bild\/er \u2014\u2014\u2014 for contents see picture\/s \u2014\u2014\u2014<\/p>","protected":false},"featured_media":14032,"comment_status":"open","ping_status":"closed","template":"","meta":[],"product_brand":[],"product_cat":[1098,1111],"product_tag":[2031,1669,1670,1419,1424,2029],"class_list":{"0":"post-14031","1":"product","2":"type-product","3":"status-publish","4":"has-post-thumbnail","6":"product_cat-evyan1608804714","7":"product_cat-evyan1608804737","8":"product_tag-evyan","9":"product_tag-mini-parfum","10":"product_tag-mini-perfume-bottle","11":"product_tag-miniature-perfume-bottle","12":"product_tag-parfumminiatur","13":"product_tag-white-shoulders","15":"first","16":"instock","17":"taxable","18":"shipping-taxable","19":"purchasable","20":"product-type-simple"},"_links":{"self":[{"href":"https:\/\/parfumminis.com\/en\/wp-json\/wp\/v2\/product\/14031","targetHints":{"allow":["GET"]}}],"collection":[{"href":"https:\/\/parfumminis.com\/en\/wp-json\/wp\/v2\/product"}],"about":[{"href":"https:\/\/parfumminis.com\/en\/wp-json\/wp\/v2\/types\/product"}],"replies":[{"embeddable":true,"href":"https:\/\/parfumminis.com\/en\/wp-json\/wp\/v2\/comments?post=14031"}],"wp:featuredmedia":[{"embeddable":true,"href":"https:\/\/parfumminis.com\/en\/wp-json\/wp\/v2\/media\/14032"}],"wp:attachment":[{"href":"https:\/\/parfumminis.com\/en\/wp-json\/wp\/v2\/media?parent=14031"}],"wp:term":[{"taxonomy":"product_brand","embeddable":true,"href":"https:\/\/parfumminis.com\/en\/wp-json\/wp\/v2\/product_brand?post=14031"},{"taxonomy":"product_cat","embeddable":true,"href":"https:\/\/parfumminis.com\/en\/wp-json\/wp\/v2\/product_cat?post=14031"},{"taxonomy":"product_tag","embeddable":true,"href":"https:\/\/parfumminis.com\/en\/wp-json\/wp\/v2\/product_tag?post=14031"}],"curies":[{"name":"wp","href":"https:\/\/api.w.org\/{rel}","templated":true}]}}