{"id":13961,"date":"2023-06-30T18:09:21","date_gmt":"2023-06-30T17:09:21","guid":{"rendered":"https:\/\/parfumminis.com\/?post_type=product&#038;p=13961"},"modified":"2023-06-30T14:37:00","modified_gmt":"2023-06-30T13:37:00","slug":"most-precious-75ml-parfum-v2","status":"publish","type":"product","link":"https:\/\/parfumminis.com\/en\/shop\/parfumminiaturen-alt-vintage\/evyan1608804737\/most-precious-75ml-parfum-v2\/","title":{"rendered":"Most Precious 7,5ml Parfum V2"},"content":{"rendered":"<p><span style=\"color: #615043\"><span style=\"font-family: Trebuchet MS,verdana,sans-serif\">\u00c4LTER &#8211; 7,5 ml Parfum, goldener Schraubverschlu\u00df, Klarglasflakon, goldenes Papieretikett mit braunem Druck, zus\u00e4tzlich seitlich goldenes Papieretikett &#8222;FOR DEMONSTRATION ONLY&#8220;, 65 mm hoch, USA<br \/>\nVINTAGE &#8211; 1\/4 fl.oz perfume, gold screw-on lid, clear glass bottle, gold paper label with brown print, additional gold paper label at the side &#8222;FOR DEMONSTRATION ONLY&#8220;, 65 mm tall, USA<br \/>\n<\/span><\/span><\/p>\n<p><span style=\"color: #615043\"><span style=\"font-family: Trebuchet MS,verdana,sans-serif\">\u2014\u2014\u2014 f\u00fcr F\u00fcllstand siehe Bild\/er \u2014\u2014\u2014 for contents see picture\/s \u2014\u2014\u2014<\/span><\/span><\/p>","protected":false},"excerpt":{"rendered":"<p>\u00c4LTER &#8211; 7,5 ml Parfum, goldener Schraubverschlu\u00df, Klarglasflakon, goldenes Papieretikett mit braunem Druck, zus\u00e4tzlich seitlich goldenes Papieretikett &#8222;FOR DEMONSTRATION ONLY&#8220;, 65 mm hoch, USA VINTAGE &#8211; 1\/4 fl.oz perfume, gold screw-on lid, clear glass bottle, gold paper label with brown print, additional gold paper label at the side &#8222;FOR DEMONSTRATION ONLY&#8220;, 65 mm tall, USA [&hellip;]<\/p>","protected":false},"featured_media":13963,"comment_status":"open","ping_status":"closed","template":"","meta":[],"product_brand":[],"product_cat":[1111,1098],"product_tag":[2031,1669,1670,1419,3556,1424],"class_list":{"0":"post-13961","1":"product","2":"type-product","3":"status-publish","4":"has-post-thumbnail","6":"product_cat-evyan1608804737","7":"product_cat-evyan1608804714","8":"product_tag-evyan","9":"product_tag-mini-parfum","10":"product_tag-mini-perfume-bottle","11":"product_tag-miniature-perfume-bottle","12":"product_tag-most-precious","13":"product_tag-parfumminiatur","15":"first","16":"instock","17":"taxable","18":"shipping-taxable","19":"purchasable","20":"product-type-simple"},"_links":{"self":[{"href":"https:\/\/parfumminis.com\/en\/wp-json\/wp\/v2\/product\/13961","targetHints":{"allow":["GET"]}}],"collection":[{"href":"https:\/\/parfumminis.com\/en\/wp-json\/wp\/v2\/product"}],"about":[{"href":"https:\/\/parfumminis.com\/en\/wp-json\/wp\/v2\/types\/product"}],"replies":[{"embeddable":true,"href":"https:\/\/parfumminis.com\/en\/wp-json\/wp\/v2\/comments?post=13961"}],"wp:featuredmedia":[{"embeddable":true,"href":"https:\/\/parfumminis.com\/en\/wp-json\/wp\/v2\/media\/13963"}],"wp:attachment":[{"href":"https:\/\/parfumminis.com\/en\/wp-json\/wp\/v2\/media?parent=13961"}],"wp:term":[{"taxonomy":"product_brand","embeddable":true,"href":"https:\/\/parfumminis.com\/en\/wp-json\/wp\/v2\/product_brand?post=13961"},{"taxonomy":"product_cat","embeddable":true,"href":"https:\/\/parfumminis.com\/en\/wp-json\/wp\/v2\/product_cat?post=13961"},{"taxonomy":"product_tag","embeddable":true,"href":"https:\/\/parfumminis.com\/en\/wp-json\/wp\/v2\/product_tag?post=13961"}],"curies":[{"name":"wp","href":"https:\/\/api.w.org\/{rel}","templated":true}]}}