{"id":13945,"date":"2023-06-30T18:02:23","date_gmt":"2023-06-30T17:02:23","guid":{"rendered":"https:\/\/parfumminis.com\/?post_type=product&#038;p=13945"},"modified":"2023-06-30T13:41:04","modified_gmt":"2023-06-30T12:41:04","slug":"most-precious-375ml-parfum","status":"publish","type":"product","link":"https:\/\/parfumminis.com\/en\/shop\/parfumminiaturen-alt-vintage\/evyan1608804737\/most-precious-375ml-parfum\/","title":{"rendered":"Most Precious 3,75ml Parfum"},"content":{"rendered":"<p><span style=\"color: #615043\"><span style=\"font-family: Trebuchet MS,verdana,sans-serif\">\u00c4LTER &#8211; ca. 3,75 ml Parfum, silberner Schraubverschlu\u00df, Klarglasflakon, silbernes Papieretikett mit dunkelbraunem Druck, 59 mm hoch, mit Metallh\u00fclle, USA<br \/>\nVINTAGE &#8211; approx. 1\/8 fl.oz perfume, silber screw-on lid, clear glass bottle, silver paper label with dark brown print, 59 mm tall, w\/ metal case, USA<br \/>\n<\/span><\/span><\/p>\n<p><span style=\"color: #615043\"><span style=\"font-family: Trebuchet MS,verdana,sans-serif\">\u2014\u2014\u2014 f\u00fcr F\u00fcllstand siehe Bild\/er \u2014\u2014\u2014 for contents see picture\/s \u2014\u2014\u2014<\/span><\/span><\/p>","protected":false},"excerpt":{"rendered":"<p>\u00c4LTER &#8211; ca. 3,75 ml Parfum, silberner Schraubverschlu\u00df, Klarglasflakon, silbernes Papieretikett mit dunkelbraunem Druck, 59 mm hoch, mit Metallh\u00fclle, USA VINTAGE &#8211; approx. 1\/8 fl.oz perfume, silber screw-on lid, clear glass bottle, silver paper label with dark brown print, 59 mm tall, w\/ metal case, USA \u2014\u2014\u2014 f\u00fcr F\u00fcllstand siehe Bild\/er \u2014\u2014\u2014 for contents see [&hellip;]<\/p>","protected":false},"featured_media":13946,"comment_status":"open","ping_status":"closed","template":"","meta":[],"product_brand":[],"product_cat":[1098,1111],"product_tag":[2031,1669,1670,1419,3556,1424],"class_list":{"0":"post-13945","1":"product","2":"type-product","3":"status-publish","4":"has-post-thumbnail","6":"product_cat-evyan1608804714","7":"product_cat-evyan1608804737","8":"product_tag-evyan","9":"product_tag-mini-parfum","10":"product_tag-mini-perfume-bottle","11":"product_tag-miniature-perfume-bottle","12":"product_tag-most-precious","13":"product_tag-parfumminiatur","15":"first","16":"instock","17":"taxable","18":"shipping-taxable","19":"purchasable","20":"product-type-simple"},"_links":{"self":[{"href":"https:\/\/parfumminis.com\/en\/wp-json\/wp\/v2\/product\/13945","targetHints":{"allow":["GET"]}}],"collection":[{"href":"https:\/\/parfumminis.com\/en\/wp-json\/wp\/v2\/product"}],"about":[{"href":"https:\/\/parfumminis.com\/en\/wp-json\/wp\/v2\/types\/product"}],"replies":[{"embeddable":true,"href":"https:\/\/parfumminis.com\/en\/wp-json\/wp\/v2\/comments?post=13945"}],"wp:featuredmedia":[{"embeddable":true,"href":"https:\/\/parfumminis.com\/en\/wp-json\/wp\/v2\/media\/13946"}],"wp:attachment":[{"href":"https:\/\/parfumminis.com\/en\/wp-json\/wp\/v2\/media?parent=13945"}],"wp:term":[{"taxonomy":"product_brand","embeddable":true,"href":"https:\/\/parfumminis.com\/en\/wp-json\/wp\/v2\/product_brand?post=13945"},{"taxonomy":"product_cat","embeddable":true,"href":"https:\/\/parfumminis.com\/en\/wp-json\/wp\/v2\/product_cat?post=13945"},{"taxonomy":"product_tag","embeddable":true,"href":"https:\/\/parfumminis.com\/en\/wp-json\/wp\/v2\/product_tag?post=13945"}],"curies":[{"name":"wp","href":"https:\/\/api.w.org\/{rel}","templated":true}]}}