{"id":13938,"date":"2023-06-28T18:08:09","date_gmt":"2023-06-28T17:08:09","guid":{"rendered":"https:\/\/parfumminis.com\/?post_type=product&#038;p=13938"},"modified":"2023-06-28T15:19:39","modified_gmt":"2023-06-28T14:19:39","slug":"great-lady-75ml-parfum","status":"publish","type":"product","link":"https:\/\/parfumminis.com\/en\/shop\/parfumminiaturen-alt-vintage\/evyan1608804737\/great-lady-75ml-parfum\/","title":{"rendered":"Great Lady 7,5ml Parfum"},"content":{"rendered":"<p><span style=\"color: #615043\"><span style=\"font-family: Trebuchet MS,verdana,sans-serif\">\u00c4LTER &#8211; 7,5 ml Parfum, goldener Schraubverschlu\u00df, Klarglasflakon, goldenes Papieretikett mit gepr\u00e4gter Schrift, 65 mm hoch, mit goldfarbener Metallklappbox, USA<br \/>\nVINTAGE &#8211; 1\/4 fl.oz perfume, gold screw-on lid, clear glass bottle, gold paper label with embossed lettering, 65 mm tall, w\/ gold-colored metal folding box, USA<br \/>\n<\/span><\/span><\/p>\n<p><span style=\"color: #615043\"><span style=\"font-family: Trebuchet MS,verdana,sans-serif\">\u2014\u2014\u2014 f\u00fcr F\u00fcllstand siehe Bild\/er \u2014\u2014\u2014 for contents see picture\/s \u2014\u2014\u2014<\/span><\/span><\/p>","protected":false},"excerpt":{"rendered":"<p>\u00c4LTER &#8211; 7,5 ml Parfum, goldener Schraubverschlu\u00df, Klarglasflakon, goldenes Papieretikett mit gepr\u00e4gter Schrift, 65 mm hoch, mit goldfarbener Metallklappbox, USA VINTAGE &#8211; 1\/4 fl.oz perfume, gold screw-on lid, clear glass bottle, gold paper label with embossed lettering, 65 mm tall, w\/ gold-colored metal folding box, USA \u2014\u2014\u2014 f\u00fcr F\u00fcllstand siehe Bild\/er \u2014\u2014\u2014 for contents see [&hellip;]<\/p>","protected":false},"featured_media":13939,"comment_status":"open","ping_status":"closed","template":"","meta":[],"product_brand":[],"product_cat":[1098,1111],"product_tag":[2031,3555,1669,1670,1419,1424],"class_list":{"0":"post-13938","1":"product","2":"type-product","3":"status-publish","4":"has-post-thumbnail","6":"product_cat-evyan1608804714","7":"product_cat-evyan1608804737","8":"product_tag-evyan","9":"product_tag-great-lady","10":"product_tag-mini-parfum","11":"product_tag-mini-perfume-bottle","12":"product_tag-miniature-perfume-bottle","13":"product_tag-parfumminiatur","15":"first","16":"instock","17":"taxable","18":"shipping-taxable","19":"purchasable","20":"product-type-simple"},"_links":{"self":[{"href":"https:\/\/parfumminis.com\/en\/wp-json\/wp\/v2\/product\/13938","targetHints":{"allow":["GET"]}}],"collection":[{"href":"https:\/\/parfumminis.com\/en\/wp-json\/wp\/v2\/product"}],"about":[{"href":"https:\/\/parfumminis.com\/en\/wp-json\/wp\/v2\/types\/product"}],"replies":[{"embeddable":true,"href":"https:\/\/parfumminis.com\/en\/wp-json\/wp\/v2\/comments?post=13938"}],"wp:featuredmedia":[{"embeddable":true,"href":"https:\/\/parfumminis.com\/en\/wp-json\/wp\/v2\/media\/13939"}],"wp:attachment":[{"href":"https:\/\/parfumminis.com\/en\/wp-json\/wp\/v2\/media?parent=13938"}],"wp:term":[{"taxonomy":"product_brand","embeddable":true,"href":"https:\/\/parfumminis.com\/en\/wp-json\/wp\/v2\/product_brand?post=13938"},{"taxonomy":"product_cat","embeddable":true,"href":"https:\/\/parfumminis.com\/en\/wp-json\/wp\/v2\/product_cat?post=13938"},{"taxonomy":"product_tag","embeddable":true,"href":"https:\/\/parfumminis.com\/en\/wp-json\/wp\/v2\/product_tag?post=13938"}],"curies":[{"name":"wp","href":"https:\/\/api.w.org\/{rel}","templated":true}]}}