{"id":13932,"date":"2023-06-28T18:05:54","date_gmt":"2023-06-28T17:05:54","guid":{"rendered":"https:\/\/parfumminis.com\/?post_type=product&#038;p=13932"},"modified":"2023-06-28T14:49:57","modified_gmt":"2023-06-28T13:49:57","slug":"golden-shadows-30ml-parfum","status":"publish","type":"product","link":"https:\/\/parfumminis.com\/en\/shop\/parfumminiaturen-alt-vintage\/evyan1608804737\/golden-shadows-30ml-parfum\/","title":{"rendered":"Golden Shadows 30ml Parfum"},"content":{"rendered":"<p><span style=\"color: #615043\"><span style=\"font-family: Trebuchet MS,verdana,sans-serif\">\u00c4LTER &#8211; 30 ml Parfum, eingeschliffener Glasverschlu\u00df, original versiegelt mit Goldkordel, Klarglasflakon, goldenes H\u00e4ngeetikett mit gepr\u00e4gter Schrift, 87 mm hoch, USA<br \/>\nVINTAGE &#8211; 1 fl.oz perfume, cut glass stopper, originally sealed with golden cord, clear glass bottle, gold hangtag with embossed lettering, 87 mm tall, USA<br \/>\n<\/span><\/span><\/p>\n<p><span style=\"color: #615043\"><span style=\"font-family: Trebuchet MS,verdana,sans-serif\">\u2014\u2014\u2014 f\u00fcr F\u00fcllstand siehe Bild\/er \u2014\u2014\u2014 for contents see picture\/s \u2014\u2014\u2014<\/span><\/span><\/p>","protected":false},"excerpt":{"rendered":"<p>\u00c4LTER &#8211; 30 ml Parfum, eingeschliffener Glasverschlu\u00df, original versiegelt mit Goldkordel, Klarglasflakon, goldenes H\u00e4ngeetikett mit gepr\u00e4gter Schrift, 87 mm hoch, USA VINTAGE &#8211; 1 fl.oz perfume, cut glass stopper, originally sealed with golden cord, clear glass bottle, gold hangtag with embossed lettering, 87 mm tall, USA \u2014\u2014\u2014 f\u00fcr F\u00fcllstand siehe Bild\/er \u2014\u2014\u2014 for contents see [&hellip;]<\/p>","protected":false},"featured_media":13933,"comment_status":"open","ping_status":"closed","template":"","meta":[],"product_brand":[],"product_cat":[1111,1098],"product_tag":[2031,2030,1669,1670,1419,1424],"class_list":{"0":"post-13932","1":"product","2":"type-product","3":"status-publish","4":"has-post-thumbnail","6":"product_cat-evyan1608804737","7":"product_cat-evyan1608804714","8":"product_tag-evyan","9":"product_tag-golden-shadows","10":"product_tag-mini-parfum","11":"product_tag-mini-perfume-bottle","12":"product_tag-miniature-perfume-bottle","13":"product_tag-parfumminiatur","15":"first","16":"instock","17":"taxable","18":"shipping-taxable","19":"purchasable","20":"product-type-simple"},"_links":{"self":[{"href":"https:\/\/parfumminis.com\/en\/wp-json\/wp\/v2\/product\/13932","targetHints":{"allow":["GET"]}}],"collection":[{"href":"https:\/\/parfumminis.com\/en\/wp-json\/wp\/v2\/product"}],"about":[{"href":"https:\/\/parfumminis.com\/en\/wp-json\/wp\/v2\/types\/product"}],"replies":[{"embeddable":true,"href":"https:\/\/parfumminis.com\/en\/wp-json\/wp\/v2\/comments?post=13932"}],"wp:featuredmedia":[{"embeddable":true,"href":"https:\/\/parfumminis.com\/en\/wp-json\/wp\/v2\/media\/13933"}],"wp:attachment":[{"href":"https:\/\/parfumminis.com\/en\/wp-json\/wp\/v2\/media?parent=13932"}],"wp:term":[{"taxonomy":"product_brand","embeddable":true,"href":"https:\/\/parfumminis.com\/en\/wp-json\/wp\/v2\/product_brand?post=13932"},{"taxonomy":"product_cat","embeddable":true,"href":"https:\/\/parfumminis.com\/en\/wp-json\/wp\/v2\/product_cat?post=13932"},{"taxonomy":"product_tag","embeddable":true,"href":"https:\/\/parfumminis.com\/en\/wp-json\/wp\/v2\/product_tag?post=13932"}],"curies":[{"name":"wp","href":"https:\/\/api.w.org\/{rel}","templated":true}]}}