{"id":13905,"date":"2023-05-17T15:56:20","date_gmt":"2023-05-17T14:56:20","guid":{"rendered":"https:\/\/parfumminis.com\/?post_type=product&#038;p=13905"},"modified":"2023-05-17T16:02:41","modified_gmt":"2023-05-17T15:02:41","slug":"gay-diversion-6ml-cologne","status":"publish","type":"product","link":"https:\/\/parfumminis.com\/en\/shop\/parfumminiaturen-alt-vintage\/evyan1608804737\/gay-diversion-6ml-cologne\/","title":{"rendered":"Gay Diversion 6ml Cologne"},"content":{"rendered":"<p><span style=\"color: #615043\"><span style=\"font-family: Trebuchet MS,verdana,sans-serif\">\u00c4LTER &#8211; ca. 6 ml Cologne, schwarzer Schraubverschlu\u00df, Klarglas, ros\u00e9farbenes Papieretikett mit goldenem Druck, 65 mm hoch, USA<br \/>\nVINTAGE &#8211; approx. 1\/5 fl.oz cologne, black screw-on lid, clear glass, light pink paper label with gold print, 65 mm tall, USA<br \/>\n<\/span><\/span><\/p>\n<p><span style=\"color: #615043\"><span style=\"font-family: Trebuchet MS,verdana,sans-serif\">\u2014\u2014\u2014 f\u00fcr F\u00fcllstand siehe Bild\/er \u2014\u2014\u2014 for contents see picture\/s \u2014\u2014\u2014<\/span><\/span><\/p>","protected":false},"excerpt":{"rendered":"<p>\u00c4LTER &#8211; ca. 6 ml Cologne, schwarzer Schraubverschlu\u00df, Klarglas, ros\u00e9farbenes Papieretikett mit goldenem Druck, 65 mm hoch, USA VINTAGE &#8211; approx. 1\/5 fl.oz cologne, black screw-on lid, clear glass, light pink paper label with gold print, 65 mm tall, USA \u2014\u2014\u2014 f\u00fcr F\u00fcllstand siehe Bild\/er \u2014\u2014\u2014 for contents see picture\/s \u2014\u2014\u2014<\/p>","protected":false},"featured_media":13906,"comment_status":"open","ping_status":"closed","template":"","meta":[],"product_brand":[],"product_cat":[1098,1111],"product_tag":[2031,3554,1669,1670,1419,1424],"class_list":{"0":"post-13905","1":"product","2":"type-product","3":"status-publish","4":"has-post-thumbnail","6":"product_cat-evyan1608804714","7":"product_cat-evyan1608804737","8":"product_tag-evyan","9":"product_tag-gay-diversion","10":"product_tag-mini-parfum","11":"product_tag-mini-perfume-bottle","12":"product_tag-miniature-perfume-bottle","13":"product_tag-parfumminiatur","15":"first","16":"instock","17":"taxable","18":"shipping-taxable","19":"purchasable","20":"product-type-simple"},"_links":{"self":[{"href":"https:\/\/parfumminis.com\/en\/wp-json\/wp\/v2\/product\/13905","targetHints":{"allow":["GET"]}}],"collection":[{"href":"https:\/\/parfumminis.com\/en\/wp-json\/wp\/v2\/product"}],"about":[{"href":"https:\/\/parfumminis.com\/en\/wp-json\/wp\/v2\/types\/product"}],"replies":[{"embeddable":true,"href":"https:\/\/parfumminis.com\/en\/wp-json\/wp\/v2\/comments?post=13905"}],"wp:featuredmedia":[{"embeddable":true,"href":"https:\/\/parfumminis.com\/en\/wp-json\/wp\/v2\/media\/13906"}],"wp:attachment":[{"href":"https:\/\/parfumminis.com\/en\/wp-json\/wp\/v2\/media?parent=13905"}],"wp:term":[{"taxonomy":"product_brand","embeddable":true,"href":"https:\/\/parfumminis.com\/en\/wp-json\/wp\/v2\/product_brand?post=13905"},{"taxonomy":"product_cat","embeddable":true,"href":"https:\/\/parfumminis.com\/en\/wp-json\/wp\/v2\/product_cat?post=13905"},{"taxonomy":"product_tag","embeddable":true,"href":"https:\/\/parfumminis.com\/en\/wp-json\/wp\/v2\/product_tag?post=13905"}],"curies":[{"name":"wp","href":"https:\/\/api.w.org\/{rel}","templated":true}]}}