{"id":13783,"date":"2023-05-12T09:34:39","date_gmt":"2023-05-12T08:34:39","guid":{"rendered":"https:\/\/parfumminis.com\/?post_type=product&#038;p=13783"},"modified":"2023-05-12T09:39:03","modified_gmt":"2023-05-12T08:39:03","slug":"tabu-10ml-extrait","status":"publish","type":"product","link":"https:\/\/parfumminis.com\/en\/shop\/parfumminiaturen-alt-vintage\/dana1608804734\/tabu-10ml-extrait\/","title":{"rendered":"Tabu 10ml Extrait"},"content":{"rendered":"<p><span style=\"font-family: Trebuchet MS,verdana,sans-serif\">\u00c4LTER &#8211; ca. 10 ml Extrait, schwarzer Schraubverschlu\u00df, Klarglas, schwarz-rot-wei\u00dfes Papieretikett, wei\u00dfes Papieretikett am Boden, 51 mm hoch, Mexiko<br \/>\nSEMI-VINTAGE &#8211; approx. 0.33 fl.oz extrait, black screw-on lid, clear glass, black-red-white paper label, white paper label on bottom, 51 mm tall, Mexico<\/span><\/p>\n<p><span style=\"font-family: Trebuchet MS,verdana,sans-serif\">\u2014\u2014\u2014 f\u00fcr F\u00fcllstand siehe Bild\/er \u2014\u2014\u2014 for contents see picture\/s \u2014\u2014\u2014<\/span><\/p>","protected":false},"excerpt":{"rendered":"<p>\u00c4LTER &#8211; ca. 10 ml Extrait, schwarzer Schraubverschlu\u00df, Klarglas, schwarz-rot-wei\u00dfes Papieretikett, wei\u00dfes Papieretikett am Boden, 51 mm hoch, Mexiko SEMI-VINTAGE &#8211; approx. 0.33 fl.oz extrait, black screw-on lid, clear glass, black-red-white paper label, white paper label on bottom, 51 mm tall, Mexico \u2014\u2014\u2014 f\u00fcr F\u00fcllstand siehe Bild\/er \u2014\u2014\u2014 for contents see picture\/s \u2014\u2014\u2014<\/p>","protected":false},"featured_media":13784,"comment_status":"open","ping_status":"closed","template":"","meta":[],"product_brand":[],"product_cat":[1109,766],"product_tag":[1610,1420,1419,1424,1922],"class_list":{"0":"post-13783","1":"product","2":"type-product","3":"status-publish","4":"has-post-thumbnail","6":"product_cat-dana1608804734","7":"product_cat-dana1608804074","8":"product_tag-dana","9":"product_tag-mini-perfume","10":"product_tag-miniature-perfume-bottle","11":"product_tag-parfumminiatur","12":"product_tag-tabu","14":"first","15":"instock","16":"taxable","17":"shipping-taxable","18":"purchasable","19":"product-type-simple"},"_links":{"self":[{"href":"https:\/\/parfumminis.com\/en\/wp-json\/wp\/v2\/product\/13783","targetHints":{"allow":["GET"]}}],"collection":[{"href":"https:\/\/parfumminis.com\/en\/wp-json\/wp\/v2\/product"}],"about":[{"href":"https:\/\/parfumminis.com\/en\/wp-json\/wp\/v2\/types\/product"}],"replies":[{"embeddable":true,"href":"https:\/\/parfumminis.com\/en\/wp-json\/wp\/v2\/comments?post=13783"}],"wp:featuredmedia":[{"embeddable":true,"href":"https:\/\/parfumminis.com\/en\/wp-json\/wp\/v2\/media\/13784"}],"wp:attachment":[{"href":"https:\/\/parfumminis.com\/en\/wp-json\/wp\/v2\/media?parent=13783"}],"wp:term":[{"taxonomy":"product_brand","embeddable":true,"href":"https:\/\/parfumminis.com\/en\/wp-json\/wp\/v2\/product_brand?post=13783"},{"taxonomy":"product_cat","embeddable":true,"href":"https:\/\/parfumminis.com\/en\/wp-json\/wp\/v2\/product_cat?post=13783"},{"taxonomy":"product_tag","embeddable":true,"href":"https:\/\/parfumminis.com\/en\/wp-json\/wp\/v2\/product_tag?post=13783"}],"curies":[{"name":"wp","href":"https:\/\/api.w.org\/{rel}","templated":true}]}}