{"id":13740,"date":"2023-05-11T11:59:37","date_gmt":"2023-05-11T10:59:37","guid":{"rendered":"https:\/\/parfumminis.com\/?post_type=product&#038;p=13740"},"modified":"2023-05-11T12:01:04","modified_gmt":"2023-05-11T11:01:04","slug":"tabu-375ml-edc-v1","status":"publish","type":"product","link":"https:\/\/parfumminis.com\/en\/shop\/parfumminiaturen-alt-vintage\/dana1608804734\/tabu-375ml-edc-v1\/","title":{"rendered":"Tabu 3,75ml EdC V1"},"content":{"rendered":"<p><span style=\"font-family: Trebuchet MS,verdana,sans-serif\">\u00c4LTER &#8211; 3,75 ml EdC, wei\u00dfer Verschlu\u00df, Klarglas, schwarz-rot-wei\u00dfes Papieretikett, 40 mm hoch<br \/>\nSEMI-VINTAGE &#8211; 1\/8 fl.oz EdC, white lid, clear glass, black-red-white paper label, 40 mm tall<\/span><\/p>\n<p><span style=\"font-family: Trebuchet MS,verdana,sans-serif\">\u2014\u2014\u2014 f\u00fcr F\u00fcllstand siehe Bild\/er \u2014\u2014\u2014 for contents see picture\/s \u2014\u2014\u2014<\/span><\/p>","protected":false},"excerpt":{"rendered":"<p>\u00c4LTER &#8211; 3,75 ml EdC, wei\u00dfer Verschlu\u00df, Klarglas, schwarz-rot-wei\u00dfes Papieretikett, 40 mm hoch SEMI-VINTAGE &#8211; 1\/8 fl.oz EdC, white lid, clear glass, black-red-white paper label, 40 mm tall \u2014\u2014\u2014 f\u00fcr F\u00fcllstand siehe Bild\/er \u2014\u2014\u2014 for contents see picture\/s \u2014\u2014\u2014<\/p>","protected":false},"featured_media":13741,"comment_status":"open","ping_status":"closed","template":"","meta":[],"product_brand":[],"product_cat":[766,1109],"product_tag":[1610,1420,1419,1424,1922],"class_list":{"0":"post-13740","1":"product","2":"type-product","3":"status-publish","4":"has-post-thumbnail","6":"product_cat-dana1608804074","7":"product_cat-dana1608804734","8":"product_tag-dana","9":"product_tag-mini-perfume","10":"product_tag-miniature-perfume-bottle","11":"product_tag-parfumminiatur","12":"product_tag-tabu","14":"first","15":"instock","16":"taxable","17":"shipping-taxable","18":"purchasable","19":"product-type-simple"},"_links":{"self":[{"href":"https:\/\/parfumminis.com\/en\/wp-json\/wp\/v2\/product\/13740","targetHints":{"allow":["GET"]}}],"collection":[{"href":"https:\/\/parfumminis.com\/en\/wp-json\/wp\/v2\/product"}],"about":[{"href":"https:\/\/parfumminis.com\/en\/wp-json\/wp\/v2\/types\/product"}],"replies":[{"embeddable":true,"href":"https:\/\/parfumminis.com\/en\/wp-json\/wp\/v2\/comments?post=13740"}],"wp:featuredmedia":[{"embeddable":true,"href":"https:\/\/parfumminis.com\/en\/wp-json\/wp\/v2\/media\/13741"}],"wp:attachment":[{"href":"https:\/\/parfumminis.com\/en\/wp-json\/wp\/v2\/media?parent=13740"}],"wp:term":[{"taxonomy":"product_brand","embeddable":true,"href":"https:\/\/parfumminis.com\/en\/wp-json\/wp\/v2\/product_brand?post=13740"},{"taxonomy":"product_cat","embeddable":true,"href":"https:\/\/parfumminis.com\/en\/wp-json\/wp\/v2\/product_cat?post=13740"},{"taxonomy":"product_tag","embeddable":true,"href":"https:\/\/parfumminis.com\/en\/wp-json\/wp\/v2\/product_tag?post=13740"}],"curies":[{"name":"wp","href":"https:\/\/api.w.org\/{rel}","templated":true}]}}